{"id":994,"date":"2021-01-11T08:05:28","date_gmt":"2021-01-11T08:05:28","guid":{"rendered":"https:\/\/einschamanenweg.de\/?page_id=994"},"modified":"2024-11-25T20:04:19","modified_gmt":"2024-11-25T20:04:19","slug":"leserstimmen","status":"publish","type":"page","link":"https:\/\/einschamanenweg.de\/?page_id=994","title":{"rendered":"Leserstimmen"},"content":{"rendered":"<p><em>Das Buch\u00a0 <a href=\"https:\/\/einschamanenweg.de\/?page_id=563(\u00f6ffnet in neuem Tab)\"><img loading=\"lazy\" decoding=\"async\" class=\"alignnone size-full wp-image-585\" src=\"http:\/\/einschamanenweg.de\/wp-content\/uploads\/2020\/06\/grafik.png\" alt=\"\" width=\"29\" height=\"42\" \/><\/a> \u00a0\u00a0\u00a0\u00a0\u00a0\u00a0\u00a0 Leseprobe \u00a0 <a href=\"https:\/\/einschamanenweg.de\/?page_id=751\"><img loading=\"lazy\" decoding=\"async\" class=\"alignnone size-full wp-image-585\" src=\"http:\/\/einschamanenweg.de\/wp-content\/uploads\/2020\/06\/grafik.png\" alt=\"\" width=\"29\" height=\"42\" \/><\/a> \u00a0\u00a0\u00a0\u00a0\u00a0\u00a0 Gedanken \u00a0 <a href=\"https:\/\/einschamanenweg.de\/?page_id=667\"><img loading=\"lazy\" decoding=\"async\" class=\"alignnone size-full wp-image-585\" src=\"http:\/\/einschamanenweg.de\/wp-content\/uploads\/2020\/06\/grafik.png\" alt=\"\" width=\"29\" height=\"42\" \/><\/a> \u00a0\u00a0\u00a0\u00a0\u00a0\u00a0\u00a0 Alexandra \u00a0 <a href=\"https:\/\/einschamanenweg.de\/?page_id=588\"><img loading=\"lazy\" decoding=\"async\" class=\"alignnone wp-image-585 size-full\" src=\"https:\/\/einschamanenweg.de\/wp-content\/uploads\/2020\/06\/grafik.png\" alt=\"\" width=\"29\" height=\"42\" \/><\/a> \u00a0\u00a0\u00a0\u00a0\u00a0\u00a0 Bezug\u00a0 <a href=\"https:\/\/einschamanenweg.de\/?page_id=1241\"><img loading=\"lazy\" decoding=\"async\" class=\"alignnone wp-image-585 size-full\" src=\"https:\/\/einschamanenweg.de\/wp-content\/uploads\/2020\/06\/grafik.png\" alt=\"\" width=\"29\" height=\"42\" \/><\/a> \u00a0\u00a0\u00a0\u00a0\u00a0\u00a0 Gedichte\u00a0 <a href=\"https:\/\/einschamanenweg.de\/?page_id=584\"><img loading=\"lazy\" decoding=\"async\" class=\"alignnone size-full wp-image-585\" src=\"http:\/\/einschamanenweg.de\/wp-content\/uploads\/2020\/06\/grafik.png\" alt=\"\" width=\"29\" height=\"42\" \/><\/a><\/em><\/p>\n\n\n<figure class=\"wp-block-gallery has-nested-images columns-default is-cropped wp-block-gallery-1 is-layout-flex wp-block-gallery-is-layout-flex\">\n<figure class=\"wp-block-image size-large\"><img loading=\"lazy\" decoding=\"async\" width=\"1024\" height=\"185\" data-id=\"913\" src=\"https:\/\/einschamanenweg.de\/wp-content\/uploads\/2020\/07\/balken-1024x185.jpg\" alt=\"\" class=\"wp-image-913\" srcset=\"https:\/\/einschamanenweg.de\/wp-content\/uploads\/2020\/07\/balken-1024x185.jpg 1024w, https:\/\/einschamanenweg.de\/wp-content\/uploads\/2020\/07\/balken-300x54.jpg 300w, https:\/\/einschamanenweg.de\/wp-content\/uploads\/2020\/07\/balken-768x139.jpg 768w, https:\/\/einschamanenweg.de\/wp-content\/uploads\/2020\/07\/balken-1536x278.jpg 1536w, https:\/\/einschamanenweg.de\/wp-content\/uploads\/2020\/07\/balken-624x113.jpg 624w, https:\/\/einschamanenweg.de\/wp-content\/uploads\/2020\/07\/balken.jpg 1738w\" sizes=\"auto, (max-width: 1024px) 100vw, 1024px\" \/><figcaption class=\"wp-element-caption\"> <\/figcaption><\/figure>\n<\/figure>\n\n\n<\/p>\n<h1 style=\"text-align: center;\">Leserzuschriften<\/h1>\n<p><strong><em>&#8222;&#8230; ganz herzlichen DANK f\u00fcr das Zusenden des wunderbaren und wundervollen Buches Ihrer verstorbenen Tochter ALEXANDRA. Von Herzen w\u00fcnsche ich Ihnen, dass Ihre Geschichte ein tieferes Verst\u00e4ndnis f\u00fcr die Situation von Familien mit Kindern mit besonderem Bedarf wird und dass das Buch bekannt wird. Es wird viele Leser (und H\u00f6rer) ber\u00fchren, wie es mich ber\u00fchrt hat.\u201c<\/em><\/strong><\/p>\n<h6>Esther Weber, Olympiasiegerin und Weltmeisterin (Rollstuhlfechten), Tr\u00e4gerin des Silbernen Lorbeerblatts, Leiterin der Gesch\u00e4ftsstelle Beauftragter f\u00fcr Menschen mit Behinderung im Landkreis Emmendingen<\/h6>\n<\/p>\n<p><strong>&nbsp;<em>\u201e\u2026 ein ber\u00fchrendes und ermutigendes Buch, das viele LeserInnen verdient. Gerne k\u00f6nnen Sie es mit meiner Empfehlung pr\u00e4sentieren.\u201c<\/em><\/strong><\/p>\n<h6>Ehemaliger Herder-Verlagsleiter Hermann Scharnagl<\/h6>\n<\/p>\n<p><strong><em>&#8222;Vielen, vielen Dank f\u00fcr das wundervolle Buch, \u00fcber Alexandra! &#8230; so viel Liebe, so viel Verst\u00e4ndnis und Achtung, es hat mich sehr ber\u00fchrt! Ich empfinde es als einen tiefen Einblick in Alexandras Welt, Gef\u00fchle und Gedanken, was mir so oft beim Lesen eine Wohltat war und mich auch zum Schmunzeln und zustimmenden Nicken verleitet hat &#8230; <\/em><\/strong><\/p>\n<p><strong><em>Eine so sensible Geschichte, so gro\u00dfe, gro\u00dfe Gef\u00fchle und so viel Verletzbarkeit und Sie lassen mich (und andere LeserInnen) daran teilnehmen &#8230; das ist ein wundervolles Geschenk!<\/em><\/strong><\/p>\n<p><strong><em>Immer wieder kamen mir Tr\u00e4nen, oder eine G\u00e4nsehaut und ich konnte so vieles so sehr mitf\u00fchlen&#8230;<\/em><\/strong><\/p>\n<p><strong><em>Ein bisschen ist es, als begleiten mich jetzt neue Blickwinkel auf mein und unser Sein auf der Erde und neue Ideen, vielleicht die Sicht zu ver\u00e4ndern, klingen an&#8230;<\/em><\/strong><\/p>\n<p><strong><em>Sie haben mit diesem Buch etwas sehr feines, w\u00fcrdevolles und empfindsames geschaffen und ich bin von ganzem Herzen dankbar f\u00fcr dieses Geschenk!&#8220;<\/em><\/strong><\/p>\n<h6>Dorle Herr, Kirchzarten<\/h6>\n<\/p>\n<p><strong>&#8222;\u2026 <\/strong><em><strong>es vermittelt so eine positive und sch\u00f6ne Seite von Alexandras Leben, die mich tief ber\u00fchrt. Es ist wunderbar, dass sie all ihr k\u00f6rperliches Leiden so in den Hintergrund stellen und ihr eine wichtige Aufgabe bei uns im irdischen Leben zukommen lassen.&#8220;<\/strong> <\/em><\/p>\n<h6>Christina S., Freiburg<\/h6>\n<\/p>\n<p><em><strong>&#8222;Nachdem Ihr Buch \u00fcber Alexandras Leben bei mir angekommen war, habe ich noch am selben Abend begonnen zu lesen. Es hat mich sehr ber\u00fchrt \u2026 &#8222;<\/strong><br \/><\/em><\/p>\n<h6>Angelika Sonntag , Frankfurt<\/h6>\n<\/p>\n<p><strong><em>&#8222;\u2026 danke f\u00fcr das Buch \u2026 Es ist so spannend zu lesen, ich konnte es fast nicht weglegen, was bei mir so gut wie nie vorkommt.&#8220;<\/em><\/strong><\/p>\n<h6>Helge Schaal, T\u00fcbingen<\/h6>\n<\/p>\n<p><strong><em>&#8222;Das Buch ist sehr fesselnd \u2026 Es ber\u00fchrt auch sehr, diesen intimen Einblick in den Umgang mit einer Behinderung zu bekommen. Daf\u00fcr zolle ich gro\u00dfe Anerkennung und bekomme tiefes Mitgef\u00fchl.&#8220;<\/em><\/strong><\/p>\n<h6>Laurer Maier, Gutach<\/h6>\n<\/p>\n<p><strong><em>&#8222;Selten hat mich ein Buch so ergriffen. Ich konnte das Buch nicht zur Seite legen und meine Gedanken kehren immer wieder zu vielen unterschiedlichen Momenten zur\u00fcck \u2026&#8220;<\/em><\/strong><\/p>\n<h6>Katharina Handtke, Eching am Ammersee<\/h6>\n<p style=\"text-align: center;\">Leserstimmen auf <a href=\"https:\/\/www.amazon.de\/Alexandra-Geschichte-eines-ungew%C3%B6hnlichen-Lebens\/dp\/3347068637\">Amazon<\/a><\/p>\n<p><img loading=\"lazy\" decoding=\"async\" class=\"wp-image-995 size-full aligncenter\" src=\"https:\/\/einschamanenweg.de\/wp-content\/uploads\/2021\/01\/amazon1.jpg\" alt=\"\" width=\"913\" height=\"243\" srcset=\"https:\/\/einschamanenweg.de\/wp-content\/uploads\/2021\/01\/amazon1.jpg 913w, https:\/\/einschamanenweg.de\/wp-content\/uploads\/2021\/01\/amazon1-300x80.jpg 300w, https:\/\/einschamanenweg.de\/wp-content\/uploads\/2021\/01\/amazon1-768x204.jpg 768w, https:\/\/einschamanenweg.de\/wp-content\/uploads\/2021\/01\/amazon1-624x166.jpg 624w\" sizes=\"auto, (max-width: 913px) 100vw, 913px\" \/> <img loading=\"lazy\" decoding=\"async\" class=\"wp-image-996 size-full aligncenter\" src=\"https:\/\/einschamanenweg.de\/wp-content\/uploads\/2021\/01\/amazon2.jpg\" alt=\"\" width=\"1050\" height=\"400\" srcset=\"https:\/\/einschamanenweg.de\/wp-content\/uploads\/2021\/01\/amazon2.jpg 1050w, https:\/\/einschamanenweg.de\/wp-content\/uploads\/2021\/01\/amazon2-300x114.jpg 300w, https:\/\/einschamanenweg.de\/wp-content\/uploads\/2021\/01\/amazon2-1024x390.jpg 1024w, https:\/\/einschamanenweg.de\/wp-content\/uploads\/2021\/01\/amazon2-768x293.jpg 768w, https:\/\/einschamanenweg.de\/wp-content\/uploads\/2021\/01\/amazon2-624x238.jpg 624w\" sizes=\"auto, (max-width: 1050px) 100vw, 1050px\" \/> <img loading=\"lazy\" decoding=\"async\" class=\"wp-image-997 size-full aligncenter\" src=\"https:\/\/einschamanenweg.de\/wp-content\/uploads\/2021\/01\/amazon3.jpg\" alt=\"\" width=\"1051\" height=\"447\" srcset=\"https:\/\/einschamanenweg.de\/wp-content\/uploads\/2021\/01\/amazon3.jpg 1051w, https:\/\/einschamanenweg.de\/wp-content\/uploads\/2021\/01\/amazon3-300x128.jpg 300w, https:\/\/einschamanenweg.de\/wp-content\/uploads\/2021\/01\/amazon3-1024x436.jpg 1024w, https:\/\/einschamanenweg.de\/wp-content\/uploads\/2021\/01\/amazon3-768x327.jpg 768w, https:\/\/einschamanenweg.de\/wp-content\/uploads\/2021\/01\/amazon3-624x265.jpg 624w\" sizes=\"auto, (max-width: 1051px) 100vw, 1051px\" \/> <img loading=\"lazy\" decoding=\"async\" class=\"wp-image-1006 size-full aligncenter\" src=\"https:\/\/einschamanenweg.de\/wp-content\/uploads\/2021\/01\/amazon4.jpg\" alt=\"\" width=\"723\" height=\"507\" srcset=\"https:\/\/einschamanenweg.de\/wp-content\/uploads\/2021\/01\/amazon4.jpg 723w, https:\/\/einschamanenweg.de\/wp-content\/uploads\/2021\/01\/amazon4-300x210.jpg 300w, https:\/\/einschamanenweg.de\/wp-content\/uploads\/2021\/01\/amazon4-624x438.jpg 624w\" sizes=\"auto, (max-width: 723px) 100vw, 723px\" \/> <img loading=\"lazy\" decoding=\"async\" class=\"wp-image-1007 size-full aligncenter\" src=\"https:\/\/einschamanenweg.de\/wp-content\/uploads\/2021\/01\/amazon5.jpg\" alt=\"\" width=\"818\" height=\"273\" srcset=\"https:\/\/einschamanenweg.de\/wp-content\/uploads\/2021\/01\/amazon5.jpg 818w, https:\/\/einschamanenweg.de\/wp-content\/uploads\/2021\/01\/amazon5-300x100.jpg 300w, https:\/\/einschamanenweg.de\/wp-content\/uploads\/2021\/01\/amazon5-768x256.jpg 768w, https:\/\/einschamanenweg.de\/wp-content\/uploads\/2021\/01\/amazon5-624x208.jpg 624w\" sizes=\"auto, (max-width: 818px) 100vw, 818px\" \/> <img loading=\"lazy\" decoding=\"async\" class=\"wp-image-1008 size-full aligncenter\" src=\"https:\/\/einschamanenweg.de\/wp-content\/uploads\/2021\/01\/amazon6.jpg\" alt=\"\" width=\"796\" height=\"565\" srcset=\"https:\/\/einschamanenweg.de\/wp-content\/uploads\/2021\/01\/amazon6.jpg 796w, https:\/\/einschamanenweg.de\/wp-content\/uploads\/2021\/01\/amazon6-300x213.jpg 300w, https:\/\/einschamanenweg.de\/wp-content\/uploads\/2021\/01\/amazon6-768x545.jpg 768w, https:\/\/einschamanenweg.de\/wp-content\/uploads\/2021\/01\/amazon6-624x443.jpg 624w\" sizes=\"auto, (max-width: 796px) 100vw, 796px\" \/><\/p>\n<\/p>\n<p style=\"text-align: center;\">Leserstimmen auf <a href=\"https:\/\/books.google.de\/books\/about\/Alexandra_die_Geschichte_eines_ungew%C3%B6hn.html?id=7UjzDwAAQBAJ&amp;source=kp_book_description&amp;redir_esc=y\">Google Books<\/a><\/p>\n<p><img loading=\"lazy\" decoding=\"async\" class=\"alignleft wp-image-1011 size-full\" src=\"https:\/\/einschamanenweg.de\/wp-content\/uploads\/2021\/01\/Google1.jpg\" alt=\"\" width=\"1036\" height=\"436\" srcset=\"https:\/\/einschamanenweg.de\/wp-content\/uploads\/2021\/01\/Google1.jpg 1036w, https:\/\/einschamanenweg.de\/wp-content\/uploads\/2021\/01\/Google1-300x126.jpg 300w, https:\/\/einschamanenweg.de\/wp-content\/uploads\/2021\/01\/Google1-1024x431.jpg 1024w, https:\/\/einschamanenweg.de\/wp-content\/uploads\/2021\/01\/Google1-768x323.jpg 768w, https:\/\/einschamanenweg.de\/wp-content\/uploads\/2021\/01\/Google1-624x263.jpg 624w\" sizes=\"auto, (max-width: 1036px) 100vw, 1036px\" \/> <img loading=\"lazy\" decoding=\"async\" class=\"alignleft wp-image-1012 size-full\" src=\"https:\/\/einschamanenweg.de\/wp-content\/uploads\/2021\/01\/Google2.jpg\" alt=\"\" width=\"997\" height=\"273\" srcset=\"https:\/\/einschamanenweg.de\/wp-content\/uploads\/2021\/01\/Google2.jpg 997w, https:\/\/einschamanenweg.de\/wp-content\/uploads\/2021\/01\/Google2-300x82.jpg 300w, https:\/\/einschamanenweg.de\/wp-content\/uploads\/2021\/01\/Google2-768x210.jpg 768w, https:\/\/einschamanenweg.de\/wp-content\/uploads\/2021\/01\/Google2-624x171.jpg 624w\" sizes=\"auto, (max-width: 997px) 100vw, 997px\" \/> <img loading=\"lazy\" decoding=\"async\" class=\"alignleft wp-image-1013 size-full\" src=\"https:\/\/einschamanenweg.de\/wp-content\/uploads\/2021\/01\/Google3.jpg\" alt=\"\" width=\"1094\" height=\"273\" srcset=\"https:\/\/einschamanenweg.de\/wp-content\/uploads\/2021\/01\/Google3.jpg 1094w, https:\/\/einschamanenweg.de\/wp-content\/uploads\/2021\/01\/Google3-300x75.jpg 300w, https:\/\/einschamanenweg.de\/wp-content\/uploads\/2021\/01\/Google3-1024x256.jpg 1024w, https:\/\/einschamanenweg.de\/wp-content\/uploads\/2021\/01\/Google3-768x192.jpg 768w, https:\/\/einschamanenweg.de\/wp-content\/uploads\/2021\/01\/Google3-624x156.jpg 624w\" sizes=\"auto, (max-width: 1094px) 100vw, 1094px\" \/><\/p>\n\n\n<figure class=\"wp-block-gallery has-nested-images columns-default is-cropped wp-block-gallery-2 is-layout-flex wp-block-gallery-is-layout-flex\"><\/figure>\n","protected":false},"excerpt":{"rendered":"<p>Das Buch\u00a0 \u00a0\u00a0\u00a0\u00a0\u00a0\u00a0\u00a0 Leseprobe \u00a0 \u00a0\u00a0\u00a0\u00a0\u00a0\u00a0 Gedanken \u00a0 \u00a0\u00a0\u00a0\u00a0\u00a0\u00a0\u00a0 Alexandra \u00a0 \u00a0\u00a0\u00a0\u00a0\u00a0\u00a0 Bezug\u00a0 \u00a0\u00a0\u00a0\u00a0\u00a0\u00a0 Gedichte\u00a0 Leserzuschriften &#8222;&#8230; ganz herzlichen DANK f\u00fcr das Zusenden des wunderbaren und wundervollen Buches Ihrer verstorbenen Tochter ALEXANDRA. Von Herzen w\u00fcnsche ich Ihnen, dass Ihre Geschichte ein tieferes Verst\u00e4ndnis f\u00fcr die Situation von Familien mit Kindern mit besonderem Bedarf wird und [&hellip;]<\/p>\n","protected":false},"author":1,"featured_media":0,"parent":0,"menu_order":0,"comment_status":"closed","ping_status":"closed","template":"","meta":{"footnotes":""},"class_list":["post-994","page","type-page","status-publish","hentry"],"_links":{"self":[{"href":"https:\/\/einschamanenweg.de\/index.php?rest_route=\/wp\/v2\/pages\/994","targetHints":{"allow":["GET"]}}],"collection":[{"href":"https:\/\/einschamanenweg.de\/index.php?rest_route=\/wp\/v2\/pages"}],"about":[{"href":"https:\/\/einschamanenweg.de\/index.php?rest_route=\/wp\/v2\/types\/page"}],"author":[{"embeddable":true,"href":"https:\/\/einschamanenweg.de\/index.php?rest_route=\/wp\/v2\/users\/1"}],"replies":[{"embeddable":true,"href":"https:\/\/einschamanenweg.de\/index.php?rest_route=%2Fwp%2Fv2%2Fcomments&post=994"}],"version-history":[{"count":13,"href":"https:\/\/einschamanenweg.de\/index.php?rest_route=\/wp\/v2\/pages\/994\/revisions"}],"predecessor-version":[{"id":1262,"href":"https:\/\/einschamanenweg.de\/index.php?rest_route=\/wp\/v2\/pages\/994\/revisions\/1262"}],"wp:attachment":[{"href":"https:\/\/einschamanenweg.de\/index.php?rest_route=%2Fwp%2Fv2%2Fmedia&parent=994"}],"curies":[{"name":"wp","href":"https:\/\/api.w.org\/{rel}","templated":true}]}}