{"id":779,"date":"2020-07-11T08:14:06","date_gmt":"2020-07-11T08:14:06","guid":{"rendered":"http:\/\/einschamanenweg.de\/?page_id=779"},"modified":"2024-12-03T20:19:36","modified_gmt":"2024-12-03T20:19:36","slug":"erinnerungen","status":"publish","type":"page","link":"https:\/\/einschamanenweg.de\/?page_id=779","title":{"rendered":"Erinnerungen"},"content":{"rendered":"<p><em><img loading=\"lazy\" decoding=\"async\" class=\"alignright size-full wp-image-780\" src=\"http:\/\/einschamanenweg.de\/wp-content\/uploads\/2020\/07\/Geislergruppe-Bild.jpg\" alt=\"\" width=\"563\" height=\"422\" srcset=\"https:\/\/einschamanenweg.de\/wp-content\/uploads\/2020\/07\/Geislergruppe-Bild.jpg 563w, https:\/\/einschamanenweg.de\/wp-content\/uploads\/2020\/07\/Geislergruppe-Bild-300x225.jpg 300w\" sizes=\"auto, (max-width: 563px) 100vw, 563px\" \/>In den Romanen werden immer wieder kleine Lebensgeschichten aus fr\u00fcheren Zeiten, die an fremden Orten spielen, erz\u00e4hlt. Sie nehmen das auf, von dem im Roman gerade berichtet wird, und betrachten das Thema aus einem anderen Blickwinkel. So gewinnen wesentliche Aspekte an Anschaulichkeit. Denn gerade weil Zeit und Ort sich ver\u00e4ndert haben, k\u00f6nnen Ideen, Motive oder Verstrickungen, die einem F\u00fchlen, Denken oder Handeln zugrunde liegen, erkennbar werden. Es zeigt sich, dass heutiges Tun stets einer Vergangenheit entw\u00e4chst.<\/em><\/p>\n<p><em>Diese kurzen Erz\u00e4hlungen ergeben sich im Handlungsablauf aus Erinnerungen einzelner Personen. Diese schauen auf ein Geschehen, das ihrem inneren geistigen Erleben entspringt. Sie verweisen darauf, wie sehr jeder Mensch mit allem, was sich auf der Welt zugetragen hat, verbunden ist. Alles Gelebte kann Grundlage heutiger Erfahrungen sein.<\/em><\/p>\n<p><em>Bei der Betrachtung solcher Lebensaugenblicke mag sich die Frage nach einer vielfache irdische Existenzen \u00fcbergreifenden Identit\u00e4t eines Menschen stellen. Setzt sich heute fort, was ein Menschen \u2013 sein h\u00f6herer geistiger Wesenskern \u2013 in fr\u00fcheren Zeiten begonnen hat?<\/em><\/p>\n<p><em>Auf solch eine Frage k\u00f6nnen die Geschichten keine Antwort geben. Es bleibt der Leserin und dem Leser \u00fcberlassen, eine eigene Vorstellung hierzu zu entwickeln. Denn der Roman wei\u00df nicht, woher die Erinnerungen stammen.<\/em><\/p>\n<p><em>Trotzdem, es mag eine gro\u00dfe Herausforderung und ein fordernder Entwicklungsschritt f\u00fcr jeden Menschen sein, sich einer unsterbliche Identit\u00e4t bewusst zu werden.<\/em><\/p>\n<p><strong><em>\u00bbDas Gesetz des Karma sagt, dass ein jeder, der einem anderen Leid zuf\u00fcgt, daran gebunden ist, dann mitzuwirken, dieses zu \u00fcberwinden. Denn im Geistigen bleibt er stets mit dem durch ihn Verletzten in Kontakt. Er muss hierf\u00fcr das Leid, welches er in die Welt gebracht hat, m\u00fchevoll erl\u00f6sen, indem es ihm selbst in \u00e4hnlicher Weise widerf\u00e4hrt. Solcherart hilft er dem durch ihn verwundeten Mitmenschen auf seinem Weg, einen Ausgleich f\u00fcr Erlittenes zu erfahren. Und er dient sich selbst, indem er sich entwickelt.\u00ab<\/em><\/strong><br \/><em>Aus: Die gro\u00dfe Reise<\/em><\/p>\n<p>&nbsp;<\/p>\n<p><a href=\"https:\/\/einschamanenweg.de\/?page_id=1279\">Zur\u00fcck<\/a><\/p>\n\n\n<p><\/p>\n","protected":false},"excerpt":{"rendered":"<p>In den Romanen werden immer wieder kleine Lebensgeschichten aus fr\u00fcheren Zeiten, die an fremden Orten spielen, erz\u00e4hlt. Sie nehmen das auf, von dem im Roman gerade berichtet wird, und betrachten das Thema aus einem anderen Blickwinkel. So gewinnen wesentliche Aspekte an Anschaulichkeit. Denn gerade weil Zeit und Ort sich ver\u00e4ndert haben, k\u00f6nnen Ideen, Motive oder [&hellip;]<\/p>\n","protected":false},"author":1,"featured_media":0,"parent":0,"menu_order":0,"comment_status":"closed","ping_status":"closed","template":"","meta":{"footnotes":""},"class_list":["post-779","page","type-page","status-publish","hentry"],"_links":{"self":[{"href":"https:\/\/einschamanenweg.de\/index.php?rest_route=\/wp\/v2\/pages\/779","targetHints":{"allow":["GET"]}}],"collection":[{"href":"https:\/\/einschamanenweg.de\/index.php?rest_route=\/wp\/v2\/pages"}],"about":[{"href":"https:\/\/einschamanenweg.de\/index.php?rest_route=\/wp\/v2\/types\/page"}],"author":[{"embeddable":true,"href":"https:\/\/einschamanenweg.de\/index.php?rest_route=\/wp\/v2\/users\/1"}],"replies":[{"embeddable":true,"href":"https:\/\/einschamanenweg.de\/index.php?rest_route=%2Fwp%2Fv2%2Fcomments&post=779"}],"version-history":[{"count":5,"href":"https:\/\/einschamanenweg.de\/index.php?rest_route=\/wp\/v2\/pages\/779\/revisions"}],"predecessor-version":[{"id":1470,"href":"https:\/\/einschamanenweg.de\/index.php?rest_route=\/wp\/v2\/pages\/779\/revisions\/1470"}],"wp:attachment":[{"href":"https:\/\/einschamanenweg.de\/index.php?rest_route=%2Fwp%2Fv2%2Fmedia&parent=779"}],"curies":[{"name":"wp","href":"https:\/\/api.w.org\/{rel}","templated":true}]}}