{"id":588,"date":"2020-07-07T17:27:07","date_gmt":"2020-07-07T17:27:07","guid":{"rendered":"http:\/\/einschamanenweg.de\/?page_id=588"},"modified":"2024-12-03T17:14:44","modified_gmt":"2024-12-03T17:14:44","slug":"alexandra","status":"publish","type":"page","link":"https:\/\/einschamanenweg.de\/?page_id=588","title":{"rendered":"Alexandra"},"content":{"rendered":"<p><em>Das Buch \u00a0 <a href=\"https:\/\/einschamanenweg.de\/?page_id=563(\u00f6ffnet in neuem Tab)\"><img loading=\"lazy\" decoding=\"async\" class=\"alignnone size-full wp-image-585\" src=\"http:\/\/einschamanenweg.de\/wp-content\/uploads\/2020\/06\/grafik.png\" alt=\"\" width=\"29\" height=\"42\" \/><\/a> \u00a0\u00a0\u00a0\u00a0\u00a0\u00a0\u00a0 Leseprobe\u00a0 <a href=\"https:\/\/einschamanenweg.de\/?page_id=751\"><img loading=\"lazy\" decoding=\"async\" class=\"alignnone size-full wp-image-585\" src=\"http:\/\/einschamanenweg.de\/wp-content\/uploads\/2020\/06\/grafik.png\" alt=\"\" width=\"29\" height=\"42\" \/><\/a> \u00a0\u00a0\u00a0\u00a0\u00a0\u00a0 Gedanken \u00a0 <a href=\"https:\/\/einschamanenweg.de\/?page_id=667\"><img loading=\"lazy\" decoding=\"async\" class=\"alignnone size-full wp-image-585\" src=\"http:\/\/einschamanenweg.de\/wp-content\/uploads\/2020\/06\/grafik.png\" alt=\"\" width=\"29\" height=\"42\" \/><\/a> \u00a0\u00a0\u00a0\u00a0\u00a0\u00a0 Leserstimmen \u00a0 <a href=\"https:\/\/einschamanenweg.de\/?page_id=994\"><img loading=\"lazy\" decoding=\"async\" class=\"alignnone wp-image-585 size-full\" src=\"https:\/\/einschamanenweg.de\/wp-content\/uploads\/2020\/06\/grafik.png\" alt=\"\" width=\"29\" height=\"42\" \/><\/a> \u00a0 \u00a0 \u00a0\u00a0 Gedichte \u00a0 <a href=\"https:\/\/einschamanenweg.de\/?page_id=584\"><img loading=\"lazy\" decoding=\"async\" class=\"alignnone size-full wp-image-585\" src=\"http:\/\/einschamanenweg.de\/wp-content\/uploads\/2020\/06\/grafik.png\" alt=\"\" width=\"29\" height=\"42\" \/><\/a> \u00a0\u00a0\u00a0\u00a0\u00a0\u00a0 Bezug\u00a0 <a href=\"https:\/\/einschamanenweg.de\/?page_id=1241\"><img loading=\"lazy\" decoding=\"async\" class=\"alignnone wp-image-585 size-full\" src=\"https:\/\/einschamanenweg.de\/wp-content\/uploads\/2020\/06\/grafik.png\" alt=\"\" width=\"29\" height=\"42\" \/><\/a><br \/><\/em><\/p>\n\n\n<figure class=\"wp-block-gallery has-nested-images columns-default is-cropped wp-block-gallery-1 is-layout-flex wp-block-gallery-is-layout-flex\">\n<figure class=\"wp-block-image size-large\"><img loading=\"lazy\" decoding=\"async\" width=\"1024\" height=\"185\" data-id=\"913\" src=\"https:\/\/einschamanenweg.de\/wp-content\/uploads\/2020\/07\/balken-1024x185.jpg\" alt=\"\" class=\"wp-image-913\" srcset=\"https:\/\/einschamanenweg.de\/wp-content\/uploads\/2020\/07\/balken-1024x185.jpg 1024w, https:\/\/einschamanenweg.de\/wp-content\/uploads\/2020\/07\/balken-300x54.jpg 300w, https:\/\/einschamanenweg.de\/wp-content\/uploads\/2020\/07\/balken-768x139.jpg 768w, https:\/\/einschamanenweg.de\/wp-content\/uploads\/2020\/07\/balken-1536x278.jpg 1536w, https:\/\/einschamanenweg.de\/wp-content\/uploads\/2020\/07\/balken-624x113.jpg 624w, https:\/\/einschamanenweg.de\/wp-content\/uploads\/2020\/07\/balken.jpg 1738w\" sizes=\"auto, (max-width: 1024px) 100vw, 1024px\" \/><figcaption class=\"wp-element-caption\"><span style=\"color:#105b59\" class=\"has-inline-color\">alexandra<\/span><\/figcaption><\/figure>\n<\/figure>\n\n\n\n<h2 class=\"wp-block-heading\">Alexandra<\/h2>\n\n\n\n<div class=\"wp-block-media-text alignwide is-stacked-on-mobile\" style=\"grid-template-columns:24% auto\"><figure class=\"wp-block-media-text__media\"><img loading=\"lazy\" decoding=\"async\" width=\"210\" height=\"345\" src=\"http:\/\/einschamanenweg.de\/wp-content\/uploads\/2020\/07\/Guadalupe-1.jpg\" alt=\"\" class=\"wp-image-645 size-full\" srcset=\"https:\/\/einschamanenweg.de\/wp-content\/uploads\/2020\/07\/Guadalupe-1.jpg 210w, https:\/\/einschamanenweg.de\/wp-content\/uploads\/2020\/07\/Guadalupe-1-183x300.jpg 183w\" sizes=\"auto, (max-width: 210px) 100vw, 210px\" \/><\/figure><div class=\"wp-block-media-text__content\">\n<p><em>Alexandra besitzt mexikanische und deutsche Vorfahren. Sie wurde an einem der h\u00f6chsten religi\u00f6sen Feiertage Mexikos geboren, den die Menschen dort mit unendlicher Leidenschaft und tiefer Gl\u00e4ubigkeit begehen, der Erscheinung der heiligen Jungfrau Maria von Guadalupe. Die Jungfrau von Guadalupe ist die Patronin Mexikos, von Nord- und S\u00fcdamerika und den Philippinen, der indigenen V\u00f6lker sowie der Ungeborenen<\/em>. <em>Sie verbindet Kulturen, V\u00f6lker, Menschen.<\/em> <em>Das Bild der Jungfrau in ihrem t\u00fcrkisfarbenen Umhang, von dessen wundersamer Herkunft die Legenden berichten, half, die Menschen des alten Mexiko in ihrem Glauben zu vers\u00f6hnen. Denn auch das g\u00f6ttliche Paar Ometecuhtli und Omecihuatl der aztekischen G\u00f6tterwelt trug solch einen Poncho in T\u00fcrkis. Ein Herrscher der Dualit\u00e4t, weiblich wie m\u00e4nnlich, dem Polarstern zugeh\u00f6rig, ein allumfassender Gott wurde verehrt.<\/em> <em>So ist auch der Umschlag (Umhang) dieses Buches in T\u00fcrkis gehalten.<\/em><br><em>Am 12.12. jeden Jahres findet das Fest zu Ehren der Jungfrau statt. Es die 12, diese magische Zahl, die stets einen Kreis vollendet, die Alexandras Geburtstag beschreibt. Die 12, die nicht allein die 1 und die 2, sondern ebenso als Vielfaches die 3 und 4 beinhaltet. 12 Monate, J\u00fcnger, Tierkreise, olympische G\u00f6tter &#8230;<\/em> <br><em>Zweimal steht die 12 im Geburtsdatum und zweimal auch die 8.<\/em> <em>Die liegende 8 ist das Symbol der Unendlichkeit. Die 8 verk\u00fcndet von Ausgleich, Harmonie und ebenso von Umkehr<\/em>. <em>Denn sie geht \u00fcber die 7, \u00fcber das Weltliche, hinaus. Am 7. Tag ist die Sch\u00f6pfung der Welt vollbracht<\/em>. <\/p>\n<\/div><\/div>\n\n\n\n<p><em>Im Zeichen des gro\u00dfen Lehrers und Heilers, des Zentaurs Cheiron, von dem die griechische Mythologie berichtet, steht die Geburt in Alexandras Horoskop. Die Menschen kennen den Zentaur sowohl als ein seit alters her nach ihm benanntes Sternbild am s\u00fcdlichen Himmel als auch als einen Asteroiden unter seinem lateinischen Namen Chiron. Auf einer elliptischen Bahn umkreist dieser unsere Sonne.<\/em> <\/p>\n\n\n\n<p>I<em>m Augenblick von Alexandras Geburt steht Chiron (griechisch Cheiron) an hervorgehobener Stelle ihres Horoskops. Er regiert am Punkt der Himmelsmitte das Geburtsbild ihres Sternenhimmels. Dieser Punkt gibt Auskunft, wie der Mensch sich im Leben zeigt. Cheiron tritt als Tr\u00e4ger einer Zweigestalt in das menschliche Bewusstsein. Als Asteroid und gleichfalls als periodischer Komet wird er angesehen; er verk\u00f6rpert in seiner Erscheinung ein tierisches und ein menschliches Wesen; er muss an seiner Wunde ohne Aussicht auf Genesung leiden, auch wenn er andere zu heilen vermag; er ist unsterblich und sucht doch die Sterblichkeit als Erl\u00f6sung. Cheirons Thema ist die Erfahrung des Zwiespalts zwischen k\u00f6rperlicher Unvollkommenheit und geistiger Gr\u00f6\u00dfe, zwischen Opfer und Erl\u00f6sung. Er ist ein Mittler zwischen der materiellen und der geistigen Wirklichkeit. Ihm ist die schamanische Aufgabe eigen, mit den verschiedenen Welten des Menschseins vertraut zu sein.<\/em><\/p>\n\n\n<p><em data-rich-text-format-boundary=\"true\">Als Alexandra geboren wurde, wollte sich die Plazenta nicht l\u00f6sen. Dieses Organ hat die Aufgabe, das noch Ungeborene zu besch\u00fctzen und zu versorgen. Es schien, als wollte die Plazenta diese Verpflichtung fortf\u00fchren, auch wenn sie diese nun nicht mehr erf\u00fcllen konnte.<br \/>Sp\u00e4ter berichtete der Gyn\u00e4kologe, welch ungew\u00f6hnliches Aussehen die Plazenta gehabt habe. Noch nie in seiner langj\u00e4hrigen Praxis hatte er solch eine Nachgeburt gesehen. Sie war vollkommen gesund und doch von ganz anderer Gestalt. Er musste ein Foto anfertigen, um zu dokumentieren, was ihm hier zum ersten Mal begegnete.<\/em><\/p>\n\n\n<div class=\"wp-block-media-text alignwide is-stacked-on-mobile\" style=\"grid-template-columns:32% auto\"><figure class=\"wp-block-media-text__media\"><img loading=\"lazy\" decoding=\"async\" width=\"947\" height=\"1024\" src=\"http:\/\/einschamanenweg.de\/wp-content\/uploads\/2020\/06\/Sandy22-947x1024.jpg\" alt=\"\" class=\"wp-image-591 size-full\" srcset=\"https:\/\/einschamanenweg.de\/wp-content\/uploads\/2020\/06\/Sandy22-947x1024.jpg 947w, https:\/\/einschamanenweg.de\/wp-content\/uploads\/2020\/06\/Sandy22-277x300.jpg 277w, https:\/\/einschamanenweg.de\/wp-content\/uploads\/2020\/06\/Sandy22-768x831.jpg 768w, https:\/\/einschamanenweg.de\/wp-content\/uploads\/2020\/06\/Sandy22.jpg 1201w\" sizes=\"auto, (max-width: 947px) 100vw, 947px\" \/><\/figure><div class=\"wp-block-media-text__content\">\n<p><em>Alexandras Leben verweist auf die Einzigartigkeit jedes Menschenlebens. Das sollen wir anerkennen. Das Ungew\u00f6hnliche ihrer Existenz zeigt auch das Besondere allen Menschseins.<\/em><br><em>28 Jahre alt ist Alexandra geworden. Sie war in ihrem Leben vollst\u00e4ndig von der Hilfe, der F\u00fcrsorge, dem Mitgef\u00fchl und der Liebe ihrer Mitmenschen abh\u00e4ngig. Hierdurch hat sie von den Menschen verlangt, ihr Bestes zu geben.<\/em><br><em>Alexandra musste vieles erdulden, erleiden mit Schmerzen erfahren. Denn bereits eine kleine Unaufmerksamkeit, ein eigenes Verlangen nach Macht oder Anerkennung sowie Streben nach Geltung, wodurch ihre Bed\u00fcrfnisse in den Hintergrund r\u00fcckten, oder fehlendes Einf\u00fchlungsverm\u00f6gen konnten ihre Gesundheit gef\u00e4hrden.<\/em><br><em>Alexandra hat die Menschen gelehrt, auf das Wesentliche zu schauen. Sie war tief entschlossen, ihren Weg zu gehen und daf\u00fcr zu ertragen, was kaum zu tragen war. Ihr K\u00f6rper wurde immer schw\u00e4cher, doch ihr Wille, ihr Ausdruck und ihre Beteiligung sind stets pr\u00e4sent und voller Lebendi<\/em>g<em>keit geblieben.<\/em><br><em>Alexandra hat den Menschen nie ihre Fehler nachgetragen, nie mit Groll auf ihr Leben oder die anderen geschaut. Sie hat nie einen Anderen angeschuldigt, nie auf Schuld verwiesen, nie angeklagt, abgelehnt oder verdammt.<\/em> <em>Als sie gestorben ist, blieb nichts offen, da sie nie einen Menschen missachtet, verletzt, erniedrigt oder bedroht hat.<\/em><br><\/p>\n<\/div><\/div>\n\n\n\n<p><em><strong><strong>\u00bb<\/strong>Nun werden die Tage k\u00fcrzer, und je mehr wir dies erkennen, umso bewusster schauen wir auf das verhei\u00dfende Licht des Sonnenaufgangs und die warmen Farben der Abendd\u00e4mmerung. An welcher Stelle unseres Marsches stehen wir jetzt? Immer \u00f6fter stellt sich uns diese Frage. Was liegt dort, wohin es weitergeht? Was haben wir alles erfahren?\u00ab<br><\/strong>Aus: Alexandra &#8211; die Geschichte eines ungew\u00f6hnlichen Lebens<\/em><\/p>\n\n\n\n<p><\/p>\n","protected":false},"excerpt":{"rendered":"<p>Das Buch \u00a0 \u00a0\u00a0\u00a0\u00a0\u00a0\u00a0\u00a0 Leseprobe\u00a0 \u00a0\u00a0\u00a0\u00a0\u00a0\u00a0 Gedanken \u00a0 \u00a0\u00a0\u00a0\u00a0\u00a0\u00a0 Leserstimmen \u00a0 \u00a0 \u00a0 \u00a0\u00a0 Gedichte \u00a0 \u00a0\u00a0\u00a0\u00a0\u00a0\u00a0 Bezug\u00a0 Alexandra Alexandra besitzt mexikanische und deutsche Vorfahren. Sie wurde an einem der h\u00f6chsten religi\u00f6sen Feiertage Mexikos geboren, den die Menschen dort mit unendlicher Leidenschaft und tiefer Gl\u00e4ubigkeit begehen, der Erscheinung der heiligen Jungfrau Maria von Guadalupe. Die [&hellip;]<\/p>\n","protected":false},"author":1,"featured_media":0,"parent":0,"menu_order":0,"comment_status":"closed","ping_status":"closed","template":"","meta":{"footnotes":""},"class_list":["post-588","page","type-page","status-publish","hentry"],"_links":{"self":[{"href":"https:\/\/einschamanenweg.de\/index.php?rest_route=\/wp\/v2\/pages\/588","targetHints":{"allow":["GET"]}}],"collection":[{"href":"https:\/\/einschamanenweg.de\/index.php?rest_route=\/wp\/v2\/pages"}],"about":[{"href":"https:\/\/einschamanenweg.de\/index.php?rest_route=\/wp\/v2\/types\/page"}],"author":[{"embeddable":true,"href":"https:\/\/einschamanenweg.de\/index.php?rest_route=\/wp\/v2\/users\/1"}],"replies":[{"embeddable":true,"href":"https:\/\/einschamanenweg.de\/index.php?rest_route=%2Fwp%2Fv2%2Fcomments&post=588"}],"version-history":[{"count":54,"href":"https:\/\/einschamanenweg.de\/index.php?rest_route=\/wp\/v2\/pages\/588\/revisions"}],"predecessor-version":[{"id":1528,"href":"https:\/\/einschamanenweg.de\/index.php?rest_route=\/wp\/v2\/pages\/588\/revisions\/1528"}],"wp:attachment":[{"href":"https:\/\/einschamanenweg.de\/index.php?rest_route=%2Fwp%2Fv2%2Fmedia&parent=588"}],"curies":[{"name":"wp","href":"https:\/\/api.w.org\/{rel}","templated":true}]}}