{"id":563,"date":"2020-07-07T08:04:02","date_gmt":"2020-07-07T08:04:02","guid":{"rendered":"http:\/\/einschamanenweg.de\/?page_id=563"},"modified":"2024-11-27T09:59:39","modified_gmt":"2024-11-27T09:59:39","slug":"die-grosse-reise","status":"publish","type":"page","link":"https:\/\/einschamanenweg.de\/?page_id=563","title":{"rendered":"Alexandra &#8211; die Geschichte eines ungew\u00f6hnlichen Lebens"},"content":{"rendered":"<p><em>Alexandra\u00a0\u00a0 <a href=\"https:\/\/einschamanenweg.de\/?page_id=588(\u00f6ffnet in neuem Tab)\"><img loading=\"lazy\" decoding=\"async\" class=\"alignnone size-full wp-image-585\" src=\"https:\/\/einschamanenweg.de\/wp-content\/uploads\/2020\/06\/grafik.png\" alt=\"\" width=\"29\" height=\"42\" \/><\/a> \u00a0\u00a0\u00a0\u00a0\u00a0\u00a0 Gedanken \u00a0 <a href=\"https:\/\/einschamanenweg.de\/?page_id=667\"><img loading=\"lazy\" decoding=\"async\" class=\"alignnone size-full wp-image-585\" src=\"https:\/\/einschamanenweg.de\/wp-content\/uploads\/2020\/06\/grafik.png\" alt=\"\" width=\"29\" height=\"42\" \/><\/a> \u00a0\u00a0\u00a0\u00a0\u00a0\u00a0\u00a0 Gedichte \u00a0 <a href=\"https:\/\/einschamanenweg.de\/?page_id=584\"><img loading=\"lazy\" decoding=\"async\" class=\"alignnone size-full wp-image-585\" src=\"https:\/\/einschamanenweg.de\/wp-content\/uploads\/2020\/06\/grafik.png\" alt=\"\" width=\"29\" height=\"42\" \/><\/a> \u00a0\u00a0\u00a0\u00a0 Leserstimmen \u00a0 <a href=\"https:\/\/einschamanenweg.de\/?page_id=994\"><img loading=\"lazy\" decoding=\"async\" class=\"alignnone wp-image-585 size-full\" src=\"https:\/\/einschamanenweg.de\/wp-content\/uploads\/2020\/06\/grafik.png\" alt=\"\" width=\"29\" height=\"42\" \/><\/a> \u00a0 \u00a0 \u00a0 \u00a0 Bezug\u00a0 <a href=\"https:\/\/einschamanenweg.de\/?page_id=1241\"><img loading=\"lazy\" decoding=\"async\" class=\"alignnone wp-image-585 size-full\" src=\"https:\/\/einschamanenweg.de\/wp-content\/uploads\/2020\/06\/grafik.png\" alt=\"\" width=\"29\" height=\"42\" \/><\/a>\u00a0 \u00a0 \u00a0 \u00a0 Leseprobe \u00a0<\/em> <a href=\"https:\/\/einschamanenweg.de\/?page_id=751\"><img loading=\"lazy\" decoding=\"async\" class=\"alignnone size-full wp-image-585\" src=\"https:\/\/einschamanenweg.de\/wp-content\/uploads\/2020\/06\/grafik.png\" alt=\"\" width=\"29\" height=\"42\" \/><\/a><\/p>\n\n\n<figure class=\"wp-block-gallery has-nested-images columns-default is-cropped wp-block-gallery-1 is-layout-flex wp-block-gallery-is-layout-flex\">\n<figure class=\"wp-block-image size-large\"><img loading=\"lazy\" decoding=\"async\" width=\"1024\" height=\"185\" data-id=\"913\" src=\"https:\/\/einschamanenweg.de\/wp-content\/uploads\/2020\/07\/balken-1024x185.jpg\" alt=\"\" class=\"wp-image-913\" srcset=\"https:\/\/einschamanenweg.de\/wp-content\/uploads\/2020\/07\/balken-1024x185.jpg 1024w, https:\/\/einschamanenweg.de\/wp-content\/uploads\/2020\/07\/balken-300x54.jpg 300w, https:\/\/einschamanenweg.de\/wp-content\/uploads\/2020\/07\/balken-768x139.jpg 768w, https:\/\/einschamanenweg.de\/wp-content\/uploads\/2020\/07\/balken-1536x278.jpg 1536w, https:\/\/einschamanenweg.de\/wp-content\/uploads\/2020\/07\/balken-624x113.jpg 624w, https:\/\/einschamanenweg.de\/wp-content\/uploads\/2020\/07\/balken.jpg 1738w\" sizes=\"auto, (max-width: 1024px) 100vw, 1024px\" \/><figcaption class=\"wp-element-caption\"><span style=\"color:#09877e\" class=\"has-inline-color\"><\/span><\/figcaption><\/figure>\n<\/figure>\n\n\n\n<h2 class=\"wp-block-heading\">Das Buch<\/h2>\n\n\n<div class=\"wp-block-image\">\n<figure class=\"alignleft size-large is-resized\"><img loading=\"lazy\" decoding=\"async\" width=\"722\" height=\"1024\" src=\"https:\/\/einschamanenweg.de\/wp-content\/uploads\/2020\/07\/Cover-neu-722x1024.jpg\" alt=\"\" class=\"wp-image-915\" style=\"width:181px;height:256px\" srcset=\"https:\/\/einschamanenweg.de\/wp-content\/uploads\/2020\/07\/Cover-neu-722x1024.jpg 722w, https:\/\/einschamanenweg.de\/wp-content\/uploads\/2020\/07\/Cover-neu-211x300.jpg 211w, https:\/\/einschamanenweg.de\/wp-content\/uploads\/2020\/07\/Cover-neu-768x1090.jpg 768w, https:\/\/einschamanenweg.de\/wp-content\/uploads\/2020\/07\/Cover-neu-1083x1536.jpg 1083w, https:\/\/einschamanenweg.de\/wp-content\/uploads\/2020\/07\/Cover-neu-1444x2048.jpg 1444w, https:\/\/einschamanenweg.de\/wp-content\/uploads\/2020\/07\/Cover-neu-624x885.jpg 624w, https:\/\/einschamanenweg.de\/wp-content\/uploads\/2020\/07\/Cover-neu.jpg 1748w\" sizes=\"auto, (max-width: 722px) 100vw, 722px\" \/><\/figure>\n<\/div>\n\n\n<p class=\"has-text-align-left\"><strong><em>Dieser Roman erz\u00e4hlt poetisch und mit gro\u00dfem Feingef\u00fchl vom Leben Alexandras \u2013 vom Leid, dem Schmerz, der Hoffnung und ganz besonders von der Liebe. Er fordert uns auf zu erkennen, warum wir Menschen dieser Erde sind. Was Alexandra erf\u00e4hrt, ber\u00fchrt unser Herz. Und deshalb hat sie uns so viel zu sagen. Durch ihr Leben verbindet sie den Sternenhimmel mit der Erde und verweist auf die Einzigartigkeit des Menschseins. Sie schenkt uns Mut, Vertrauen und einen Grund f\u00fcr unser Sein.<\/em><\/strong><\/p>\n\n\n\n<p> <em>Michael Wolfgang Geisler beschreibt mit gro\u00dfem Einf\u00fchlungsverm\u00f6gen, zur\u00fcckhaltend und zugleich unmittelbar, was Alexandras Leben als ein schwerstbehinderter Mensch bedeutet und wie es einen tiefen Sinn ber\u00fchrt.<\/em><\/p>\n\n\n\n<p><em>Voller Freude erwarten Eltern und Schwester die Geburt Alexandras. Sie wissen um den Platz des Kindes in der Familie. Ruhige Gewissheit und eine tiefe Weisheit strahlt das M\u00e4dchen aus, nachdem es das Licht dieser Welt erblickt hat. Schaut man Alexandra in die Augen, dann l\u00e4sst sich in ihnen ein ungew\u00f6hnliches Schicksal erahnen.<\/em><\/p>\n\n\n\n<p><em>Es tritt ein, an was sich das Kind als seine Bestimmung gebunden hat. Alexandra erleidet einen Unfall, wird wiederbelebt und in ein k\u00fcnstliches Koma versetzt. Danach hat sich ihre Wirklichkeit vollst\u00e4ndig gewandelt. Alexandra erwacht als ein anderer Mensch. Sie hat die Kontrolle \u00fcber ihren K\u00f6rper verloren. In absoluter Abh\u00e4ngigkeit von den Mitmenschen muss sie fortan ihr irdisches Leben f\u00fchren.<\/em><\/p>\n\n\n\n<p><em>Es sind bittere, schwere Zeiten. Doch Alexandra will leben. Von nun an ist ihre Existenz davon bestimmt, dieses aufs \u00c4u\u00dferste fordernde Dasein zu bew\u00e4ltigen. In dieser Lebenssituation entfaltet sie eine ungeheure Kraft und in ihrem verwundeten Leib spiegelt sich die Empfindsamkeit einer gro\u00dfen Seele. Sie m\u00f6chte ihre Aufgabe auf Erden erf\u00fcllen!<\/em><\/p>\n\n\n\n<p><em><strong><strong>\u00bbE<\/strong>uch besch\u00e4ftigt die Frage: Was ist Wirklichkeit? Was ist Wahrheit?\u00ab, wendet sich Alexandra in Gedanken an ihre Eltern. \u00bbDenn ihr versucht, mich zu verstehen. Meine Wirklichkeit ist eine andere als eure! Wie k\u00f6nntet ihr das nicht sehen! Ein wenig m\u00f6chte ich von mir erz\u00e4hlen: Ich besitze die Erfahrung vielfacher Existenzen als Mensch dieser Erde. Ich lebe in diesem Bewusstsein als Kind des Sternenhimmels und des Lichts. Wie unendlich gro\u00df ist das All! Und doch, es ist meine Heimat. W\u00e4re ich ganz Mensch dieser Erde so wie ihr, die irdische Wirklichkeit der Trennung bestimmte viel umfassender mein Sein. Nur ein kleiner Teil des Ganzen, das ich bin, w\u00e4re ich dann. Doch ich geh\u00f6re dem Himmel und der Erde an, befinde mich in beiden Welten.\u00ab<br><\/strong>Aus: Alexandra &#8211; die Geschichte eines ungew\u00f6hnlichen Lebens<\/em><\/p>\n\n\n\n<p><\/p>\n\n\n\n<p><\/p>\n\n\n\n<p><\/p>\n","protected":false},"excerpt":{"rendered":"<p>Alexandra\u00a0\u00a0 \u00a0\u00a0\u00a0\u00a0\u00a0\u00a0 Gedanken \u00a0 \u00a0\u00a0\u00a0\u00a0\u00a0\u00a0\u00a0 Gedichte \u00a0 \u00a0\u00a0\u00a0\u00a0 Leserstimmen \u00a0 \u00a0 \u00a0 \u00a0 \u00a0 Bezug\u00a0 \u00a0 \u00a0 \u00a0 \u00a0 Leseprobe \u00a0 Das Buch Dieser Roman erz\u00e4hlt poetisch und mit gro\u00dfem Feingef\u00fchl vom Leben Alexandras \u2013 vom Leid, dem Schmerz, der Hoffnung und ganz besonders von der Liebe. Er fordert uns auf zu erkennen, warum wir [&hellip;]<\/p>\n","protected":false},"author":1,"featured_media":0,"parent":0,"menu_order":0,"comment_status":"closed","ping_status":"closed","template":"","meta":{"footnotes":""},"class_list":["post-563","page","type-page","status-publish","hentry"],"_links":{"self":[{"href":"https:\/\/einschamanenweg.de\/index.php?rest_route=\/wp\/v2\/pages\/563","targetHints":{"allow":["GET"]}}],"collection":[{"href":"https:\/\/einschamanenweg.de\/index.php?rest_route=\/wp\/v2\/pages"}],"about":[{"href":"https:\/\/einschamanenweg.de\/index.php?rest_route=\/wp\/v2\/types\/page"}],"author":[{"embeddable":true,"href":"https:\/\/einschamanenweg.de\/index.php?rest_route=\/wp\/v2\/users\/1"}],"replies":[{"embeddable":true,"href":"https:\/\/einschamanenweg.de\/index.php?rest_route=%2Fwp%2Fv2%2Fcomments&post=563"}],"version-history":[{"count":48,"href":"https:\/\/einschamanenweg.de\/index.php?rest_route=\/wp\/v2\/pages\/563\/revisions"}],"predecessor-version":[{"id":1300,"href":"https:\/\/einschamanenweg.de\/index.php?rest_route=\/wp\/v2\/pages\/563\/revisions\/1300"}],"wp:attachment":[{"href":"https:\/\/einschamanenweg.de\/index.php?rest_route=%2Fwp%2Fv2%2Fmedia&parent=563"}],"curies":[{"name":"wp","href":"https:\/\/api.w.org\/{rel}","templated":true}]}}