{"id":412,"date":"2018-09-19T08:01:12","date_gmt":"2018-09-19T08:01:12","guid":{"rendered":"http:\/\/einschamanenweg.de\/?page_id=412"},"modified":"2024-11-25T18:17:47","modified_gmt":"2024-11-25T18:17:47","slug":"die-goetterwelt","status":"publish","type":"page","link":"https:\/\/einschamanenweg.de\/?page_id=412","title":{"rendered":"Die G\u00f6tterwelt"},"content":{"rendered":"<p><em>Das Buch\u00a0 <a href=\"https:\/\/www.einschamanenweg.de\/?page_id=253\"><img loading=\"lazy\" decoding=\"async\" class=\"alignnone wp-image-395\" src=\"http:\/\/einschamanenweg.de\/wp-content\/uploads\/2018\/09\/Welle-Vorderseite-195x300.jpg\" alt=\"\" width=\"15\" height=\"23\" srcset=\"https:\/\/einschamanenweg.de\/wp-content\/uploads\/2018\/09\/Welle-Vorderseite-195x300.jpg 195w, https:\/\/einschamanenweg.de\/wp-content\/uploads\/2018\/09\/Welle-Vorderseite.jpg 278w\" sizes=\"auto, (max-width: 15px) 100vw, 15px\" \/><\/a> \u00a0\u00a0\u00a0\u00a0\u00a0\u00a0 Leseprobe\u00a0 <a href=\"https:\/\/www.einschamanenweg.de\/?page_id=280\"><img loading=\"lazy\" decoding=\"async\" class=\"alignnone wp-image-395\" src=\"http:\/\/einschamanenweg.de\/wp-content\/uploads\/2018\/09\/Welle-Vorderseite-195x300.jpg\" alt=\"\" width=\"15\" height=\"23\" srcset=\"https:\/\/einschamanenweg.de\/wp-content\/uploads\/2018\/09\/Welle-Vorderseite-195x300.jpg 195w, https:\/\/einschamanenweg.de\/wp-content\/uploads\/2018\/09\/Welle-Vorderseite.jpg 278w\" sizes=\"auto, (max-width: 15px) 100vw, 15px\" \/><\/a><\/em><em> \u00a0\u00a0\u00a0\u00a0 \u00a0 Gedanken\u00a0 <a href=\"https:\/\/www.einschamanenweg.de\/?page_id=277\"><img loading=\"lazy\" decoding=\"async\" class=\"alignnone wp-image-395\" src=\"http:\/\/einschamanenweg.de\/wp-content\/uploads\/2018\/09\/Welle-Vorderseite-195x300.jpg\" alt=\"\" width=\"15\" height=\"23\" srcset=\"https:\/\/einschamanenweg.de\/wp-content\/uploads\/2018\/09\/Welle-Vorderseite-195x300.jpg 195w, https:\/\/einschamanenweg.de\/wp-content\/uploads\/2018\/09\/Welle-Vorderseite.jpg 278w\" sizes=\"auto, (max-width: 15px) 100vw, 15px\" \/><\/a><\/em> <strong><em>\u00a0\u00a0\u00a0\u00a0 \u00a0 <\/em><\/strong><em>Gedichte\u00a0\u00a0<a href=\"https:\/\/www.einschamanenweg.de\/?page_id=405\"><img loading=\"lazy\" decoding=\"async\" class=\"alignnone wp-image-395\" src=\"http:\/\/einschamanenweg.de\/wp-content\/uploads\/2018\/09\/Welle-Vorderseite-195x300.jpg\" alt=\"\" width=\"15\" height=\"23\" srcset=\"https:\/\/einschamanenweg.de\/wp-content\/uploads\/2018\/09\/Welle-Vorderseite-195x300.jpg 195w, https:\/\/einschamanenweg.de\/wp-content\/uploads\/2018\/09\/Welle-Vorderseite.jpg 278w\" sizes=\"auto, (max-width: 15px) 100vw, 15px\" \/><\/a> \u00a0\u00a0\u00a0\u00a0\u00a0 Der Untertitel\u00a0 <a href=\"https:\/\/www.einschamanenweg.de\/?page_id=483\"><img loading=\"lazy\" decoding=\"async\" class=\"alignnone wp-image-395\" src=\"http:\/\/einschamanenweg.de\/wp-content\/uploads\/2018\/09\/Welle-Vorderseite-195x300.jpg\" alt=\"\" width=\"15\" height=\"23\" srcset=\"https:\/\/einschamanenweg.de\/wp-content\/uploads\/2018\/09\/Welle-Vorderseite-195x300.jpg 195w, https:\/\/einschamanenweg.de\/wp-content\/uploads\/2018\/09\/Welle-Vorderseite.jpg 278w\" sizes=\"auto, (max-width: 15px) 100vw, 15px\" \/><\/a> \u00a0\u00a0\u00a0 \u00a0\u00a0 Das Cover\u00a0 <a href=\"https:\/\/www.einschamanenweg.de\/?page_id=283\"><img loading=\"lazy\" decoding=\"async\" class=\"alignnone wp-image-395\" src=\"http:\/\/einschamanenweg.de\/wp-content\/uploads\/2018\/09\/Welle-Vorderseite-195x300.jpg\" alt=\"\" width=\"15\" height=\"23\" srcset=\"https:\/\/einschamanenweg.de\/wp-content\/uploads\/2018\/09\/Welle-Vorderseite-195x300.jpg 195w, https:\/\/einschamanenweg.de\/wp-content\/uploads\/2018\/09\/Welle-Vorderseite.jpg 278w\" sizes=\"auto, (max-width: 15px) 100vw, 15px\" \/><\/a> \u00a0 \u00a0 \u00a0 Bezug\u00a0 <a href=\"https:\/\/einschamanenweg.de\/?page_id=1217\"><img loading=\"lazy\" decoding=\"async\" class=\"alignnone wp-image-395\" src=\"http:\/\/einschamanenweg.de\/wp-content\/uploads\/2018\/09\/Welle-Vorderseite-195x300.jpg\" alt=\"\" width=\"15\" height=\"23\" srcset=\"https:\/\/einschamanenweg.de\/wp-content\/uploads\/2018\/09\/Welle-Vorderseite-195x300.jpg 195w, https:\/\/einschamanenweg.de\/wp-content\/uploads\/2018\/09\/Welle-Vorderseite.jpg 278w\" sizes=\"auto, (max-width: 15px) 100vw, 15px\" \/><\/a>\u00a0\u00a0\u00a0\u00a0\u00a0\u00a0\u00a0\u00a0\u00a0\u00a0\u00a0\u00a0\u00a0\u00a0\u00a0\u00a0\u00a0\u00a0\u00a0\u00a0\u00a0 <\/em><\/p>\n<p><img loading=\"lazy\" decoding=\"async\" class=\"alignnone wp-image-326\" src=\"http:\/\/einschamanenweg.de\/wp-content\/uploads\/2018\/09\/Wasser-quer-300x59.jpg\" alt=\"\" width=\"940\" height=\"184\" srcset=\"https:\/\/einschamanenweg.de\/wp-content\/uploads\/2018\/09\/Wasser-quer-300x59.jpg 300w, https:\/\/einschamanenweg.de\/wp-content\/uploads\/2018\/09\/Wasser-quer-768x150.jpg 768w, https:\/\/einschamanenweg.de\/wp-content\/uploads\/2018\/09\/Wasser-quer-1024x200.jpg 1024w, https:\/\/einschamanenweg.de\/wp-content\/uploads\/2018\/09\/Wasser-quer-624x122.jpg 624w\" sizes=\"auto, (max-width: 940px) 100vw, 940px\" \/><\/p>\n<div id=\"attachment_400\" style=\"width: 260px\" class=\"wp-caption alignleft\"><img loading=\"lazy\" decoding=\"async\" aria-describedby=\"caption-attachment-400\" class=\"wp-image-400\" src=\"http:\/\/einschamanenweg.de\/wp-content\/uploads\/2018\/09\/Foto0591-225x300.jpg\" alt=\"\" width=\"250\" height=\"333\" srcset=\"https:\/\/einschamanenweg.de\/wp-content\/uploads\/2018\/09\/Foto0591-225x300.jpg 225w, https:\/\/einschamanenweg.de\/wp-content\/uploads\/2018\/09\/Foto0591-768x1024.jpg 768w, https:\/\/einschamanenweg.de\/wp-content\/uploads\/2018\/09\/Foto0591-624x832.jpg 624w, https:\/\/einschamanenweg.de\/wp-content\/uploads\/2018\/09\/Foto0591.jpg 1536w\" sizes=\"auto, (max-width: 250px) 100vw, 250px\" \/><p id=\"caption-attachment-400\" class=\"wp-caption-text\">Der Mykitas, der h\u00f6chste Gipfel des Olympgebirges und Sitz der G\u00f6tter<\/p><\/div>\n<p><strong><em>Die olympische G\u00f6tterwelt<br \/>\n<\/em><\/strong><em>Vielf\u00e4ltig sind die \u00dcberlieferungen von der griechischen G\u00f6tterwelt des Altertums. Sie beschreiben die Sch\u00f6pfung der Welt. Am Anfang steht das CHAOS, eine Wirklichkeit ohne Ordnung. Sie bringt Wesen und M\u00e4chte wie Gaia, die Erde, EROS, die Urliebe und NYX, die Nacht, hervor, aus denen die kommende Welt sich baut. Raum und Zeit kommen hinzu, als Gaia Uranos geb\u00e4rt und ihn zum Gatten nimmt. Denn in der dramatischen Abfolge des Geschehens flieht Uranos als Sternenhimmel in die Ferne, schafft somit den Raum f\u00fcr die Entfaltung des Lebens, und sein Sohn Kronos begr\u00fcndet die Herrschaft einer neuen Generation. In diesem goldenen Zeitalter betritt der Mensch die B\u00fchne. Doch noch kennt er keine Not und besitzt kein Geschlecht. Paradiesisch zeigt sich sein Dasein. Erst als Zeus sich zum Herrscher k\u00fcrt, nach schweren, die Welt ersch\u00fctternden K\u00e4mpfen findet der Mensch als Wesen mit zwei Geschlechtern, der M\u00fchsal des eigenen Broterwerbs unterworfen, seinen Platz. Ihm ist nun aufgetragen, in der Sorge um sein Wohl und Gl\u00fcck, Herr seiner selbst zu werden, sich zu entwickeln und zu wachsen.<br \/>\n<\/em><em>Die G\u00f6tter, die Urkr\u00e4fte des Lebens, bilden den Rahmen f\u00fcr sein Tun. Aus dem Unbewussten muss der Mensch die G\u00f6tter ans Licht bringen. <\/em>Am Eingang des Tempels von Delphi steht geschrieben: <strong><em>\u00bb<\/em><em>Erkenne dich selbst\u00ab<\/em><\/strong><em>.<\/em><em> Und im Inneren wurde f\u00fcr den Betrachter aufgezeichnet: <\/em><strong><em>\u00bb<\/em><em>Erkenne dich selbst, damit du das G\u00f6ttliche in dir erkennst!<\/em><em>\u00ab<\/em><\/strong><\/p>\n<p><img loading=\"lazy\" decoding=\"async\" class=\"aligncenter wp-image-428\" src=\"http:\/\/einschamanenweg.de\/wp-content\/uploads\/2018\/09\/Go\u0308tterwelt_Grafik-647x1024.jpg\" alt=\"\" width=\"500\" height=\"791\" srcset=\"https:\/\/einschamanenweg.de\/wp-content\/uploads\/2018\/09\/Go\u0308tterwelt_Grafik-647x1024.jpg 647w, https:\/\/einschamanenweg.de\/wp-content\/uploads\/2018\/09\/Go\u0308tterwelt_Grafik-190x300.jpg 190w, https:\/\/einschamanenweg.de\/wp-content\/uploads\/2018\/09\/Go\u0308tterwelt_Grafik-768x1215.jpg 768w, https:\/\/einschamanenweg.de\/wp-content\/uploads\/2018\/09\/Go\u0308tterwelt_Grafik-624x987.jpg 624w, https:\/\/einschamanenweg.de\/wp-content\/uploads\/2018\/09\/Go\u0308tterwelt_Grafik.jpg 1378w\" sizes=\"auto, (max-width: 500px) 100vw, 500px\" \/><\/p>\n<p><em><strong>\u00bbAlles, was ist, wirkt. Nichts geht verloren \u2013 weder in den Tiefen des Tartaros noch in der Ferne des Sternenhimmels. Was im Augenblick Ausdruck findet, entspringt allem Seienden aus allen Zeiten.\u00ab<br \/>\n<\/strong><\/em><em>aus: Die Welle des Olymp<\/em><\/p>\n<p><em>Zur\u00fcck\u00a0\u00a0<a href=\"https:\/\/www.einschamanenweg.de\/?page_id=253\"><img loading=\"lazy\" decoding=\"async\" class=\"alignnone wp-image-395\" src=\"http:\/\/einschamanenweg.de\/wp-content\/uploads\/2018\/09\/Welle-Vorderseite-195x300.jpg\" alt=\"\" width=\"15\" height=\"23\" srcset=\"https:\/\/einschamanenweg.de\/wp-content\/uploads\/2018\/09\/Welle-Vorderseite-195x300.jpg 195w, https:\/\/einschamanenweg.de\/wp-content\/uploads\/2018\/09\/Welle-Vorderseite.jpg 278w\" sizes=\"auto, (max-width: 15px) 100vw, 15px\" \/><\/a> <\/em><\/p>\n","protected":false},"excerpt":{"rendered":"<p>Das Buch\u00a0 \u00a0\u00a0\u00a0\u00a0\u00a0\u00a0 Leseprobe\u00a0 \u00a0\u00a0\u00a0\u00a0 \u00a0 Gedanken\u00a0 \u00a0\u00a0\u00a0\u00a0 \u00a0 Gedichte\u00a0\u00a0 \u00a0\u00a0\u00a0\u00a0\u00a0 Der Untertitel\u00a0 \u00a0\u00a0\u00a0 \u00a0\u00a0 Das Cover\u00a0 \u00a0 \u00a0 \u00a0 Bezug\u00a0 \u00a0\u00a0\u00a0\u00a0\u00a0\u00a0\u00a0\u00a0\u00a0\u00a0\u00a0\u00a0\u00a0\u00a0\u00a0\u00a0\u00a0\u00a0\u00a0\u00a0\u00a0 Die olympische G\u00f6tterwelt Vielf\u00e4ltig sind die \u00dcberlieferungen von der griechischen G\u00f6tterwelt des Altertums. Sie beschreiben die Sch\u00f6pfung der Welt. Am Anfang steht das CHAOS, eine Wirklichkeit ohne Ordnung. Sie bringt Wesen und M\u00e4chte [&hellip;]<\/p>\n","protected":false},"author":1,"featured_media":0,"parent":0,"menu_order":0,"comment_status":"closed","ping_status":"closed","template":"","meta":{"footnotes":""},"class_list":["post-412","page","type-page","status-publish","hentry"],"_links":{"self":[{"href":"https:\/\/einschamanenweg.de\/index.php?rest_route=\/wp\/v2\/pages\/412","targetHints":{"allow":["GET"]}}],"collection":[{"href":"https:\/\/einschamanenweg.de\/index.php?rest_route=\/wp\/v2\/pages"}],"about":[{"href":"https:\/\/einschamanenweg.de\/index.php?rest_route=\/wp\/v2\/types\/page"}],"author":[{"embeddable":true,"href":"https:\/\/einschamanenweg.de\/index.php?rest_route=\/wp\/v2\/users\/1"}],"replies":[{"embeddable":true,"href":"https:\/\/einschamanenweg.de\/index.php?rest_route=%2Fwp%2Fv2%2Fcomments&post=412"}],"version-history":[{"count":29,"href":"https:\/\/einschamanenweg.de\/index.php?rest_route=\/wp\/v2\/pages\/412\/revisions"}],"predecessor-version":[{"id":1230,"href":"https:\/\/einschamanenweg.de\/index.php?rest_route=\/wp\/v2\/pages\/412\/revisions\/1230"}],"wp:attachment":[{"href":"https:\/\/einschamanenweg.de\/index.php?rest_route=%2Fwp%2Fv2%2Fmedia&parent=412"}],"curies":[{"name":"wp","href":"https:\/\/api.w.org\/{rel}","templated":true}]}}