{"id":41,"date":"2016-01-25T16:24:32","date_gmt":"2016-01-25T16:24:32","guid":{"rendered":"http:\/\/einschamanenweg.de\/?page_id=41"},"modified":"2024-12-03T20:16:29","modified_gmt":"2024-12-03T20:16:29","slug":"der-autor","status":"publish","type":"page","link":"https:\/\/einschamanenweg.de\/?page_id=41","title":{"rendered":"Der Autor"},"content":{"rendered":"<p align=\"JUSTIFY\"><em>Diese Romane zu schreiben, hat mir gro\u00dfe Freude gemacht. Das Leben zeigt sich uns in Vielfalt und mit Augenblicken von gro\u00dfer Bedeutung. Wir begegnen Menschen, Pflanzen, Tieren, die uns etwas zu sagen haben. Hierzu m\u00f6chte ich den B\u00e4ren sprechen lassen.<br \/>\n<\/em><\/p>\n<p><img loading=\"lazy\" decoding=\"async\" class=\"size-medium wp-image-67 alignleft\" src=\"http:\/\/einschamanenweg.de\/wp-content\/uploads\/2016\/01\/autor-225x300.jpg\" alt=\"OLYMPUS DIGITAL CAMERA\" width=\"225\" height=\"300\" srcset=\"https:\/\/einschamanenweg.de\/wp-content\/uploads\/2016\/01\/autor-225x300.jpg 225w, https:\/\/einschamanenweg.de\/wp-content\/uploads\/2016\/01\/autor-768x1024.jpg 768w, https:\/\/einschamanenweg.de\/wp-content\/uploads\/2016\/01\/autor-624x832.jpg 624w, https:\/\/einschamanenweg.de\/wp-content\/uploads\/2016\/01\/autor.jpg 1772w\" sizes=\"auto, (max-width: 225px) 100vw, 225px\" \/><\/p>\n<p align=\"JUSTIFY\"><em>Oben am Hang direkt unterhalb der Felswand, die sich steil in den Himmel erhebt, steht der gro\u00dfe, schwarze B\u00e4r und br\u00fcllt mit voller Kraft. Ein starkes Tier. Es ist Fr\u00fchjahr. Das Leben auf Erden beginnt von Neuem sich zu zeigen. Ein langer Winterschlaf liegt hinter ihm. Eine Zeit der Besinnung geht \u00fcber in eine Zeit des Neuanfangs. Kraftvoll voller Lebenslust und Mut br\u00fcllt der B\u00e4r. Er sp\u00fcrt Hunger auf das neue Leben. In der langen Winterruhe sind seine Reserven verbraucht. Er sucht Nahrung, Licht, Wasser <span style=\"font-family: Tahoma,sans-serif;\"><span style=\"font-size: small;\">\u2013<\/span><\/span> schaut in das Tal. Er geh\u00f6rt in diese Welt.<br \/>\n<\/em><em>Lange schlief er in der H\u00f6hle unter dem Schnee. Als er sich im sp\u00e4ten Herbst zur Ruhe legte, war er erf\u00fcllt von der davor liegenden Zeit. Was ihn durch den langen Winter tragen sollte, hatte er aufgenommen. Nicht allein Beeren, Kr\u00e4uter, Gras, Tiere, sondern auch Verlangen, Hunger, Zufriedenheit, Angst, Aufregung &#8230; All das ist in ihm, wenn er sich in seine Erdh\u00f6hle begibt.<br \/>\n<\/em><em>Jetzt br\u00fcllt er seine Freude heraus. Er lebt. Sein Geist hat neue Kraft gesch\u00f6pft. In der H\u00f6hle lag sein K\u00f6rper voller Vertrauen <span style=\"font-family: Tahoma,sans-serif;\"><span style=\"font-size: small;\">\u2013<\/span><\/span> verbunden mit der Erde, die ihn umschlie\u00dft.<br \/>\n<\/em><em>W\u00e4hrend sein K\u00f6rper sich aufgehoben wei\u00df, geht der Geist auf eine gro\u00dfe Reise in das Land der Bestimmung. Er erkennt das gro\u00dfe Licht am Ende des B\u00e4renwegs. In dieser Zeit konzentriert sich seine Kraft. Er sieht seinen K\u00f6rper in der H\u00f6hle ruhen. Ein starker K\u00f6rper.<br \/>\n<\/em><em>In diesem Land begegnet er der B\u00e4renseele. In einem gro\u00dfen Zyklus geht sie immer wieder vom Licht in die Dunkelheit und zur\u00fcck ins Licht. Sie geht ihren Weg und der B\u00e4r auf der Erde folgt seiner Seele. Die Sch\u00f6pfung hat ihm Kraft, Klugheit und Achtsamkeit geschenkt. Der B\u00e4r tr\u00e4gt nach Hause, was er erfahren hat <span style=\"font-family: Tahoma,sans-serif;\"><span style=\"font-size: small;\">\u2013<\/span><\/span>\u00a0 jedes Jahr.<br \/>\n<\/em><\/p>\n<hr \/>\n<p><b>\u00a0<i>&#8222;Als Zufall bezeichnen wir aber nicht etwas ohne Ursache, sondern ein Geschehen, bei dem wir keine Beziehung zwischen dem Ereignis, das uns widerf\u00e4hrt, und uns entdecken. Das bedeutet, in dem Augenblick, in dem wir einen Zusammenhang oder eine Bedeutung entdecken, passt das Wort Zufall nicht mehr.&#8220;<\/i><\/b><i><br \/>\n(Zitat aus &#8222;in anderer zeit&#8220;)<br \/>\n<\/i><\/p>\n<hr \/>\n<p><i>E<\/i><i>in Roman, der die Menschen tats\u00e4chlich erreichen soll, der zu ihnen spricht, er muss auf eigener Lebenserfahrung gebaut sein. Orte und Zeiten m\u00f6gen frei w\u00e4hlbar sein, der darin enthaltene Inhalt ist es nicht.<\/i><\/p>\n<p><i>Nat\u00fcrlich muss derjenige, der derart schreibt, \u00fcber eigene und tiefe Erfahrungen zu diesen Themen verf\u00fcgen. Soviel kann hier verraten werden: Das Dasein war und ist voller gro\u00dfer Herausforderungen, ganz existenziell! Und es war auch voller Erkenntnis, davon zeugen meine B\u00fccher.<\/i><\/p>\n<p><img loading=\"lazy\" decoding=\"async\" class=\"alignleft wp-image-1379 size-full\" src=\"https:\/\/einschamanenweg.de\/wp-content\/uploads\/2024\/12\/Gedicht-Erinnerung.jpg\" alt=\"\" width=\"400\" height=\"360\" srcset=\"https:\/\/einschamanenweg.de\/wp-content\/uploads\/2024\/12\/Gedicht-Erinnerung.jpg 400w, https:\/\/einschamanenweg.de\/wp-content\/uploads\/2024\/12\/Gedicht-Erinnerung-300x270.jpg 300w\" sizes=\"auto, (max-width: 400px) 100vw, 400px\" \/><\/p>\n<p style=\"text-align: justify;\" align=\"LEFT\"><strong><span style=\"color: #000000;\"><span style=\"font-family: Tahoma,sans-serif;\"><span style=\"font-size: small;\"><em>F\u00fcr die G\u00f6tter ist die Entwicklungsf\u00e4higkeit das Besondere an den Menschen. Wir werden geboren, wir wachsen, wir lernen, wir sterben und kommen wieder in das irdische Sein, um Neues zu erfahren. Die G\u00f6tter sind immer! Sie sind, was sie sind und bleiben, was sie sind. Wir Menschen sollen uns wandeln; das m\u00f6chten die G\u00f6tter<\/em><\/span><\/span><\/span><span style=\"color: #000000;\"><span style=\"font-family: Tahoma,sans-serif;\"><span style=\"font-size: small;\"><em> f\u00f6rdern.<br \/>\n<\/em><\/span><\/span><\/span><\/strong><span style=\"color: #000000;\"><span style=\"font-family: Tahoma,sans-serif;\"><span style=\"font-size: small;\"><em>a<\/em><\/span><\/span><\/span><span style=\"color: #000000;\"><span style=\"font-family: Tahoma,sans-serif;\"><span style=\"font-size: small;\"><em>us:<\/em><\/span><\/span><\/span> <span style=\"color: #000000;\"><span style=\"font-family: Tahoma,sans-serif;\"><span style=\"font-size: small;\"><em>Die Reise dauert l\u00e4nger als sieben Tage<\/em><\/span><\/span><\/span><strong><span style=\"color: #000000;\"><span style=\"font-family: Tahoma,sans-serif;\"><span style=\"font-size: small;\"><em><br \/>\n<\/em> <\/span><\/span><\/span><\/strong><\/p>\n<p align=\"LEFT\">\n<p align=\"LEFT\"><a href=\"https:\/\/einschamanenweg.de\/?page_id=1279\">Zur\u00fcck<\/a><\/p>\n<p><em>\u00a0<\/em><\/p>\n","protected":false},"excerpt":{"rendered":"<p>Diese Romane zu schreiben, hat mir gro\u00dfe Freude gemacht. Das Leben zeigt sich uns in Vielfalt und mit Augenblicken von gro\u00dfer Bedeutung. Wir begegnen Menschen, Pflanzen, Tieren, die uns etwas zu sagen haben. Hierzu m\u00f6chte ich den B\u00e4ren sprechen lassen. Oben am Hang direkt unterhalb der Felswand, die sich steil in den Himmel erhebt, steht [&hellip;]<\/p>\n","protected":false},"author":1,"featured_media":0,"parent":0,"menu_order":0,"comment_status":"closed","ping_status":"closed","template":"","meta":{"footnotes":""},"class_list":["post-41","page","type-page","status-publish","hentry"],"_links":{"self":[{"href":"https:\/\/einschamanenweg.de\/index.php?rest_route=\/wp\/v2\/pages\/41","targetHints":{"allow":["GET"]}}],"collection":[{"href":"https:\/\/einschamanenweg.de\/index.php?rest_route=\/wp\/v2\/pages"}],"about":[{"href":"https:\/\/einschamanenweg.de\/index.php?rest_route=\/wp\/v2\/types\/page"}],"author":[{"embeddable":true,"href":"https:\/\/einschamanenweg.de\/index.php?rest_route=\/wp\/v2\/users\/1"}],"replies":[{"embeddable":true,"href":"https:\/\/einschamanenweg.de\/index.php?rest_route=%2Fwp%2Fv2%2Fcomments&post=41"}],"version-history":[{"count":17,"href":"https:\/\/einschamanenweg.de\/index.php?rest_route=\/wp\/v2\/pages\/41\/revisions"}],"predecessor-version":[{"id":1477,"href":"https:\/\/einschamanenweg.de\/index.php?rest_route=\/wp\/v2\/pages\/41\/revisions\/1477"}],"wp:attachment":[{"href":"https:\/\/einschamanenweg.de\/index.php?rest_route=%2Fwp%2Fv2%2Fmedia&parent=41"}],"curies":[{"name":"wp","href":"https:\/\/api.w.org\/{rel}","templated":true}]}}