{"id":4,"date":"2016-01-22T17:10:34","date_gmt":"2016-01-22T17:10:34","guid":{"rendered":"http:\/\/einschamanenweg.de\/?page_id=4"},"modified":"2024-12-11T20:45:32","modified_gmt":"2024-12-11T20:45:32","slug":"eine-reise-dauert-laenger-als-sieben-tage","status":"publish","type":"page","link":"https:\/\/einschamanenweg.de\/","title":{"rendered":"Die Reise dauert l\u00e4nger als sieben Tage &#8211; ein Schamanenweg"},"content":{"rendered":"<p><em>\u00a0 Leseprobe\u00a0 <a href=\"https:\/\/einschamanenweg.de\/?page_id=29\"><img loading=\"lazy\" decoding=\"async\" class=\"alignnone wp-image-7\" src=\"https:\/\/einschamanenweg.de\/wp-content\/uploads\/2016\/01\/Schamanenweg-196x300.jpg\" alt=\"\" width=\"15\" height=\"23\" \/><\/a> \u00a0\u00a0\u00a0\u00a0\u00a0 Das Cover \u00a0 <a href=\"https:\/\/einschamanenweg.de\/?page_id=38\"><img loading=\"lazy\" decoding=\"async\" class=\"alignnone wp-image-7\" src=\"https:\/\/einschamanenweg.de\/wp-content\/uploads\/2016\/01\/Schamanenweg-196x300.jpg\" alt=\"\" width=\"15\" height=\"23\" \/><\/a>\u00a0 \u00a0\u00a0\u00a0\u00a0 Gedanken\u00a0 <a href=\"https:\/\/einschamanenweg.de\/?page_id=32\"><img loading=\"lazy\" decoding=\"async\" class=\"alignnone wp-image-7\" src=\"https:\/\/einschamanenweg.de\/wp-content\/uploads\/2016\/01\/Schamanenweg-196x300.jpg\" alt=\"\" width=\"15\" height=\"23\" \/><\/a> \u00a0\u00a0\u00a0\u00a0\u00a0 Bezug\u00a0 <a href=\"https:\/\/einschamanenweg.de\/?page_id=1196\"><img loading=\"lazy\" decoding=\"async\" class=\"alignnone wp-image-7\" src=\"https:\/\/einschamanenweg.de\/wp-content\/uploads\/2016\/01\/Schamanenweg-196x300.jpg\" alt=\"\" width=\"15\" height=\"23\" \/><\/a> \u00a0\u00a0\u00a0\u00a0\u00a0\u00a0 Leser\u00a0 <a href=\"https:\/\/einschamanenweg.de\/?page_id=1502\"><img loading=\"lazy\" decoding=\"async\" class=\"alignnone wp-image-7\" src=\"https:\/\/einschamanenweg.de\/wp-content\/uploads\/2016\/01\/Schamanenweg-196x300.jpg\" alt=\"\" width=\"15\" height=\"23\" \/><\/a> \u00a0\u00a0\u00a0\u00a0\u00a0\u00a0\u00a0 <\/em><img loading=\"lazy\" decoding=\"async\" class=\"aligncenter wp-image-24\" src=\"https:\/\/einschamanenweg.de\/wp-content\/uploads\/2016\/01\/Buch-klein-e1453736325437.gif\" alt=\"\" width=\"940\" height=\"168\" \/><\/p>\n<h2>Das Buch<\/h2>\n<p style=\"text-align: justify;\"><em><img loading=\"lazy\" decoding=\"async\" class=\"alignleft size-medium wp-image-851\" src=\"https:\/\/einschamanenweg.de\/wp-content\/uploads\/2020\/07\/e-book-schamanenweg-196x300.jpg\" alt=\"\" width=\"196\" height=\"300\" \/>Dies<\/em><em>es Buch nim<\/em><em>mt den Leser<\/em><em> mit auf eine gro\u00dfe Reise. Richard <\/em><em>befindet auf der Suche, als er seine Heimatstadt Berlin verl\u00e4sst. Noch schlummert in ihm, wohin ihn das Leben f\u00fchren m\u00f6chte. Zugleich ist sein Aufbruch in ferne L\u00e4nder auch eine Flucht, um eine ungl\u00fcckliche Liebe hinter sich zu lassen.<br \/>\n<\/em><em>Bis nach Kirgistan f\u00fchrt sein Weg. Dort begegnet er einem Schamanen. Die Rituale des gro\u00dfen Heilers weihen ihn ein. Sieben Tage durchwandert Richard die Wildnis. Er begegnet Pflanzen und Tieren, die ihn lehren, die Wirklichkeit mit anderen Augen anzuschauen. Er lernt, mit ihnen zu sprechen und erh\u00e4lt Einblick in die Geheimnisse und Weisheit der Sch\u00f6pfung. Sein treuester Gef\u00e4hrte ist ein Wolf. Seiner F\u00fchrung vertraut er sich an. Im Geiste begleitet ihn der Schamane und nimmt ihn mit auf Reisen in andere Welten.<br \/>\n<\/em><em>Der Roman tr\u00e4gt die alte Weisheit des Schamanenwegs in die Moderne. Unterhaltsam und<\/em> <em>spannend in einer sch\u00f6nen Sprache geschrieben l\u00e4dt das Buch den Leser ein, diesen Weg mitzugehen und sein Erdendasein neu und anders zu betrachten.<\/em><\/p>\n<p style=\"text-align: justify;\"><strong><em>Das Trommeln wurde lauter. Sein K\u00f6rper bewegte sich im Takt dazu. Tanz und Gesang verzauberten den Augenblick. Der Schamane drehte sich schneller. Die Besucher wurden vom Rhythmus erfasst und folgten ihm auf seiner Reise. Der Rauch des Feuers verh\u00fcllte immer wieder ihre Gestalten. Der Geruch der Nadelh\u00f6lzer bet\u00f6rte ihre Sinne.<\/em><\/strong><br \/>\n<em><strong>Die Sonne neigte sich zum Horizont. Ihr Licht wurde warm und rot. Die Menschen tanzten sich in Trance und in die Dunkelheit der Nacht. Das Feuer flackerte. Ab und an lie\u00dfen neue Holzscheite es wieder entfachen. Frische Eiben- und Walcholderzweige verstr\u00f6mten ihren Duft. Weit waren die Menschen dem Erdendasein entr\u00fcckt. Die Geister des Schamanen hatten sie in Besitz genommen.<\/strong><br \/>\naus: Die Reise dauert l\u00e4nger als sieben Tage<br \/>\n<\/em><\/p>\n","protected":false},"excerpt":{"rendered":"<p>\u00a0 Leseprobe\u00a0 \u00a0\u00a0\u00a0\u00a0\u00a0 Das Cover \u00a0 \u00a0 \u00a0\u00a0\u00a0\u00a0 Gedanken\u00a0 \u00a0\u00a0\u00a0\u00a0\u00a0 Bezug\u00a0 \u00a0\u00a0\u00a0\u00a0\u00a0\u00a0 Leser\u00a0 \u00a0\u00a0\u00a0\u00a0\u00a0\u00a0\u00a0 Das Buch Dieses Buch nimmt den Leser mit auf eine gro\u00dfe Reise. Richard befindet auf der Suche, als er seine Heimatstadt Berlin verl\u00e4sst. Noch schlummert in ihm, wohin ihn das Leben f\u00fchren m\u00f6chte. Zugleich ist sein Aufbruch in ferne L\u00e4nder auch [&hellip;]<\/p>\n","protected":false},"author":1,"featured_media":0,"parent":0,"menu_order":0,"comment_status":"closed","ping_status":"closed","template":"","meta":{"footnotes":""},"class_list":["post-4","page","type-page","status-publish","hentry"],"_links":{"self":[{"href":"https:\/\/einschamanenweg.de\/index.php?rest_route=\/wp\/v2\/pages\/4","targetHints":{"allow":["GET"]}}],"collection":[{"href":"https:\/\/einschamanenweg.de\/index.php?rest_route=\/wp\/v2\/pages"}],"about":[{"href":"https:\/\/einschamanenweg.de\/index.php?rest_route=\/wp\/v2\/types\/page"}],"author":[{"embeddable":true,"href":"https:\/\/einschamanenweg.de\/index.php?rest_route=\/wp\/v2\/users\/1"}],"replies":[{"embeddable":true,"href":"https:\/\/einschamanenweg.de\/index.php?rest_route=%2Fwp%2Fv2%2Fcomments&post=4"}],"version-history":[{"count":39,"href":"https:\/\/einschamanenweg.de\/index.php?rest_route=\/wp\/v2\/pages\/4\/revisions"}],"predecessor-version":[{"id":1515,"href":"https:\/\/einschamanenweg.de\/index.php?rest_route=\/wp\/v2\/pages\/4\/revisions\/1515"}],"wp:attachment":[{"href":"https:\/\/einschamanenweg.de\/index.php?rest_route=%2Fwp%2Fv2%2Fmedia&parent=4"}],"curies":[{"name":"wp","href":"https:\/\/api.w.org\/{rel}","templated":true}]}}