{"id":38,"date":"2016-01-25T16:24:07","date_gmt":"2016-01-25T16:24:07","guid":{"rendered":"http:\/\/einschamanenweg.de\/?page_id=38"},"modified":"2024-12-11T20:44:09","modified_gmt":"2024-12-11T20:44:09","slug":"das-cover","status":"publish","type":"page","link":"https:\/\/einschamanenweg.de\/?page_id=38","title":{"rendered":"Das Cover: Die Reise dauert l\u00e4nger als sieben Tage &#8211; ein Schamanenweg"},"content":{"rendered":"<p><em>Leseprobe\u00a0 <a href=\"https:\/\/www.einschamanenweg.de\/?page_id=29\"><img loading=\"lazy\" decoding=\"async\" class=\"alignnone wp-image-7\" src=\"https:\/\/einschamanenweg.de\/wp-content\/uploads\/2016\/01\/Schamanenweg-196x300.jpg\" alt=\"\" width=\"15\" height=\"23\" \/><\/a> \u00a0\u00a0\u00a0\u00a0\u00a0\u00a0 Gedanken\u00a0\u00a0 <a href=\"https:\/\/www.einschamanenweg.de\/?page_id=32\"><img loading=\"lazy\" decoding=\"async\" class=\"alignnone wp-image-7\" src=\"https:\/\/einschamanenweg.de\/wp-content\/uploads\/2016\/01\/Schamanenweg-196x300.jpg\" alt=\"\" width=\"15\" height=\"23\" \/><\/a> \u00a0\u00a0\u00a0\u00a0\u00a0\u00a0 Das Buch \u00a0 <a href=\"https:\/\/www.einschamanenweg.de\"><img loading=\"lazy\" decoding=\"async\" class=\"alignnone wp-image-7\" src=\"https:\/\/einschamanenweg.de\/wp-content\/uploads\/2016\/01\/Schamanenweg-196x300.jpg\" alt=\"\" width=\"15\" height=\"23\" \/><\/a><\/em><em> \u00a0\u00a0\u00a0\u00a0\u00a0\u00a0 Bezug \u00a0 <a href=\"https:\/\/einschamanenweg.de\/?page_id=1196\"><img loading=\"lazy\" decoding=\"async\" class=\"alignnone wp-image-7\" src=\"https:\/\/einschamanenweg.de\/wp-content\/uploads\/2016\/01\/Schamanenweg-196x300.jpg\" alt=\"\" width=\"15\" height=\"23\" \/><\/a> \u00a0\u00a0\u00a0\u00a0\u00a0 Leser\u00a0 <a href=\"https:\/\/einschamanenweg.de\/?page_id=1502\"><img loading=\"lazy\" decoding=\"async\" class=\"alignnone wp-image-7\" src=\"https:\/\/einschamanenweg.de\/wp-content\/uploads\/2016\/01\/Schamanenweg-196x300.jpg\" alt=\"\" width=\"15\" height=\"23\" \/><\/a><br \/>\n<\/em><\/p>\n<p><img loading=\"lazy\" decoding=\"async\" class=\"aligncenter wp-image-24\" src=\"https:\/\/einschamanenweg.de\/wp-content\/uploads\/2016\/01\/Buch-klein-e1453736325437.gif\" alt=\"\" width=\"940\" height=\"168\" \/><\/p>\n<p><em>\u00a0<\/em><\/p>\n<p>&nbsp;<\/p>\n<h2>Das Cover<\/h2>\n<div id=\"attachment_23\" style=\"width: 310px\" class=\"wp-caption alignleft\"><img loading=\"lazy\" decoding=\"async\" aria-describedby=\"caption-attachment-23\" class=\"wp-image-23 size-medium\" src=\"https:\/\/einschamanenweg.de\/wp-content\/uploads\/2016\/01\/Buch-internet-1-300x225.jpg\" alt=\"Buch internet\" width=\"300\" height=\"225\" srcset=\"https:\/\/einschamanenweg.de\/wp-content\/uploads\/2016\/01\/Buch-internet-1-300x225.jpg 300w, https:\/\/einschamanenweg.de\/wp-content\/uploads\/2016\/01\/Buch-internet-1-768x576.jpg 768w, https:\/\/einschamanenweg.de\/wp-content\/uploads\/2016\/01\/Buch-internet-1-1024x768.jpg 1024w, https:\/\/einschamanenweg.de\/wp-content\/uploads\/2016\/01\/Buch-internet-1.jpg 1504w\" sizes=\"auto, (max-width: 300px) 100vw, 300px\" \/><p id=\"caption-attachment-23\" class=\"wp-caption-text\"><strong><em>\u00d6lgem\u00e4lde von Herbert Maier Speicher Naturzeit-Gebautezeit 2008-2009 \u00d6l auf Leinwand<\/em><\/strong><\/p><\/div>\n<p style=\"text-align: justify;\" align=\"JUSTIFY\"><em>Was ist der Himmel? Das Blaue \u00fcber uns? Ich erkenne dort die Sonne, den Mond und die Sterne. Geh\u00f6ren Wolken zum Himmel?<br \/>\n<\/em><em>Der Himmel gibt all dem einen Raum. Er ist nicht Sonne, Mond oder Sterne, nicht Wolken und auch nicht der Ort Verstorbener. Im Himmel kann all dies Platz finden. Der Herr des Himmels wacht dar\u00fcber. Wenn der Himmel sich \u00e4ndert, erfahren wir Menschen all das, dem er Raum gibt, anders.<br \/>\n<\/em><em>Der Himmel geh\u00f6rt auch zur Erde. Denn der Mensch erf\u00e4hrt ihn als Erscheinung der Erdenwirklichkeit. Und nat\u00fcrlich ist der Himmel auchvollkommen anders als die Erde.<br \/>\n<\/em><em>So wird der Himmel f\u00fcr uns Menschen einerseits durch die Erde geboren und andererseits ist er uns Partner \u2013 ein Erfahrungsraum, um Wesentliches zu erleben.<br \/>\n<\/em><em>Der Mensch ist an die Erde gebunden. Den Himmel kann er nicht betreten. Er bildet einen Raum der Entsprechung zum irdischen Geschehen. In ihm zeigt sich wie in einem Kunstwerk das Wesentliche. <\/em><\/p>\n<p style=\"text-align: justify;\"><em><strong>Ein kurzes Aufblinken einer Sternschnuppe &#8230; nachdenken &#8230; der Wunsch, der sich f\u00fcr Richard sofort formulierte \u2013 die Suche nach etwas nur in der Ahnung M\u00f6glichem. Das Gew\u00fcnschte darf nicht mitgeteilt werden, sonst verliert es seine mystische Kraft zur Erf\u00fcllung. Ausgesprochen w\u00fcrde es an der Realit\u00e4t scheitern. Die Ger\u00e4usche der Nacht begleiteten Alois und Richard in den Schlaf. Sie sp\u00fcrten die hohen Berge neben sich.<br \/>\n<\/strong>aus: Die Reise dauert l\u00e4nger als sieben Tage<\/em><\/p>\n<p><em>Zur\u00fcck\u00a0\u00a0 <a href=\"https:\/\/www.einschamanenweg.de\"><img loading=\"lazy\" decoding=\"async\" class=\"alignnone wp-image-7\" src=\"https:\/\/einschamanenweg.de\/wp-content\/uploads\/2016\/01\/Schamanenweg-196x300.jpg\" alt=\"\" width=\"15\" height=\"23\" \/><\/a><\/em><\/p>\n","protected":false},"excerpt":{"rendered":"<p>Leseprobe\u00a0 \u00a0\u00a0\u00a0\u00a0\u00a0\u00a0 Gedanken\u00a0\u00a0 \u00a0\u00a0\u00a0\u00a0\u00a0\u00a0 Das Buch \u00a0 \u00a0\u00a0\u00a0\u00a0\u00a0\u00a0 Bezug \u00a0 \u00a0\u00a0\u00a0\u00a0\u00a0 Leser\u00a0 \u00a0 &nbsp; Das Cover Was ist der Himmel? Das Blaue \u00fcber uns? Ich erkenne dort die Sonne, den Mond und die Sterne. Geh\u00f6ren Wolken zum Himmel? Der Himmel gibt all dem einen Raum. Er ist nicht Sonne, Mond oder Sterne, nicht Wolken und [&hellip;]<\/p>\n","protected":false},"author":1,"featured_media":0,"parent":0,"menu_order":0,"comment_status":"closed","ping_status":"closed","template":"","meta":{"footnotes":""},"class_list":["post-38","page","type-page","status-publish","hentry"],"_links":{"self":[{"href":"https:\/\/einschamanenweg.de\/index.php?rest_route=\/wp\/v2\/pages\/38","targetHints":{"allow":["GET"]}}],"collection":[{"href":"https:\/\/einschamanenweg.de\/index.php?rest_route=\/wp\/v2\/pages"}],"about":[{"href":"https:\/\/einschamanenweg.de\/index.php?rest_route=\/wp\/v2\/types\/page"}],"author":[{"embeddable":true,"href":"https:\/\/einschamanenweg.de\/index.php?rest_route=\/wp\/v2\/users\/1"}],"replies":[{"embeddable":true,"href":"https:\/\/einschamanenweg.de\/index.php?rest_route=%2Fwp%2Fv2%2Fcomments&post=38"}],"version-history":[{"count":28,"href":"https:\/\/einschamanenweg.de\/index.php?rest_route=\/wp\/v2\/pages\/38\/revisions"}],"predecessor-version":[{"id":1514,"href":"https:\/\/einschamanenweg.de\/index.php?rest_route=\/wp\/v2\/pages\/38\/revisions\/1514"}],"wp:attachment":[{"href":"https:\/\/einschamanenweg.de\/index.php?rest_route=%2Fwp%2Fv2%2Fmedia&parent=38"}],"curies":[{"name":"wp","href":"https:\/\/api.w.org\/{rel}","templated":true}]}}