{"id":32,"date":"2016-01-25T16:22:43","date_gmt":"2016-01-25T16:22:43","guid":{"rendered":"http:\/\/einschamanenweg.de\/?page_id=32"},"modified":"2025-01-04T11:20:10","modified_gmt":"2025-01-04T11:20:10","slug":"gedanken","status":"publish","type":"page","link":"https:\/\/einschamanenweg.de\/?page_id=32","title":{"rendered":"Gedanken: Die Reise dauert l\u00e4nger als sieben Tage &#8211; ein Schamanenweg"},"content":{"rendered":"<p><em>Leseprobe\u00a0 <a href=\"https:\/\/www.einschamanenweg.de\/?page_id=29\"><img loading=\"lazy\" decoding=\"async\" class=\"alignnone wp-image-7\" src=\"https:\/\/einschamanenweg.de\/wp-content\/uploads\/2016\/01\/Schamanenweg-196x300.jpg\" alt=\"\" width=\"15\" height=\"23\" \/><\/a> \u00a0\u00a0\u00a0\u00a0\u00a0\u00a0 Das Cover\u00a0 <a href=\"https:\/\/www.einschamanenweg.de\/?page_id=38\"><img loading=\"lazy\" decoding=\"async\" class=\"alignnone wp-image-7\" src=\"https:\/\/einschamanenweg.de\/wp-content\/uploads\/2016\/01\/Schamanenweg-196x300.jpg\" alt=\"\" width=\"15\" height=\"23\" \/><\/a>\u00a0 \u00a0\u00a0\u00a0\u00a0\u00a0 Das Buch<\/em><em>\u00a0 <a href=\"https:\/\/www.einschamanenweg.de\"><img loading=\"lazy\" decoding=\"async\" class=\"alignnone wp-image-7\" src=\"https:\/\/einschamanenweg.de\/wp-content\/uploads\/2016\/01\/Schamanenweg-196x300.jpg\" alt=\"\" width=\"15\" height=\"23\" \/><\/a><\/em><em> \u00a0\u00a0\u00a0\u00a0\u00a0 Bezug\u00a0 <a href=\"https:\/\/einschamanenweg.de\/?page_id=1196\"><img loading=\"lazy\" decoding=\"async\" class=\"alignnone wp-image-7\" src=\"https:\/\/einschamanenweg.de\/wp-content\/uploads\/2016\/01\/Schamanenweg-196x300.jpg\" alt=\"\" width=\"15\" height=\"23\" \/><\/a> \u00a0\u00a0\u00a0\u00a0\u00a0\u00a0 Leser\u00a0 <a href=\"https:\/\/einschamanenweg.de\/?page_id=1502\"><img loading=\"lazy\" decoding=\"async\" class=\"alignnone wp-image-7\" src=\"https:\/\/einschamanenweg.de\/wp-content\/uploads\/2016\/01\/Schamanenweg-196x300.jpg\" alt=\"\" width=\"15\" height=\"23\" \/><\/a><br \/>\n<\/em><\/p>\n<p><img loading=\"lazy\" decoding=\"async\" class=\"aligncenter wp-image-24\" src=\"https:\/\/einschamanenweg.de\/wp-content\/uploads\/2016\/01\/Buch-klein-e1453736325437.gif\" alt=\"\" width=\"940\" height=\"168\" \/><\/p>\n<p><em>\u00a0<\/em><\/p>\n<p>&nbsp;<\/p>\n<h2>Gedanken<\/h2>\n<p style=\"text-align: justify;\"><em>Der moderne Me<\/em><em><img loading=\"lazy\" decoding=\"async\" class=\"alignleft wp-image-89 \" src=\"https:\/\/einschamanenweg.de\/wp-content\/uploads\/2016\/01\/Foto3meer-1024x920.jpg\" alt=\"Foto3meer\" width=\"472\" height=\"424\" srcset=\"https:\/\/einschamanenweg.de\/wp-content\/uploads\/2016\/01\/Foto3meer-1024x920.jpg 1024w, https:\/\/einschamanenweg.de\/wp-content\/uploads\/2016\/01\/Foto3meer-300x269.jpg 300w, https:\/\/einschamanenweg.de\/wp-content\/uploads\/2016\/01\/Foto3meer-768x690.jpg 768w, https:\/\/einschamanenweg.de\/wp-content\/uploads\/2016\/01\/Foto3meer-624x560.jpg 624w\" sizes=\"auto, (max-width: 472px) 100vw, 472px\" \/><\/em><em>nsch muss sich selbst den Himmel als Entsprechung zu seinem irdischen Dasein erschaffen. Die Welt ist leer in ihrem materialistischen Verst\u00e4ndnis. Leer an Sinn und Lebensaufg<\/em><em>abe.<br \/>\n<\/em><em>Was im Roman geschildert wird, zeigt eine andere Welt, als die moderne westliche Kultur sie versteht. L\u00e4sst sich dieses Weltbild mit dem heutigen wissenschaftlich begr\u00fcndeten in Einklang bringen?<br \/>\nDie heutige moderne westliche Sicht auf das Leben und die Menschen basiert ganz weitgehend auf wissenschaftlicher Erkenntnis. Gerade dies sagt aber auch, dass es sich nie um ein endg\u00fcltiges Wissen handeln kann. Wissenschaftliche Erkenntnis ist dem steten Wandel unterworfen. Ihr Verst\u00e4ndnis der Welt ist somit immer nur f\u00fcr diesen Augenblick g\u00fcltig und mag in der Zukunft ein vollkommen anderes sein. Es ist daher sinnvoll f\u00fcr den eigenen Zugang zum Dasein, auf das Wissen anderer Kulturen und Zeiten zur\u00fcckzugreifen. In ihnen liegt gro\u00dfe Weisheit, die uns bei der Bew\u00e4ltigung der irdischen Existenz sehr hilfreich sein kann.<br \/>\n<\/em><em>Was schenkt dem modernen Menschen Lebenssinn? Die Wissenschaft kann Fragen nach Lebenssinn und -aufgabe nicht beantworten, auch wenn genau sie die f\u00fcr ein Verst\u00e4ndnis des Menschseins wesentlichen Themen sind. Die Religion erf\u00fcllt im Zeitalter der Aufkl\u00e4rung nicht mehr diese Funktion. Kann eine Besch\u00e4ftigung mit dem Schamanismus dem Menschen neue Perspektiven aufzeigen?<br \/>\nDie westliche Kultur verspricht dem Menschen Gl\u00fcck und Erf\u00fcllung durch materiellen Wohlstand sowie durch die Teilhabe am Prozess seiner Erlangung. Dies hinterl\u00e4sst vielfach eine Leere im Menschen, der pers\u00f6nliche und seelische Entwicklung sucht. Der Schamanismus sieht den Menschen als Teil eines mit Leben erf\u00fcllten Kosmos, in dem es eine Aufgabe und Bestimmung f\u00fcr jedes Wesen gibt. So schreibt Malidoma Patrice Som\u00e9 in seinem Buch &#8222;Vom Geist Afrikas &#8211; Das Leben eines afrikanischen Schamanen&#8220;: &#8222;In diesem Moment hatte ich eine Offenbarung. Ich erkannte, dass das Licht, dem wir auf der Stra\u00dfe des Todes begegnen, unser Selbst ist, das sich auf dem Weg zu sich befindet. Ich begriff, dass Licht unser urspr\u00fcnglicher Zustand ist, aber dass wir Menschen einander helfen m\u00fcssen, w\u00e4hrend wir uns auf die K\u00fcsten des Lichts zubewegen. Viele Male m\u00fcssen wir geboren werden und sterben, bis wir zu diesem Licht gelangen. Und zehntausend Jahre sind dabei wie ein Augenblick. Im Licht zu sein bedeutet zu wissen, dass wir auch andere ins Licht hereinholen m\u00fcssen &#8230; Zum Licht geh\u00f6ren wir. Jeder, der nicht im Licht ist, sehnt sich danach, ins Licht zu kommen. Wir verlassen das Licht, wandern und erfahren den Mangel an Licht, um dann wieder zum Licht zur\u00fcckzukehren.&#8220;<br \/>\n<\/em><\/p>\n<p style=\"text-align: justify;\"><em>Die Entwicklung der Hauptfigur Richard und seine Liebe zu einer Frau sind im Roman mit der Entdeckung eines neuen Weltverst\u00e4ndnisses verbunden. Warum diese Verkn\u00fcpfung? Vielfach ist es unsere Aufgabe im Leben, den Weg irdischer Existenz gemeinsam zu gehen. Wir suchen Freude, Verwandte und Seelenpartner. Als einzelnes Individuum sp\u00fcren wir Unvollst\u00e4ndigkeit und m\u00f6chten im anderen auch das erfahren, was uns ganz sein l\u00e4sst. In ihm k\u00f6nnen wir uns selbst finden. In dem Roman entwickelt sich Richard an seiner Liebe zu Frauen. Insbesondere m\u00f6chte er die Liebe zu einer Frau leben. Die Initiation in die Welt schlie\u00dft das ein.<br \/>\n<\/em><\/p>\n<p style=\"text-align: justify;\"><em><strong>So danke ich und m\u00f6chte euch noch fragen, Mutter Erde, gro\u00dfer Sch\u00f6pfer, Vater Himmel: \u00bbK\u00f6nnt ihr mir sagen, was ich noch zu lernen habe?\u00ab<br \/>\n\u00bbBegrenze dich nicht, mein Sohn\u00ab, spricht die Erde. \u00bbBegrenze dich nicht. Verstehe, dass ich auf dieser Erde die Grenzen setze.\u00ab<br \/>\n\u00bbSei, wer du bist. Du bist immer mein Sohn\u00ab, spricht der gro\u00dfe Sch\u00f6pfer. \u00bbDu bist immer mein Sohn und somit Teil von mir. Gehe nun weiter und lerne. Lerne dich zu erkennen.\u00ab<br \/>\n<\/strong>aus: Die Reise dauert l\u00e4nger als sieben Tage<br \/>\n<\/em><\/p>\n<p><em> Zur\u00fcck\u00a0\u00a0 <a href=\"https:\/\/www.einschamanenweg.de\"><img loading=\"lazy\" decoding=\"async\" class=\"alignnone wp-image-7\" src=\"https:\/\/einschamanenweg.de\/wp-content\/uploads\/2016\/01\/Schamanenweg-196x300.jpg\" alt=\"\" width=\"15\" height=\"23\" \/><\/a><\/em><\/p>\n","protected":false},"excerpt":{"rendered":"<p>Leseprobe\u00a0 \u00a0\u00a0\u00a0\u00a0\u00a0\u00a0 Das Cover\u00a0 \u00a0 \u00a0\u00a0\u00a0\u00a0\u00a0 Das Buch\u00a0 \u00a0\u00a0\u00a0\u00a0\u00a0 Bezug\u00a0 \u00a0\u00a0\u00a0\u00a0\u00a0\u00a0 Leser\u00a0 \u00a0 &nbsp; Gedanken Der moderne Mensch muss sich selbst den Himmel als Entsprechung zu seinem irdischen Dasein erschaffen. Die Welt ist leer in ihrem materialistischen Verst\u00e4ndnis. Leer an Sinn und Lebensaufgabe. Was im Roman geschildert wird, zeigt eine andere Welt, als die moderne [&hellip;]<\/p>\n","protected":false},"author":1,"featured_media":0,"parent":0,"menu_order":0,"comment_status":"closed","ping_status":"closed","template":"","meta":{"footnotes":""},"class_list":["post-32","page","type-page","status-publish","hentry"],"_links":{"self":[{"href":"https:\/\/einschamanenweg.de\/index.php?rest_route=\/wp\/v2\/pages\/32","targetHints":{"allow":["GET"]}}],"collection":[{"href":"https:\/\/einschamanenweg.de\/index.php?rest_route=\/wp\/v2\/pages"}],"about":[{"href":"https:\/\/einschamanenweg.de\/index.php?rest_route=\/wp\/v2\/types\/page"}],"author":[{"embeddable":true,"href":"https:\/\/einschamanenweg.de\/index.php?rest_route=\/wp\/v2\/users\/1"}],"replies":[{"embeddable":true,"href":"https:\/\/einschamanenweg.de\/index.php?rest_route=%2Fwp%2Fv2%2Fcomments&post=32"}],"version-history":[{"count":33,"href":"https:\/\/einschamanenweg.de\/index.php?rest_route=\/wp\/v2\/pages\/32\/revisions"}],"predecessor-version":[{"id":1521,"href":"https:\/\/einschamanenweg.de\/index.php?rest_route=\/wp\/v2\/pages\/32\/revisions\/1521"}],"wp:attachment":[{"href":"https:\/\/einschamanenweg.de\/index.php?rest_route=%2Fwp%2Fv2%2Fmedia&parent=32"}],"curies":[{"name":"wp","href":"https:\/\/api.w.org\/{rel}","templated":true}]}}