{"id":29,"date":"2016-01-25T16:22:08","date_gmt":"2016-01-25T16:22:08","guid":{"rendered":"http:\/\/einschamanenweg.de\/?page_id=29"},"modified":"2024-12-11T20:41:27","modified_gmt":"2024-12-11T20:41:27","slug":"leseprobe","status":"publish","type":"page","link":"https:\/\/einschamanenweg.de\/?page_id=29","title":{"rendered":"Leseprobe: Die Reise dauert l\u00e4nger als sieben Tage &#8211; ein Schamanenweg"},"content":{"rendered":"<p><em>Gedanken\u00a0\u00a0 <a href=\"https:\/\/www.einschamanenweg.de\/?page_id=32\"><img loading=\"lazy\" decoding=\"async\" class=\"alignnone wp-image-7\" src=\"https:\/\/einschamanenweg.de\/wp-content\/uploads\/2016\/01\/Schamanenweg-196x300.jpg\" alt=\"\" width=\"15\" height=\"23\" \/><\/a> \u00a0\u00a0\u00a0\u00a0\u00a0\u00a0 Das Cover \u00a0 <a href=\"https:\/\/www.einschamanenweg.de\/?page_id=38\"><img loading=\"lazy\" decoding=\"async\" class=\"alignnone wp-image-7\" src=\"https:\/\/einschamanenweg.de\/wp-content\/uploads\/2016\/01\/Schamanenweg-196x300.jpg\" alt=\"\" width=\"15\" height=\"23\" \/><\/a>\u00a0 \u00a0\u00a0\u00a0\u00a0\u00a0\u00a0Das Buch \u00a0 <a href=\"https:\/\/www.einschamanenweg.de\"><img loading=\"lazy\" decoding=\"async\" class=\"alignnone wp-image-7\" src=\"https:\/\/einschamanenweg.de\/wp-content\/uploads\/2016\/01\/Schamanenweg-196x300.jpg\" alt=\"\" width=\"15\" height=\"23\" \/><\/a> \u00a0\u00a0\u00a0\u00a0\u00a0\u00a0 Bezug \u00a0 <a href=\"https:\/\/einschamanenweg.de\/?page_id=1196\"><img loading=\"lazy\" decoding=\"async\" class=\"alignnone wp-image-7\" src=\"https:\/\/einschamanenweg.de\/wp-content\/uploads\/2016\/01\/Schamanenweg-196x300.jpg\" alt=\"\" width=\"15\" height=\"23\" \/><\/a> \u00a0\u00a0\u00a0\u00a0\u00a0\u00a0 Leser\u00a0 <a href=\"https:\/\/einschamanenweg.de\/?page_id=1502\"><img loading=\"lazy\" decoding=\"async\" class=\"alignnone wp-image-7\" src=\"https:\/\/einschamanenweg.de\/wp-content\/uploads\/2016\/01\/Schamanenweg-196x300.jpg\" alt=\"\" width=\"15\" height=\"23\" \/><\/a><br \/>\n<\/em><\/p>\n<p><img loading=\"lazy\" decoding=\"async\" class=\"aligncenter wp-image-24\" src=\"https:\/\/einschamanenweg.de\/wp-content\/uploads\/2016\/01\/Buch-klein-e1453736325437.gif\" alt=\"\" width=\"940\" height=\"168\" \/><\/p>\n<h2>Leseprobe<\/h2>\n<p style=\"text-align: justify;\"><em>Noch schlummert in <\/em><em><strong><img loading=\"lazy\" decoding=\"async\" class=\"wp-image-93 alignleft\" src=\"https:\/\/einschamanenweg.de\/wp-content\/uploads\/2016\/01\/Foto10Stein-300x200.jpg\" alt=\"Foto10Stein\" width=\"326\" height=\"217\" srcset=\"https:\/\/einschamanenweg.de\/wp-content\/uploads\/2016\/01\/Foto10Stein-300x200.jpg 300w, https:\/\/einschamanenweg.de\/wp-content\/uploads\/2016\/01\/Foto10Stein-768x512.jpg 768w, https:\/\/einschamanenweg.de\/wp-content\/uploads\/2016\/01\/Foto10Stein-1024x683.jpg 1024w, https:\/\/einschamanenweg.de\/wp-content\/uploads\/2016\/01\/Foto10Stein-624x416.jpg 624w\" sizes=\"auto, (max-width: 326px) 100vw, 326px\" \/><\/strong><\/em><em>Richard, wohin <\/em><em>ihn das Leben f\u00fchren m\u00f6chte. Das Studium der Theologie hat er abgebrochen. Als <\/em><em>gelernter Zimme<\/em><em>rer verdient er in immer wieder wechselnden Jobs seinen Lebensunterhalt. Mit seinen 29 Jahren befindet er sich auf der <\/em><em>Suche.<br \/>\n<\/em><em>In der Ferne scheint zu liegen, was ihm im Leben fehlt. Richard bricht zu einer mehrmonatigen Reise nach Kirgistan auf. Das Geschehen spielt Mitte der 90er-Jahre. Als er f\u00fcr diese abenteuerliche Fahrt seine Heimatstadt Berlin verl\u00e4sst, m\u00f6chte er auch eine ungl\u00fcckliche Liebe hinter sich lassen. Vergeblich hatten Richard und Ana Maria versucht, ihr Dasein zu teilen. Doch sein Herz h\u00e4ngt nach der Trennung immer noch an dieser Frau, die eine gro\u00dfe Sehnsucht in ihm geweckt hat.<br \/>\n<\/em><em>Bereits zu Beginn seiner Reise h\u00f6rt er von einem<\/em> Sc<em>hamanen, der seine Jurte bei einem Walnussbaum in der Steppe Kirgistans aufgeschlagen hat. Hierhin soll ihn sein Weg f\u00fchren. Er ahnt, diese Begegnung wird sein Leben \u00e4ndern. Trotz mancher Hindernisse und aufkommender Zweifel findet Richard den Schamanen und f\u00fchlt sich mit gro\u00dfer Selbstverst\u00e4ndlichkeit empfangen. Die Rituale des Heilers weihen ihn ein, nun dem Weg seiner Bestimmung zu folgen.<br \/>\n<\/em><em>Sieben Tage durchwandert Richard die Wildnis. Er begegnet Pflanzen und Tieren, die ihn<\/em> <em>lehren. Er lernt, mit ihnen zu sprechen und erh\u00e4lt Einblick in die Geheimnisse und Weisheit der Sch\u00f6pfung. Sein treuester Gef\u00e4hrte ist ein Wolf. Seiner F\u00fchrung vertraut er sich an. Im Geiste begleitet ihn der Schamane und nimmt ihn mit auf Reisen in andere Welten.<br \/>\n<\/em><em>Die Zeit in der Wildnis birgt auch Schmerz und Not. Einsam, ohne Nahrung und Orientierung f\u00fchrt ihn der Weg. Es gibt Augenblicke gro\u00dfer Verzweiflung. Er begegnet dem Tod, aber auch einer neuen Geburt. Die Tage beim gro\u00dfen Heiler und in der unber\u00fchrten Natur Kirgistans wandeln Richard. Er erkennt, was Heilung bedeutet. Dieses Wissen dient nun anderen und ihm selbst.<br \/>\n<\/em><em>Zur\u00fcck in Berlin muss er sein Leben umgestalten. Neue Ziele haben sich er\u00f6ffnet. Er findet wieder Kontakt zu Ana Maria. Das Dasein bedarf seiner ganzen Zuwendung und bleibt eine gro\u00dfe Herausforderung. Aber Richard wei\u00df nun von einem tiefen Sinn, den es in sich tr\u00e4gt.<br \/>\n<\/em><em>Der Roman tr\u00e4gt die alte Weisheit des Schamanenwegs in die Moderne. Unterhaltsam und spannend in einer sch\u00f6nen Sprache geschrieben l\u00e4dt das Buch den Leser ein, diesen Weg mitzugehen und sein Erdendasein neu und anders zu betrachten.<\/em><\/p>\n<p id=\"floatClearer_33501843\" style=\"text-align: center;\"><b><em>Sie m\u00f6chten mehr lesen?<\/em><br \/>\n<em>Dann steht Ihnen hier ein Kapitel zum Lesen zur Verf\u00fcgung.<\/em><\/b><\/p>\n<p style=\"text-align: center;\">\u00a0<a href=\"https:\/\/einschamanenweg.de\/wp-content\/uploads\/2016\/01\/Leseprobe-Kapitel-1.pdf\" rel=\"\">Leseprobe Kapitel 1<\/a><\/p>\n<p style=\"text-align: justify;\"><strong><em>W\u00e4hrend er drei \u00e4ltere M\u00e4nner am Nebentisch betrachtete, die schweigsam das Geschehen am Grenz\u00fcbergang beobachteten, gingen ihm Gedanken \u00fcber das Altern durch den Kopf. Was w\u00fcrde er f\u00fchlen und denken, wenn er eine doppelt so lange Lebenserfahrung wie heute bes\u00e4\u00dfe? H\u00e4tte er gefunden, was er suchte \u2013 mehr Freiheit gewonnen? W\u00e4re er sich selbst vertrauter?<br \/>\n<\/em><\/strong><em>aus: Die Reise dauert l\u00e4nger als sieben Tage<\/em><\/p>\n<p><em> Zur\u00fcck\u00a0\u00a0 <a href=\"https:\/\/www.einschamanenweg.de\"><img loading=\"lazy\" decoding=\"async\" class=\"alignnone wp-image-7\" src=\"https:\/\/einschamanenweg.de\/wp-content\/uploads\/2016\/01\/Schamanenweg-196x300.jpg\" alt=\"\" width=\"15\" height=\"23\" \/><\/a><\/em><\/p>\n","protected":false},"excerpt":{"rendered":"<p>Gedanken\u00a0\u00a0 \u00a0\u00a0\u00a0\u00a0\u00a0\u00a0 Das Cover \u00a0 \u00a0 \u00a0\u00a0\u00a0\u00a0\u00a0\u00a0Das Buch \u00a0 \u00a0\u00a0\u00a0\u00a0\u00a0\u00a0 Bezug \u00a0 \u00a0\u00a0\u00a0\u00a0\u00a0\u00a0 Leser\u00a0 Leseprobe Noch schlummert in Richard, wohin ihn das Leben f\u00fchren m\u00f6chte. Das Studium der Theologie hat er abgebrochen. Als gelernter Zimmerer verdient er in immer wieder wechselnden Jobs seinen Lebensunterhalt. Mit seinen 29 Jahren befindet er sich auf der Suche. In [&hellip;]<\/p>\n","protected":false},"author":1,"featured_media":0,"parent":0,"menu_order":0,"comment_status":"closed","ping_status":"closed","template":"","meta":{"footnotes":""},"class_list":["post-29","page","type-page","status-publish","hentry"],"_links":{"self":[{"href":"https:\/\/einschamanenweg.de\/index.php?rest_route=\/wp\/v2\/pages\/29","targetHints":{"allow":["GET"]}}],"collection":[{"href":"https:\/\/einschamanenweg.de\/index.php?rest_route=\/wp\/v2\/pages"}],"about":[{"href":"https:\/\/einschamanenweg.de\/index.php?rest_route=\/wp\/v2\/types\/page"}],"author":[{"embeddable":true,"href":"https:\/\/einschamanenweg.de\/index.php?rest_route=\/wp\/v2\/users\/1"}],"replies":[{"embeddable":true,"href":"https:\/\/einschamanenweg.de\/index.php?rest_route=%2Fwp%2Fv2%2Fcomments&post=29"}],"version-history":[{"count":23,"href":"https:\/\/einschamanenweg.de\/index.php?rest_route=\/wp\/v2\/pages\/29\/revisions"}],"predecessor-version":[{"id":1510,"href":"https:\/\/einschamanenweg.de\/index.php?rest_route=\/wp\/v2\/pages\/29\/revisions\/1510"}],"wp:attachment":[{"href":"https:\/\/einschamanenweg.de\/index.php?rest_route=%2Fwp%2Fv2%2Fmedia&parent=29"}],"curies":[{"name":"wp","href":"https:\/\/api.w.org\/{rel}","templated":true}]}}