{"id":1622,"date":"2025-08-24T15:14:36","date_gmt":"2025-08-24T15:14:36","guid":{"rendered":"https:\/\/einschamanenweg.de\/?page_id=1622"},"modified":"2025-08-24T15:16:01","modified_gmt":"2025-08-24T15:16:01","slug":"ki-der-mensch-und-das-wissen","status":"publish","type":"page","link":"https:\/\/einschamanenweg.de\/?page_id=1622","title":{"rendered":"KI, der Mensch und das Wissen"},"content":{"rendered":"<p><em data-rich-text-format-boundary=\"true\">\u00a0<\/em><\/p>\n<p><img decoding=\"async\" src=\"https:\/\/einschamanenweg.de\/wp-content\/uploads\/2021\/09\/Mond-Internet-Auswahl.jpg\" alt=\"Dieses Bild hat ein leeres Alt-Attribut. Der Dateiname ist Mond-Internet-Auswahl.jpg\" \/><\/p>\n<p><em><a href=\"https:\/\/einschamanenweg.de\/?page_id=1043\" data-type=\"page\" data-id=\"1043\"><img loading=\"lazy\" decoding=\"async\" src=\"https:\/\/einschamanenweg.de\/wp-content\/uploads\/2021\/09\/Tonio-ebook-202x300.jpg\" alt=\"\" width=\"30\" height=\"45\" \/><\/a> <a href=\"https:\/\/einschamanenweg.de\/?page_id=1043\">Tonios Gl\u00fcck<\/a> \u00a0\u00a0 \u00a0 \u00a0 <a href=\"https:\/\/einschamanenweg.de\/?page_id=1086\"><img loading=\"lazy\" decoding=\"async\" src=\"https:\/\/einschamanenweg.de\/wp-content\/uploads\/2021\/09\/Tonio-ebook-202x300.jpg\" alt=\"\" width=\"30\" height=\"45\" \/><\/a> <a href=\"https:\/\/einschamanenweg.de\/?page_id=1156\">Die Zukunft <\/a>\u00a0\u00a0\u00a0\u00a0\u00a0\u00a0<a href=\"https:\/\/einschamanenweg.de\/?page_id=1086\"><img loading=\"lazy\" decoding=\"async\" src=\"https:\/\/einschamanenweg.de\/wp-content\/uploads\/2021\/09\/Tonio-ebook-202x300.jpg\" alt=\"\" width=\"30\" height=\"45\" \/><\/a><\/em> <em data-rich-text-format-boundary=\"true\"><a href=\"https:\/\/einschamanenweg.de\/?page_id=1086\">Leseprobe<\/a> \u00a0\u00a0\u00a0\u00a0\u00a0 <a href=\"https:\/\/einschamanenweg.de\/?page_id=1086\"><img loading=\"lazy\" decoding=\"async\" src=\"https:\/\/einschamanenweg.de\/wp-content\/uploads\/2021\/09\/Tonio-ebook-202x300.jpg\" alt=\"\" width=\"30\" height=\"45\" \/><\/a> <a href=\"https:\/\/einschamanenweg.de\/?page_id=1265\">Bezug<\/a>\u00a0 \u00a0 \u00a0 \u00a0 \u00a0 <a href=\"https:\/\/einschamanenweg.de\/?page_id=1086\"><img loading=\"lazy\" decoding=\"async\" src=\"https:\/\/einschamanenweg.de\/wp-content\/uploads\/2021\/09\/Tonio-ebook-202x300.jpg\" alt=\"\" width=\"30\" height=\"45\" \/><\/a> <a href=\"https:\/\/einschamanenweg.de\/?page_id=1098\">Gedanken<\/a><\/em><\/p>\n<h1>KI, der Mensch und das Wissen<\/h1>\n<p><em><strong><img loading=\"lazy\" decoding=\"async\" class=\"alignleft size-medium wp-image-1627\" src=\"https:\/\/einschamanenweg.de\/wp-content\/uploads\/2025\/08\/Bonsai-300x135.jpg\" alt=\"\" width=\"300\" height=\"135\" srcset=\"https:\/\/einschamanenweg.de\/wp-content\/uploads\/2025\/08\/Bonsai-300x135.jpg 300w, https:\/\/einschamanenweg.de\/wp-content\/uploads\/2025\/08\/Bonsai-1024x461.jpg 1024w, https:\/\/einschamanenweg.de\/wp-content\/uploads\/2025\/08\/Bonsai-768x346.jpg 768w, https:\/\/einschamanenweg.de\/wp-content\/uploads\/2025\/08\/Bonsai-1536x691.jpg 1536w, https:\/\/einschamanenweg.de\/wp-content\/uploads\/2025\/08\/Bonsai-2048x922.jpg 2048w, https:\/\/einschamanenweg.de\/wp-content\/uploads\/2025\/08\/Bonsai-624x281.jpg 624w\" sizes=\"auto, (max-width: 300px) 100vw, 300px\" \/>In den Jahren, als ich an der Novelle Tonios Gl\u00fcck arbeitete, war noch nicht erkennbar, wie rasant und umfassend der Durchbruch bei der KI-Technologie eintreten w\u00fcrde. Vor dem Hintergrund der heutigen KI-Technologie einige Gedanken dazu:<\/strong><\/em><\/p>\n<p><em><strong>Zeit Nr. 32 vom 31. Juli 2025 Interview mit Ray Kurzweil<\/strong><\/em><\/p>\n<p><em>Kurzweil: [\u2026] wenn wir Menschen mit der KI verschmelzen. Das ist der einzige Weg, um mit der immer intelligenteren KI mitzuhalten und nicht von ihr beherrscht zu werden. Das Verschmelzen wird sich in mehreren Schritten vollziehen. Ich rechne damit, dass wir in vier Jahren, 1929, in der Lage sein werden, die rund 20 Milliarden Neuronen des Neokortex unseres Gehirns in direkte Verbindung mit einem Computer zu bringen. Durch Implantate zum Beispiel.<\/em><\/p>\n<p><em>[\u2026] wird man nicht mehr sagen k\u00f6nnen, ob die Antwort aus dem eigenen Gehirn oder dem KI-Assistenten auf dem Chip stammt.<\/em><\/p>\n<p><em>[\u2026] die KI hat schon jetzt ungef\u00e4hr eine Million B\u00fccher gelesen. Sie wird uns eine ganz neue Art des kulturellen Reichtums er\u00f6ffnen.<\/em><\/p>\n<p><em>Den Aussagen von Ray Kurzweil liegt ein bestimmtes Menschenbild zugrunde. Er scheint Information mit Wissen gleichzusetzen. Mein Verst\u00e4ndnis geht davon aus, dass der Mensch aus Information in einem Erkenntnisprozess erst Wissen erschaffen muss und dass dies \u00fcber ein inneres Erleben von Wirklichkeit geschieht. Das ben\u00f6tigt eine Entwicklung in Zeit und Raum.<\/em><\/p>\n<p><em>Ich wei\u00df aus dem Austausch mit Lesern, dass jeder ein Buch \u2013 zumindest meine B\u00fccher \u2013 auf seine Weise und in seinem Verst\u00e4ndnis liest. Es ist dann auch seine Geschichte, die dort erz\u00e4hlt wird. Sogar ich verstehe meine von mir geschriebenen B\u00fccher zu anderen Zeiten auf andere Weise. Sie enthalten unz\u00e4hlige Informationen, die es erm\u00f6glichen, auf der Basis eigener Erfahrungen verschiedenartiges Wissen zu erlangen.<\/em><\/p>\n<p><em>Wir Menschen existieren in einem kosmischen \u201eInformationsmeer\u201c. Unsere Wirklichkeit, in der unser irdisches Dasein stattfindet, ist \u201erandvoll\u201c von Informationen. Indem wir uns mit unserer Umgebung und mit uns auseinandersetzen, erwerben wir daraus Wissen. Dies ist ein intensiver Prozess der Entdeckung und Erforschung. Die Information eines Buches, welches uns eine Maschine zur Verf\u00fcgung stellt, sagt uns nichts, wenn wir das nicht in unsere durch unser Erleben gestaltete Vorstellungen einordnen k\u00f6nnen.<\/em><\/p>\n<p><em>Ein wesentlicher Teil unseres Menschseins besteht aus dem Prozess der Generierung von Wissen aus Informationen. Das zu vollbringen, erlaubt uns unser \u00dcberleben und Gestalten der Welt. Wir entwickeln im Leben geistige Vorstellungen, Begriffe, Grundannahmen, auf deren Basis wir denken und handeln. Dem Wissen liegt ein lebendiger sch\u00f6pferischer Prozess zugrunde.<\/em><\/p>\n<p><em>Genau solch ein Verst\u00e4ndnis ben\u00f6tigen Maschinen nicht. Sie werten das Wissen der Menschen aus, indem sie die dahinterliegenden Muster (sinngebende Verkn\u00fcpfung von Informationen) erkennen. Muster, die ihren Ursprung im menschlichen Denken und Handeln haben. Diese Muster lassen sich erfolgreich bei der Auswertung von Informationen durch die Maschine anwenden und k\u00f6nnen den Menschen dann bei der Gewinnung von weiterem Wissen umfassend unterst\u00fctzen<\/em><\/p>\n<p><em>Alle Ph\u00e4nomene der Welt stehen in einem Zusammenhang und deshalb k\u00f6nnen sie durch den Menschen, der Teil der Gesamtheit ist, in einem geistigen Geschehen erfasst werden. Alles Leben erwirbt in der Auseinandersetzung mit der Wirklichkeit Erkenntnis oder Wissen. Maschinen imitieren den Vorgang auf Basis der vom Menschen geleisteten \u201eArbeit\u201c zum Wissenserwerb. Wenn der Mensch seine Einbettung als Teil der Sch\u00f6pfung nicht erkennt, sondern sich als getrenntes, autonom funktionierendes Wesen ansieht, n\u00e4hert er sein Selbstbild dem einer Maschine an.<\/em><\/p>\n<p><em><strong>Die Roboter erf\u00fcllen nicht allein alle materiellen Bed\u00fcrfnisse des Menschen, sondern optimieren gleichfalls seine neuronale Aktivit\u00e4t. Ein Bewohner der Zivilisation muss nichts denken, f\u00fchlen oder empfinden, was ihm missf\u00e4llt und nicht zu seinem Wohlbefinden beitr\u00e4gt.<br \/>\nAus: Tonios Gl\u00fcck<\/strong><\/em><\/p>\n<p>&nbsp;<\/p>\n<p>&nbsp;<\/p>\n","protected":false},"excerpt":{"rendered":"<p>\u00a0 Tonios Gl\u00fcck \u00a0\u00a0 \u00a0 \u00a0 Die Zukunft \u00a0\u00a0\u00a0\u00a0\u00a0\u00a0 Leseprobe \u00a0\u00a0\u00a0\u00a0\u00a0 Bezug\u00a0 \u00a0 \u00a0 \u00a0 \u00a0 Gedanken KI, der Mensch und das Wissen In den Jahren, als ich an der Novelle Tonios Gl\u00fcck arbeitete, war noch nicht erkennbar, wie rasant und umfassend der Durchbruch bei der KI-Technologie eintreten w\u00fcrde. Vor dem Hintergrund der heutigen KI-Technologie [&hellip;]<\/p>\n","protected":false},"author":1,"featured_media":0,"parent":0,"menu_order":0,"comment_status":"closed","ping_status":"closed","template":"","meta":{"footnotes":""},"class_list":["post-1622","page","type-page","status-publish","hentry"],"_links":{"self":[{"href":"https:\/\/einschamanenweg.de\/index.php?rest_route=\/wp\/v2\/pages\/1622","targetHints":{"allow":["GET"]}}],"collection":[{"href":"https:\/\/einschamanenweg.de\/index.php?rest_route=\/wp\/v2\/pages"}],"about":[{"href":"https:\/\/einschamanenweg.de\/index.php?rest_route=\/wp\/v2\/types\/page"}],"author":[{"embeddable":true,"href":"https:\/\/einschamanenweg.de\/index.php?rest_route=\/wp\/v2\/users\/1"}],"replies":[{"embeddable":true,"href":"https:\/\/einschamanenweg.de\/index.php?rest_route=%2Fwp%2Fv2%2Fcomments&post=1622"}],"version-history":[{"count":4,"href":"https:\/\/einschamanenweg.de\/index.php?rest_route=\/wp\/v2\/pages\/1622\/revisions"}],"predecessor-version":[{"id":1629,"href":"https:\/\/einschamanenweg.de\/index.php?rest_route=\/wp\/v2\/pages\/1622\/revisions\/1629"}],"wp:attachment":[{"href":"https:\/\/einschamanenweg.de\/index.php?rest_route=%2Fwp%2Fv2%2Fmedia&parent=1622"}],"curies":[{"name":"wp","href":"https:\/\/api.w.org\/{rel}","templated":true}]}}