{"id":1607,"date":"2025-08-18T14:33:04","date_gmt":"2025-08-18T14:33:04","guid":{"rendered":"https:\/\/einschamanenweg.de\/?page_id=1607"},"modified":"2025-08-24T14:58:26","modified_gmt":"2025-08-24T14:58:26","slug":"am-fluss-einklang-und-trennung","status":"publish","type":"page","link":"https:\/\/einschamanenweg.de\/?page_id=1607","title":{"rendered":"Am Fluss: Einklang und Trennung"},"content":{"rendered":"<p><a href=\"https:\/\/einschamanenweg.de\/?page_id=1566\"><img loading=\"lazy\" decoding=\"async\" class=\"alignnone wp-image-1559\" src=\"https:\/\/einschamanenweg.de\/wp-content\/uploads\/2025\/07\/Buch-Fluss-211x300.jpg\" alt=\"\" width=\"20\" height=\"28\" srcset=\"https:\/\/einschamanenweg.de\/wp-content\/uploads\/2025\/07\/Buch-Fluss-211x300.jpg 211w, https:\/\/einschamanenweg.de\/wp-content\/uploads\/2025\/07\/Buch-Fluss.jpg 250w\" sizes=\"auto, (max-width: 20px) 100vw, 20px\" \/><\/a>\u00a0\u00a0<em>Cover\u00a0 \u00a0 \u00a0 \u00a0 <a href=\"https:\/\/einschamanenweg.de\/?page_id=1578\"><img loading=\"lazy\" decoding=\"async\" class=\"alignnone wp-image-1559\" src=\"https:\/\/einschamanenweg.de\/wp-content\/uploads\/2025\/07\/Buch-Fluss-211x300.jpg\" alt=\"\" width=\"20\" height=\"28\" srcset=\"https:\/\/einschamanenweg.de\/wp-content\/uploads\/2025\/07\/Buch-Fluss-211x300.jpg 211w, https:\/\/einschamanenweg.de\/wp-content\/uploads\/2025\/07\/Buch-Fluss.jpg 250w\" sizes=\"auto, (max-width: 20px) 100vw, 20px\" \/><\/a> Gedanken\u00a0 \u00a0 <a href=\"https:\/\/einschamanenweg.de\/?page_id=1597\"><img loading=\"lazy\" decoding=\"async\" class=\"alignnone wp-image-1559\" src=\"https:\/\/einschamanenweg.de\/wp-content\/uploads\/2025\/07\/Buch-Fluss-211x300.jpg\" alt=\"\" width=\"20\" height=\"28\" srcset=\"https:\/\/einschamanenweg.de\/wp-content\/uploads\/2025\/07\/Buch-Fluss-211x300.jpg 211w, https:\/\/einschamanenweg.de\/wp-content\/uploads\/2025\/07\/Buch-Fluss.jpg 250w\" sizes=\"auto, (max-width: 20px) 100vw, 20px\" \/><\/a>\u00a0 Leseprobe\u00a0 \u00a0<a href=\"https:\/\/einschamanenweg.de\/?page_id=1557\"><img loading=\"lazy\" decoding=\"async\" class=\"alignnone wp-image-1559\" src=\"https:\/\/einschamanenweg.de\/wp-content\/uploads\/2025\/07\/Buch-Fluss-211x300.jpg\" alt=\"\" width=\"20\" height=\"28\" srcset=\"https:\/\/einschamanenweg.de\/wp-content\/uploads\/2025\/07\/Buch-Fluss-211x300.jpg 211w, https:\/\/einschamanenweg.de\/wp-content\/uploads\/2025\/07\/Buch-Fluss.jpg 250w\" sizes=\"auto, (max-width: 20px) 100vw, 20px\" \/><\/a>\u00a0 Bezug\u00a0 \u00a0 \u00a0 <a href=\"https:\/\/einschamanenweg.de\/?page_id=1577\"><img loading=\"lazy\" decoding=\"async\" class=\"alignnone wp-image-1559\" src=\"https:\/\/einschamanenweg.de\/wp-content\/uploads\/2025\/07\/Buch-Fluss-211x300.jpg\" alt=\"\" width=\"20\" height=\"28\" srcset=\"https:\/\/einschamanenweg.de\/wp-content\/uploads\/2025\/07\/Buch-Fluss-211x300.jpg 211w, https:\/\/einschamanenweg.de\/wp-content\/uploads\/2025\/07\/Buch-Fluss.jpg 250w\" sizes=\"auto, (max-width: 20px) 100vw, 20px\" \/><\/a>\u00a0 Kunst\u00a0 \u00a0 <a href=\"https:\/\/einschamanenweg.de\/?page_id=1543\"><img loading=\"lazy\" decoding=\"async\" class=\"alignnone wp-image-1559\" src=\"https:\/\/einschamanenweg.de\/wp-content\/uploads\/2025\/07\/Buch-Fluss-211x300.jpg\" alt=\"\" width=\"20\" height=\"28\" srcset=\"https:\/\/einschamanenweg.de\/wp-content\/uploads\/2025\/07\/Buch-Fluss-211x300.jpg 211w, https:\/\/einschamanenweg.de\/wp-content\/uploads\/2025\/07\/Buch-Fluss.jpg 250w\" sizes=\"auto, (max-width: 20px) 100vw, 20px\" \/><\/a>\u00a0 Buch<\/em><\/p>\n<p><img loading=\"lazy\" decoding=\"async\" class=\"alignnone wp-image-1545\" src=\"https:\/\/einschamanenweg.de\/wp-content\/uploads\/2025\/07\/Solen_org-scaled-e1752608519522-300x80.jpg\" alt=\"\" width=\"1000\" height=\"267\" srcset=\"https:\/\/einschamanenweg.de\/wp-content\/uploads\/2025\/07\/Solen_org-scaled-e1752608519522-300x80.jpg 300w, https:\/\/einschamanenweg.de\/wp-content\/uploads\/2025\/07\/Solen_org-scaled-e1752608519522-1024x273.jpg 1024w, https:\/\/einschamanenweg.de\/wp-content\/uploads\/2025\/07\/Solen_org-scaled-e1752608519522-768x205.jpg 768w, https:\/\/einschamanenweg.de\/wp-content\/uploads\/2025\/07\/Solen_org-scaled-e1752608519522-1536x410.jpg 1536w, https:\/\/einschamanenweg.de\/wp-content\/uploads\/2025\/07\/Solen_org-scaled-e1752608519522-2048x546.jpg 2048w, https:\/\/einschamanenweg.de\/wp-content\/uploads\/2025\/07\/Solen_org-scaled-e1752608519522-624x166.jpg 624w\" sizes=\"auto, (max-width: 1000px) 100vw, 1000px\" \/><\/p>\n<h2>Einklang und Trennung<\/h2>\n<p><img loading=\"lazy\" decoding=\"async\" class=\"alignleft size-medium wp-image-1611\" src=\"https:\/\/einschamanenweg.de\/wp-content\/uploads\/2025\/08\/Ornament33-300x178.jpg\" alt=\"\" width=\"300\" height=\"178\" srcset=\"https:\/\/einschamanenweg.de\/wp-content\/uploads\/2025\/08\/Ornament33-300x178.jpg 300w, https:\/\/einschamanenweg.de\/wp-content\/uploads\/2025\/08\/Ornament33.jpg 616w\" sizes=\"auto, (max-width: 300px) 100vw, 300px\" \/><em><strong>Wie sehr sehen wir uns Menschen nach einem &#8222;Gott&#8220; &#8211; einer Mutter, einem Vater -, der f\u00fcr uns sorgt, uns vor Leid bewahrt, unser irdisches Dasein besch\u00fctzt. Sicher, Mutter Erde schenkt uns vieles im Leben. Ohne sie w\u00e4ren wir verloren. Aus ihrer Substanz bildet sich unser K\u00f6rper. Aus ihren Fr\u00fcchten ern\u00e4hren wir uns. Ihr Wasser trinken wir. Ihre Luft atmen wir.<\/strong><\/em><\/p>\n<p><em>Und doch leiden wir Mangel. Denn je mehr wir unsere Wirklichkeit selbst gestalten, die Erde bearbeiten und nutzen, desto st\u00e4rker wir Zust\u00e4ndigkeit und Verantwortung \u00fcbernehmen, verlieren wir ihre Versorgung und sind auf uns selbst gestellt. Die Erde zwingt uns, wollen wir uns entwickeln und wachsen, zur Arbeit f\u00fcr unser \u00dcberleben.<\/em><\/p>\n<p><em>Vater Himmel schenkt uns die F\u00e4higkeit, die Welt zu verstehen. Wir finden uns zurecht in ihr. Dar\u00fcber werden wir immer mehr Individuum und bauen unsere eigene Wirklichkeit. Fortw\u00e4hrend entdecken wir Neues, erfinden Hilfsmittel f\u00fcr unser Leben. Trennen uns vom Vater Himmel. Tiefgreifende Irrt\u00fcmer begleiten uns in diesem Prozess.<\/em><\/p>\n<p><em>Und dann klagen wir, dass &#8222;Gott&#8220; nicht f\u00fcr uns sorgt, sondern uns\u00e4gliches Leid zul\u00e4sst. Denn wir haben unsere eigenen Werte erschaffen, unseren eigenen Willen entdeckt und dies sagt uns: Die Welt sollte f\u00fcr uns eine andere sein, als sie sich zeigt. Hat &#8222;Gott&#8220; versagt? Solche Zweifel begleiten uns und m\u00f6gen zur Konsequenz haben, seine Existenz abzustreiten.<\/em><\/p>\n<p><em>Aber ist es nicht so, dass wir Menschen das &#8222;Menschliche&#8220; in die Welt bringen m\u00fcssen? Das uns die Sch\u00f6pfung das aufgetragen hat. K\u00f6nnen wir uns bei der Sch\u00f6pfung beklagen, dass sie uns diese Aufgabe nicht abnimmt und wir autonome Individuen, die gestalten, werden?<\/em><\/p>\n<p><em>Es liegt auch der Impuls in uns als von &#8222;Gott&#8220; getrennte, sich selbst wahrnehmende Individuen, die Sch\u00f6pfungskr\u00e4fte, die unser Gut und Schlecht nicht kennen, in ihrer urspr\u00fcnglichen &#8211; ja unmenschlichen &#8211; Kraft zu leben. Den Kreislauf des Lebens, der auf Erden steter Wandel ist, in dem die eine Lebensform in die andere \u00fcbergeht, die das einzelne Wesen nicht hervorhebt, sondern allein dem Ganzen dient, erhalten wir auf solche Weise. Doch R\u00fccksicht hinsichtlich der allein auf einzelne Menschen bezogenen Bed\u00fcrfnisse, \u00c4ngste, W\u00fcnsche kennt dieses Handeln nicht. T\u00f6ten und Sterben geh\u00f6rt in diese Welt. Allerdings: Dem widersprechen wir, solange es uns m\u00f6glich ist, wenn wir in uns sp\u00fcren, unseren individuellen Beitrag zur Welt, in der unsere Vorstellung von richtig und falsch gilt, leisten zu m\u00f6chten.<\/em><\/p>\n<p><em>Es ist eine gro\u00dfe Aufgabe, die der Mensch als Teil der Sch\u00f6pfung zu tragen hat. Er leidet, weil er wahrnimmt und Bewusstsein (inneres Erleben) ausbildet. Und er erkennt, dass die Welt nach anderen Gesetzen funktioniert, als er sie sich w\u00fcnscht. Nur wenn er sich als Teil der Sch\u00f6pfung sieht und sich vollkommen eingliedert, findet das Leid ein Ende. Oder: Wenn er eine Welt erschafft, die Leid und Not verringert. Das ist ihm ein Ziel. Allein, da er auf diesem Weg Individuum wird, verstrickt er sich in Egoismus &#8211; als Einzelner und als Kollektiv.<\/em><\/p>\n<p><em>In dieser Novelle berichtet Ninhursanga von der Welt des Einklangs mit der Sch\u00f6pfung und Chris von der Trennung.<\/em><\/p>\n<p>&nbsp;<\/p>\n","protected":false},"excerpt":{"rendered":"<p>\u00a0\u00a0Cover\u00a0 \u00a0 \u00a0 \u00a0 Gedanken\u00a0 \u00a0 \u00a0 Leseprobe\u00a0 \u00a0\u00a0 Bezug\u00a0 \u00a0 \u00a0 \u00a0 Kunst\u00a0 \u00a0 \u00a0 Buch Einklang und Trennung Wie sehr sehen wir uns Menschen nach einem &#8222;Gott&#8220; &#8211; einer Mutter, einem Vater -, der f\u00fcr uns sorgt, uns vor Leid bewahrt, unser irdisches Dasein besch\u00fctzt. Sicher, Mutter Erde schenkt uns vieles im Leben. [&hellip;]<\/p>\n","protected":false},"author":1,"featured_media":0,"parent":0,"menu_order":0,"comment_status":"closed","ping_status":"closed","template":"","meta":{"footnotes":""},"class_list":["post-1607","page","type-page","status-publish","hentry"],"_links":{"self":[{"href":"https:\/\/einschamanenweg.de\/index.php?rest_route=\/wp\/v2\/pages\/1607","targetHints":{"allow":["GET"]}}],"collection":[{"href":"https:\/\/einschamanenweg.de\/index.php?rest_route=\/wp\/v2\/pages"}],"about":[{"href":"https:\/\/einschamanenweg.de\/index.php?rest_route=\/wp\/v2\/types\/page"}],"author":[{"embeddable":true,"href":"https:\/\/einschamanenweg.de\/index.php?rest_route=\/wp\/v2\/users\/1"}],"replies":[{"embeddable":true,"href":"https:\/\/einschamanenweg.de\/index.php?rest_route=%2Fwp%2Fv2%2Fcomments&post=1607"}],"version-history":[{"count":5,"href":"https:\/\/einschamanenweg.de\/index.php?rest_route=\/wp\/v2\/pages\/1607\/revisions"}],"predecessor-version":[{"id":1626,"href":"https:\/\/einschamanenweg.de\/index.php?rest_route=\/wp\/v2\/pages\/1607\/revisions\/1626"}],"wp:attachment":[{"href":"https:\/\/einschamanenweg.de\/index.php?rest_route=%2Fwp%2Fv2%2Fmedia&parent=1607"}],"curies":[{"name":"wp","href":"https:\/\/api.w.org\/{rel}","templated":true}]}}