{"id":1578,"date":"2025-08-03T17:30:47","date_gmt":"2025-08-03T17:30:47","guid":{"rendered":"https:\/\/einschamanenweg.de\/?page_id=1578"},"modified":"2025-08-18T14:37:32","modified_gmt":"2025-08-18T14:37:32","slug":"gedanken-am-fluss","status":"publish","type":"page","link":"https:\/\/einschamanenweg.de\/?page_id=1578","title":{"rendered":"Gedanken am Fluss"},"content":{"rendered":"<p><a href=\"https:\/\/einschamanenweg.de\/?page_id=1566\"><img loading=\"lazy\" decoding=\"async\" class=\"alignnone wp-image-1559\" src=\"https:\/\/einschamanenweg.de\/wp-content\/uploads\/2025\/07\/Buch-Fluss-211x300.jpg\" alt=\"\" width=\"20\" height=\"28\" srcset=\"https:\/\/einschamanenweg.de\/wp-content\/uploads\/2025\/07\/Buch-Fluss-211x300.jpg 211w, https:\/\/einschamanenweg.de\/wp-content\/uploads\/2025\/07\/Buch-Fluss.jpg 250w\" sizes=\"auto, (max-width: 20px) 100vw, 20px\" \/><\/a>\u00a0\u00a0<em>Cover\u00a0 \u00a0 \u00a0 \u00a0 <a href=\"https:\/\/einschamanenweg.de\/?page_id=1543\"><img loading=\"lazy\" decoding=\"async\" class=\"alignnone wp-image-1559\" src=\"https:\/\/einschamanenweg.de\/wp-content\/uploads\/2025\/07\/Buch-Fluss-211x300.jpg\" alt=\"\" width=\"20\" height=\"28\" srcset=\"https:\/\/einschamanenweg.de\/wp-content\/uploads\/2025\/07\/Buch-Fluss-211x300.jpg 211w, https:\/\/einschamanenweg.de\/wp-content\/uploads\/2025\/07\/Buch-Fluss.jpg 250w\" sizes=\"auto, (max-width: 20px) 100vw, 20px\" \/><\/a> Das Buch\u00a0 \u00a0 <a href=\"https:\/\/einschamanenweg.de\/?page_id=1597\"><img loading=\"lazy\" decoding=\"async\" class=\"alignnone wp-image-1559\" src=\"https:\/\/einschamanenweg.de\/wp-content\/uploads\/2025\/07\/Buch-Fluss-211x300.jpg\" alt=\"\" width=\"20\" height=\"28\" srcset=\"https:\/\/einschamanenweg.de\/wp-content\/uploads\/2025\/07\/Buch-Fluss-211x300.jpg 211w, https:\/\/einschamanenweg.de\/wp-content\/uploads\/2025\/07\/Buch-Fluss.jpg 250w\" sizes=\"auto, (max-width: 20px) 100vw, 20px\" \/><\/a>\u00a0 Leseprobe\u00a0 \u00a0<a href=\"https:\/\/einschamanenweg.de\/?page_id=1557\"><img loading=\"lazy\" decoding=\"async\" class=\"alignnone wp-image-1559\" src=\"https:\/\/einschamanenweg.de\/wp-content\/uploads\/2025\/07\/Buch-Fluss-211x300.jpg\" alt=\"\" width=\"20\" height=\"28\" srcset=\"https:\/\/einschamanenweg.de\/wp-content\/uploads\/2025\/07\/Buch-Fluss-211x300.jpg 211w, https:\/\/einschamanenweg.de\/wp-content\/uploads\/2025\/07\/Buch-Fluss.jpg 250w\" sizes=\"auto, (max-width: 20px) 100vw, 20px\" \/><\/a>\u00a0 Bezug\u00a0 \u00a0 \u00a0 <a href=\"https:\/\/einschamanenweg.de\/?page_id=1577\"><img loading=\"lazy\" decoding=\"async\" class=\"alignnone wp-image-1559\" src=\"https:\/\/einschamanenweg.de\/wp-content\/uploads\/2025\/07\/Buch-Fluss-211x300.jpg\" alt=\"\" width=\"20\" height=\"28\" srcset=\"https:\/\/einschamanenweg.de\/wp-content\/uploads\/2025\/07\/Buch-Fluss-211x300.jpg 211w, https:\/\/einschamanenweg.de\/wp-content\/uploads\/2025\/07\/Buch-Fluss.jpg 250w\" sizes=\"auto, (max-width: 20px) 100vw, 20px\" \/><\/a>\u00a0 Die Kunst\u00a0 \u00a0 <a href=\"https:\/\/einschamanenweg.de\/?page_id=1607\"><img loading=\"lazy\" decoding=\"async\" class=\"alignnone wp-image-1559\" src=\"https:\/\/einschamanenweg.de\/wp-content\/uploads\/2025\/07\/Buch-Fluss-211x300.jpg\" alt=\"\" width=\"20\" height=\"28\" srcset=\"https:\/\/einschamanenweg.de\/wp-content\/uploads\/2025\/07\/Buch-Fluss-211x300.jpg 211w, https:\/\/einschamanenweg.de\/wp-content\/uploads\/2025\/07\/Buch-Fluss.jpg 250w\" sizes=\"auto, (max-width: 20px) 100vw, 20px\" \/><\/a>\u00a0 Einklang<\/em><\/p>\n<p><img loading=\"lazy\" decoding=\"async\" class=\"alignnone wp-image-1545\" src=\"https:\/\/einschamanenweg.de\/wp-content\/uploads\/2025\/07\/Solen_org-scaled-e1752608519522-300x80.jpg\" alt=\"\" width=\"1000\" height=\"267\" srcset=\"https:\/\/einschamanenweg.de\/wp-content\/uploads\/2025\/07\/Solen_org-scaled-e1752608519522-300x80.jpg 300w, https:\/\/einschamanenweg.de\/wp-content\/uploads\/2025\/07\/Solen_org-scaled-e1752608519522-1024x273.jpg 1024w, https:\/\/einschamanenweg.de\/wp-content\/uploads\/2025\/07\/Solen_org-scaled-e1752608519522-768x205.jpg 768w, https:\/\/einschamanenweg.de\/wp-content\/uploads\/2025\/07\/Solen_org-scaled-e1752608519522-1536x410.jpg 1536w, https:\/\/einschamanenweg.de\/wp-content\/uploads\/2025\/07\/Solen_org-scaled-e1752608519522-2048x546.jpg 2048w, https:\/\/einschamanenweg.de\/wp-content\/uploads\/2025\/07\/Solen_org-scaled-e1752608519522-624x166.jpg 624w\" sizes=\"auto, (max-width: 1000px) 100vw, 1000px\" \/><\/p>\n<h2>Gedanken<\/h2>\n<h2 style=\"text-align: center;\"><strong>Man sieht nur mit dem Herzen gut.<br \/>\n<\/strong><strong>Das Wesentliche ist f\u00fcr die Augen unsichtbar.<br \/>\n<\/strong><\/h2>\n<p><em>Wie finde<img loading=\"lazy\" decoding=\"async\" class=\"alignleft wp-image-1579 size-full\" src=\"https:\/\/einschamanenweg.de\/wp-content\/uploads\/2025\/08\/Schamane73-300.jpg\" alt=\"\" width=\"139\" height=\"158\" \/>t der Mensch Zugang zur Wirklichkeit? Als Wesen dieser Erde besitzt er hierf\u00fcr Sinne. Die Sinne lassen ihn erleben, was ihm und seiner Umgebung geschieht. \u00dcber die Sinne ist er Betrachter. Doch noch mehr schenken ihm die Sinne: Empfindungen und Gef\u00fchle, Schmerz, Freude, Leid, Gl\u00fcck \u2026<\/em><\/p>\n<p><em>\u00dcber die Sinne die Welt zu erfahren, trennt den Menschen von der Natur und Sch\u00f6pfung. Denn es ist er \u2013 ein ich bin -, der die Welt und sich erkennt. Er hat sich gel\u00f6st von seiner Umgebung und beschreibt nun durch Gesetze und Regeln, was ihm begegnet. Solch ein Bewusstsein (inneres Erleben) hat er entwickelt.<\/em><\/p>\n<p><em>Das Herz ist kein Sinnesorgan wie die Augen. Das Herz ist ein Ort des Mitgef\u00fchls, nicht der Moral. Mit dem\u00a0Herzen kann der Mensch zugeh\u00f6rig sein. So er\u00f6ffnet sich ihm die Seelenwelt. Diese l\u00e4sst ihn den Sinn erfahren. Denn der Sinn ist in der Welt der Seele zu Hause.<\/em><\/p>\n<p><em>Zu Autonomie, Individualit\u00e4t, der Freiheit des eigenen Willens strebt der Mensch. Dar\u00fcber ist er aus der Sch\u00f6pfungsordnung gefallen und m\u00f6chte seine eigenen Vorstellungen verwirklichen. Allerdings auf diesem Weg liegen unz\u00e4hlige Irrt\u00fcmer. Denn Entwicklung bedeutet, stets im Zustand zu leben, der neue Erkenntnis hervorbringt.<\/em><\/p>\n<p><em>Wie schwierig ist es also f\u00fcr die Menschen aus den L\u00e4ndern des Eigentums und der Maschinen Ninhursanga zu verstehen. Ninhursangas Erleben der Wirklichkeit ist anders, weil ihr Zugang ein anderer ist \u2013 jenseits der Sinne. Wie herausfordernd ist es f\u00fcr Ninhursanga, sich in das Erleben der Menschen aus den L\u00e4ndern des Eigentums und der Maschinen hineinzuversetzen.<\/em><\/p>\n<p><em>K\u00f6nnen wir uns dessen bewusst sein, wenn wir dem Neuen und uns Fremden begegnen? Und wissen wir dann, dass wir auf der Erde weilen, um zu lernen?<\/em><\/p>\n<p class=\"Standard\" style=\"text-align: center; text-indent: 0cm; line-height: 120%;\" align=\"center\"><em><span style=\"font-size: 11.0pt; line-height: 120%; font-family: 'Calibri',sans-serif;\">Welch sch\u00f6nes Kleid breitest du aus,<br \/>\n<\/span><span style=\"font-size: 11.0pt; line-height: 120%; font-family: 'Calibri',sans-serif;\">in das wir uns verweben.<br \/>\n<\/span><span style=\"font-size: 11.0pt; line-height: 120%; font-family: 'Calibri',sans-serif;\">Welch sch\u00f6nes Kleid in Gr\u00fcn und Braun<br \/>\n<\/span><span style=\"font-size: 11.0pt; line-height: 120%; font-family: 'Calibri',sans-serif;\">begleitet uns im Leben.<\/span><\/em><\/p>\n<p class=\"Standard\" style=\"text-align: center; text-indent: 0cm; line-height: 120%;\" align=\"center\"><em><span style=\"font-size: 11.0pt; line-height: 120%; font-family: 'Calibri',sans-serif;\">Wir danken dir, du uns beschenkst,<br \/>\n<\/span><span style=\"font-size: 11.0pt; line-height: 120%; font-family: 'Calibri',sans-serif;\">du unser Dasein sch\u00fctzend lenkst.<br \/>\n<\/span><span style=\"font-size: 11.0pt; line-height: 120%; font-family: 'Calibri',sans-serif;\">Ach, gro\u00dfe Mutter, blau scheint das Meer,<br \/>\n<\/span><span style=\"font-size: 11.0pt; line-height: 120%; font-family: 'Calibri',sans-serif;\">weckt Sehnsucht, macht das Herz uns schwer.<\/span><\/em><\/p>\n<p class=\"Standard\" style=\"text-align: center; text-indent: 0cm; line-height: 120%;\" align=\"center\"><em><span style=\"font-size: 11.0pt; line-height: 120%; font-family: 'Calibri',sans-serif;\">Ach, gro\u00dfe Mutter, auch der Himmel strahlt blau,<br \/>\n<\/span><span style=\"font-size: 11.0pt; line-height: 120%; font-family: 'Calibri',sans-serif;\">wenn ich hinauf zur Sonne schau,<br \/>\n<\/span><span style=\"font-size: 11.0pt; line-height: 120%; font-family: 'Calibri',sans-serif;\">dann wei\u00df ich auch von deinem Streben<br \/>\n<\/span><span style=\"font-size: 11.0pt; line-height: 120%; font-family: 'Calibri',sans-serif;\">und mach\u2019s zum Gleichnis f\u00fcr mein Leben.<\/span><\/em><\/p>\n<p class=\"Standard\" style=\"text-align: center; text-indent: 0cm; line-height: 120%;\" align=\"center\"><em><span style=\"font-size: 11.0pt; line-height: 120%; font-family: 'Calibri',sans-serif;\">Die Blumen bl\u00fchen in bunten Farben,<br \/>\n<\/span><span style=\"font-size: 11.0pt; line-height: 120%; font-family: 'Calibri',sans-serif;\">die B\u00e4ume manch s\u00fc\u00dfe Fr\u00fcchte tragen.<br \/>\n<\/span><span style=\"font-size: 11.0pt; line-height: 120%; font-family: 'Calibri',sans-serif;\">Die Fische still im Wasser liegen,<br \/>\n<\/span><span style=\"font-size: 11.0pt; line-height: 120%; font-family: 'Calibri',sans-serif;\">die V\u00f6gel in den H\u00f6hen fliegen.<\/span><\/em><\/p>\n<p class=\"Standard\" style=\"text-align: center; text-indent: 0cm; line-height: 120%;\" align=\"center\"><em><span style=\"font-size: 11.0pt; line-height: 120%; font-family: 'Calibri',sans-serif;\">Du sprichst zu uns Menschen und l\u00e4sst dich erfahren,<br \/>\n<\/span><span style=\"font-size: 11.0pt; line-height: 120%; font-family: 'Calibri',sans-serif;\">wir lernen, wir wachsen in all den Jahren.<br \/>\n<\/span><span style=\"font-size: 11.0pt; line-height: 120%; font-family: 'Calibri',sans-serif;\">Wir ehren dich, wir sind dir treu<br \/>\n<\/span><span style=\"font-size: 11.0pt; line-height: 120%; font-family: 'Calibri',sans-serif;\">und suchen uns auf ewig neu.<\/span><\/em><\/p>\n","protected":false},"excerpt":{"rendered":"<p>\u00a0\u00a0Cover\u00a0 \u00a0 \u00a0 \u00a0 Das Buch\u00a0 \u00a0 \u00a0 Leseprobe\u00a0 \u00a0\u00a0 Bezug\u00a0 \u00a0 \u00a0 \u00a0 Die Kunst\u00a0 \u00a0 \u00a0 Einklang Gedanken Man sieht nur mit dem Herzen gut. Das Wesentliche ist f\u00fcr die Augen unsichtbar. Wie findet der Mensch Zugang zur Wirklichkeit? Als Wesen dieser Erde besitzt er hierf\u00fcr Sinne. Die Sinne lassen ihn erleben, was [&hellip;]<\/p>\n","protected":false},"author":1,"featured_media":0,"parent":0,"menu_order":0,"comment_status":"closed","ping_status":"closed","template":"","meta":{"footnotes":""},"class_list":["post-1578","page","type-page","status-publish","hentry"],"_links":{"self":[{"href":"https:\/\/einschamanenweg.de\/index.php?rest_route=\/wp\/v2\/pages\/1578","targetHints":{"allow":["GET"]}}],"collection":[{"href":"https:\/\/einschamanenweg.de\/index.php?rest_route=\/wp\/v2\/pages"}],"about":[{"href":"https:\/\/einschamanenweg.de\/index.php?rest_route=\/wp\/v2\/types\/page"}],"author":[{"embeddable":true,"href":"https:\/\/einschamanenweg.de\/index.php?rest_route=\/wp\/v2\/users\/1"}],"replies":[{"embeddable":true,"href":"https:\/\/einschamanenweg.de\/index.php?rest_route=%2Fwp%2Fv2%2Fcomments&post=1578"}],"version-history":[{"count":7,"href":"https:\/\/einschamanenweg.de\/index.php?rest_route=\/wp\/v2\/pages\/1578\/revisions"}],"predecessor-version":[{"id":1618,"href":"https:\/\/einschamanenweg.de\/index.php?rest_route=\/wp\/v2\/pages\/1578\/revisions\/1618"}],"wp:attachment":[{"href":"https:\/\/einschamanenweg.de\/index.php?rest_route=%2Fwp%2Fv2%2Fmedia&parent=1578"}],"curies":[{"name":"wp","href":"https:\/\/api.w.org\/{rel}","templated":true}]}}