{"id":1577,"date":"2025-08-03T20:08:49","date_gmt":"2025-08-03T20:08:49","guid":{"rendered":"https:\/\/einschamanenweg.de\/?page_id=1577"},"modified":"2025-08-28T16:14:37","modified_gmt":"2025-08-28T16:14:37","slug":"die-kunst-zu-schreiben","status":"publish","type":"page","link":"https:\/\/einschamanenweg.de\/?page_id=1577","title":{"rendered":"Die Kunst zu schreiben"},"content":{"rendered":"<p><a href=\"https:\/\/einschamanenweg.de\/?page_id=1566\"><img loading=\"lazy\" decoding=\"async\" class=\"alignnone wp-image-1559\" src=\"https:\/\/einschamanenweg.de\/wp-content\/uploads\/2025\/07\/Buch-Fluss-211x300.jpg\" alt=\"\" width=\"20\" height=\"28\" srcset=\"https:\/\/einschamanenweg.de\/wp-content\/uploads\/2025\/07\/Buch-Fluss-211x300.jpg 211w, https:\/\/einschamanenweg.de\/wp-content\/uploads\/2025\/07\/Buch-Fluss.jpg 250w\" sizes=\"auto, (max-width: 20px) 100vw, 20px\" \/><\/a>\u00a0\u00a0<em>Cover\u00a0 \u00a0 \u00a0 \u00a0 <a href=\"https:\/\/einschamanenweg.de\/?page_id=1578\"><img loading=\"lazy\" decoding=\"async\" class=\"alignnone wp-image-1559\" src=\"https:\/\/einschamanenweg.de\/wp-content\/uploads\/2025\/07\/Buch-Fluss-211x300.jpg\" alt=\"\" width=\"20\" height=\"28\" srcset=\"https:\/\/einschamanenweg.de\/wp-content\/uploads\/2025\/07\/Buch-Fluss-211x300.jpg 211w, https:\/\/einschamanenweg.de\/wp-content\/uploads\/2025\/07\/Buch-Fluss.jpg 250w\" sizes=\"auto, (max-width: 20px) 100vw, 20px\" \/><\/a> Gedanken\u00a0 \u00a0 <a href=\"https:\/\/einschamanenweg.de\/?page_id=1597\"><img loading=\"lazy\" decoding=\"async\" class=\"alignnone wp-image-1559\" src=\"https:\/\/einschamanenweg.de\/wp-content\/uploads\/2025\/07\/Buch-Fluss-211x300.jpg\" alt=\"\" width=\"20\" height=\"28\" srcset=\"https:\/\/einschamanenweg.de\/wp-content\/uploads\/2025\/07\/Buch-Fluss-211x300.jpg 211w, https:\/\/einschamanenweg.de\/wp-content\/uploads\/2025\/07\/Buch-Fluss.jpg 250w\" sizes=\"auto, (max-width: 20px) 100vw, 20px\" \/><\/a>\u00a0 Leseprobe\u00a0 \u00a0<a href=\"https:\/\/einschamanenweg.de\/?page_id=1557\"><img loading=\"lazy\" decoding=\"async\" class=\"alignnone wp-image-1559\" src=\"https:\/\/einschamanenweg.de\/wp-content\/uploads\/2025\/07\/Buch-Fluss-211x300.jpg\" alt=\"\" width=\"20\" height=\"28\" srcset=\"https:\/\/einschamanenweg.de\/wp-content\/uploads\/2025\/07\/Buch-Fluss-211x300.jpg 211w, https:\/\/einschamanenweg.de\/wp-content\/uploads\/2025\/07\/Buch-Fluss.jpg 250w\" sizes=\"auto, (max-width: 20px) 100vw, 20px\" \/><\/a>\u00a0 Bezug\u00a0 \u00a0 \u00a0 \u00a0 <a href=\"https:\/\/einschamanenweg.de\/?page_id=1543\"><img loading=\"lazy\" decoding=\"async\" class=\"alignnone wp-image-1559\" src=\"https:\/\/einschamanenweg.de\/wp-content\/uploads\/2025\/07\/Buch-Fluss-211x300.jpg\" alt=\"\" width=\"20\" height=\"28\" srcset=\"https:\/\/einschamanenweg.de\/wp-content\/uploads\/2025\/07\/Buch-Fluss-211x300.jpg 211w, https:\/\/einschamanenweg.de\/wp-content\/uploads\/2025\/07\/Buch-Fluss.jpg 250w\" sizes=\"auto, (max-width: 20px) 100vw, 20px\" \/><\/a>\u00a0 Buch\u00a0 \u00a0 <a href=\"https:\/\/einschamanenweg.de\/?page_id=1607\"><img loading=\"lazy\" decoding=\"async\" class=\"alignnone wp-image-1559\" src=\"https:\/\/einschamanenweg.de\/wp-content\/uploads\/2025\/07\/Buch-Fluss-211x300.jpg\" alt=\"\" width=\"20\" height=\"28\" srcset=\"https:\/\/einschamanenweg.de\/wp-content\/uploads\/2025\/07\/Buch-Fluss-211x300.jpg 211w, https:\/\/einschamanenweg.de\/wp-content\/uploads\/2025\/07\/Buch-Fluss.jpg 250w\" sizes=\"auto, (max-width: 20px) 100vw, 20px\" \/><\/a>\u00a0 Einklang<\/em><\/p>\n<p><img loading=\"lazy\" decoding=\"async\" class=\"alignnone wp-image-1545\" src=\"https:\/\/einschamanenweg.de\/wp-content\/uploads\/2025\/07\/Solen_org-scaled-e1752608519522-300x80.jpg\" alt=\"\" width=\"1000\" height=\"267\" srcset=\"https:\/\/einschamanenweg.de\/wp-content\/uploads\/2025\/07\/Solen_org-scaled-e1752608519522-300x80.jpg 300w, https:\/\/einschamanenweg.de\/wp-content\/uploads\/2025\/07\/Solen_org-scaled-e1752608519522-1024x273.jpg 1024w, https:\/\/einschamanenweg.de\/wp-content\/uploads\/2025\/07\/Solen_org-scaled-e1752608519522-768x205.jpg 768w, https:\/\/einschamanenweg.de\/wp-content\/uploads\/2025\/07\/Solen_org-scaled-e1752608519522-1536x410.jpg 1536w, https:\/\/einschamanenweg.de\/wp-content\/uploads\/2025\/07\/Solen_org-scaled-e1752608519522-2048x546.jpg 2048w, https:\/\/einschamanenweg.de\/wp-content\/uploads\/2025\/07\/Solen_org-scaled-e1752608519522-624x166.jpg 624w\" sizes=\"auto, (max-width: 1000px) 100vw, 1000px\" \/><\/p>\n<h2>Kunst und Schreiben<\/h2>\n<p><em><img loading=\"lazy\" decoding=\"async\" class=\"alignleft size-medium wp-image-1590\" src=\"https:\/\/einschamanenweg.de\/wp-content\/uploads\/2025\/08\/Sonne48-300-300x218.jpg\" alt=\"\" width=\"300\" height=\"218\" srcset=\"https:\/\/einschamanenweg.de\/wp-content\/uploads\/2025\/08\/Sonne48-300-300x218.jpg 300w, https:\/\/einschamanenweg.de\/wp-content\/uploads\/2025\/08\/Sonne48-300-768x557.jpg 768w, https:\/\/einschamanenweg.de\/wp-content\/uploads\/2025\/08\/Sonne48-300-624x452.jpg 624w, https:\/\/einschamanenweg.de\/wp-content\/uploads\/2025\/08\/Sonne48-300.jpg 840w\" sizes=\"auto, (max-width: 300px) 100vw, 300px\" \/>Wenn wir Menschen aufwachsen \u2013 bereits im Mutterleib \u2013 begegnen wir einer Vielfalt von Unbekanntem und lernen unabl\u00e4ssig. Ein intensives Erkunden bestimmt unsere Existenz. Eindr\u00fccke, Erfahrungen, Ahnungen \u2026 m\u00fcssen eingeordnet werden. Wir versuchen zu verstehen.<\/em><\/p>\n<p><em>Auf gleiche Weise entsteht ein Roman, eine Skulptur, ein Bild \u2026 jegliche Kunst. Es geht um einen Prozess der Weltentdeckung. Neue Sichtweisen, ein neues Verst\u00e4ndnis bilden sich heraus.<\/em><\/p>\n<p><em>Beim Schreiben, wenn ich mich in die Welt eines entstehenden Romans begebe, tauchen S\u00e4tze (Figuren, Handlungen \u2026) in mir auf, deren Bedeutung ich oft erst beim weiteren Schreiben verstehe. Lese ich sp\u00e4ter mein Buch, er\u00f6ffnen sich zahlreiche neue Aspekte. Erz\u00e4hlt mir ein Leser seine Eindr\u00fccke, gewinne ich einen anderen Blick auf das, was ich geschrieben habe.<\/em><\/p>\n<p><em>So ist Kunst auf ihre besondere Weise ein Ausdruck unserer Menschwerdung im Leben. Unbewusstes kommt in die Wahrnehmung, zeigt sich den Menschen und f\u00fchrt ihre Begegnung mit der Welt weiter. Denn in der Kunst kann sich &#8222;materiell&#8220; eine Idee verwirklichen, die der Betrachter nicht aus seiner Realit\u00e4t kennt. Ein Gem\u00e4lde, eine Skulptur oder ein Buch lassen eine Wirklichkeit werden, die m\u00f6glich ist, die potenziell existiert. Durch das Leben verwirklicht sich stets nur ein Weg der vielen, die gegangen werden k\u00f6nnen. Das ist das faszinierende an der Kunst: Sie erlaubt Alternativen.<\/em><\/p>\n<p><em>Wenn dann der Leser oder Betrachter ein wenig von diesem Prozess ahnt und mit auf diese Entdeckungsreise geht, dann hat Kunst ihren Beitrag geleistet. Staunen, Freude, vielf\u00e4ltige Gef\u00fchle und Gedanken sind die Begleiter, wenn wir die Wirklichkeit auf solche Weise erkunden.<\/em><\/p>\n\n\n<p><\/p>\n","protected":false},"excerpt":{"rendered":"<p>\u00a0\u00a0Cover\u00a0 \u00a0 \u00a0 \u00a0 Gedanken\u00a0 \u00a0 \u00a0 Leseprobe\u00a0 \u00a0\u00a0 Bezug\u00a0 \u00a0 \u00a0 \u00a0 \u00a0 Buch\u00a0 \u00a0 \u00a0 Einklang Kunst und Schreiben Wenn wir Menschen aufwachsen \u2013 bereits im Mutterleib \u2013 begegnen wir einer Vielfalt von Unbekanntem und lernen unabl\u00e4ssig. Ein intensives Erkunden bestimmt unsere Existenz. Eindr\u00fccke, Erfahrungen, Ahnungen \u2026 m\u00fcssen eingeordnet werden. Wir versuchen zu [&hellip;]<\/p>\n","protected":false},"author":1,"featured_media":0,"parent":0,"menu_order":0,"comment_status":"closed","ping_status":"closed","template":"","meta":{"footnotes":""},"class_list":["post-1577","page","type-page","status-publish","hentry"],"_links":{"self":[{"href":"https:\/\/einschamanenweg.de\/index.php?rest_route=\/wp\/v2\/pages\/1577","targetHints":{"allow":["GET"]}}],"collection":[{"href":"https:\/\/einschamanenweg.de\/index.php?rest_route=\/wp\/v2\/pages"}],"about":[{"href":"https:\/\/einschamanenweg.de\/index.php?rest_route=\/wp\/v2\/types\/page"}],"author":[{"embeddable":true,"href":"https:\/\/einschamanenweg.de\/index.php?rest_route=\/wp\/v2\/users\/1"}],"replies":[{"embeddable":true,"href":"https:\/\/einschamanenweg.de\/index.php?rest_route=%2Fwp%2Fv2%2Fcomments&post=1577"}],"version-history":[{"count":6,"href":"https:\/\/einschamanenweg.de\/index.php?rest_route=\/wp\/v2\/pages\/1577\/revisions"}],"predecessor-version":[{"id":1637,"href":"https:\/\/einschamanenweg.de\/index.php?rest_route=\/wp\/v2\/pages\/1577\/revisions\/1637"}],"wp:attachment":[{"href":"https:\/\/einschamanenweg.de\/index.php?rest_route=%2Fwp%2Fv2%2Fmedia&parent=1577"}],"curies":[{"name":"wp","href":"https:\/\/api.w.org\/{rel}","templated":true}]}}