{"id":1566,"date":"2025-07-17T14:55:43","date_gmt":"2025-07-17T14:55:43","guid":{"rendered":"https:\/\/einschamanenweg.de\/?page_id=1566"},"modified":"2025-08-18T14:35:40","modified_gmt":"2025-08-18T14:35:40","slug":"cover-am-fluss-im-schatten-des-grossen-baumes","status":"publish","type":"page","link":"https:\/\/einschamanenweg.de\/?page_id=1566","title":{"rendered":"Cover: Am Fluss im Schatten des gro\u00dfen Baumes"},"content":{"rendered":"<div class=\"editor-visual-editor__post-title-wrapper edit-post-visual-editor__post-title-wrapper\" contenteditable=\"false\">\n<h1 class=\"wp-block wp-block-post-title block-editor-block-list__block editor-post-title editor-post-title__input rich-text\" role=\"textbox\" contenteditable=\"true\" spellcheck=\"false\" aria-label=\"Titel hier eingeben\" aria-multiline=\"true\" data-lt-tmp-id=\"lt-327046\" data-gramm=\"false\">Das Cover: Am Fluss im Schatten des gro\u00dfen Baumes<\/h1>\n<\/div>\n<div class=\"is-root-container is-desktop-preview is-layout-flow wp-block-post-content block-editor-block-list__layout\" data-is-drop-zone=\"true\">\n<div id=\"block-f41f6e34-b738-4a71-9d74-30c445f4430f\" class=\"block-editor-block-list__block wp-block wp-block-freeform\" tabindex=\"0\" role=\"document\" draggable=\"true\" aria-label=\"Block: Klassisch\" data-block=\"f41f6e34-b738-4a71-9d74-30c445f4430f\" data-type=\"core\/freeform\" data-title=\"Klassisch\">\n<div>\n<p><a href=\"https:\/\/einschamanenweg.de\/?page_id=1543\"><img loading=\"lazy\" decoding=\"async\" class=\"alignnone wp-image-1559\" src=\"https:\/\/einschamanenweg.de\/wp-content\/uploads\/2025\/07\/Buch-Fluss-211x300.jpg\" alt=\"\" width=\"20\" height=\"28\" srcset=\"https:\/\/einschamanenweg.de\/wp-content\/uploads\/2025\/07\/Buch-Fluss-211x300.jpg 211w, https:\/\/einschamanenweg.de\/wp-content\/uploads\/2025\/07\/Buch-Fluss.jpg 250w\" sizes=\"auto, (max-width: 20px) 100vw, 20px\" \/><\/a>\u00a0 Buch <em>\u00a0 \u00a0 \u00a0 \u00a0 <a href=\"https:\/\/einschamanenweg.de\/?page_id=1578\"><img loading=\"lazy\" decoding=\"async\" class=\"alignnone wp-image-1559\" src=\"https:\/\/einschamanenweg.de\/wp-content\/uploads\/2025\/07\/Buch-Fluss-211x300.jpg\" alt=\"\" width=\"20\" height=\"28\" srcset=\"https:\/\/einschamanenweg.de\/wp-content\/uploads\/2025\/07\/Buch-Fluss-211x300.jpg 211w, https:\/\/einschamanenweg.de\/wp-content\/uploads\/2025\/07\/Buch-Fluss.jpg 250w\" sizes=\"auto, (max-width: 20px) 100vw, 20px\" \/><\/a> Gedanken\u00a0 \u00a0 <a href=\"https:\/\/einschamanenweg.de\/?page_id=1597\"><img loading=\"lazy\" decoding=\"async\" class=\"alignnone wp-image-1559\" src=\"https:\/\/einschamanenweg.de\/wp-content\/uploads\/2025\/07\/Buch-Fluss-211x300.jpg\" alt=\"\" width=\"20\" height=\"28\" srcset=\"https:\/\/einschamanenweg.de\/wp-content\/uploads\/2025\/07\/Buch-Fluss-211x300.jpg 211w, https:\/\/einschamanenweg.de\/wp-content\/uploads\/2025\/07\/Buch-Fluss.jpg 250w\" sizes=\"auto, (max-width: 20px) 100vw, 20px\" \/><\/a>\u00a0 Leseprobe\u00a0 \u00a0<a href=\"https:\/\/einschamanenweg.de\/?page_id=1557\"><img loading=\"lazy\" decoding=\"async\" class=\"alignnone wp-image-1559\" src=\"https:\/\/einschamanenweg.de\/wp-content\/uploads\/2025\/07\/Buch-Fluss-211x300.jpg\" alt=\"\" width=\"20\" height=\"28\" srcset=\"https:\/\/einschamanenweg.de\/wp-content\/uploads\/2025\/07\/Buch-Fluss-211x300.jpg 211w, https:\/\/einschamanenweg.de\/wp-content\/uploads\/2025\/07\/Buch-Fluss.jpg 250w\" sizes=\"auto, (max-width: 20px) 100vw, 20px\" \/><\/a>\u00a0 Bezug\u00a0 \u00a0 \u00a0 <a href=\"https:\/\/einschamanenweg.de\/?page_id=1577\"><img loading=\"lazy\" decoding=\"async\" class=\"alignnone wp-image-1559\" src=\"https:\/\/einschamanenweg.de\/wp-content\/uploads\/2025\/07\/Buch-Fluss-211x300.jpg\" alt=\"\" width=\"20\" height=\"28\" srcset=\"https:\/\/einschamanenweg.de\/wp-content\/uploads\/2025\/07\/Buch-Fluss-211x300.jpg 211w, https:\/\/einschamanenweg.de\/wp-content\/uploads\/2025\/07\/Buch-Fluss.jpg 250w\" sizes=\"auto, (max-width: 20px) 100vw, 20px\" \/><\/a>\u00a0 Kunst\u00a0 \u00a0 <a href=\"https:\/\/einschamanenweg.de\/?page_id=1607\"><img loading=\"lazy\" decoding=\"async\" class=\"alignnone wp-image-1559\" src=\"https:\/\/einschamanenweg.de\/wp-content\/uploads\/2025\/07\/Buch-Fluss-211x300.jpg\" alt=\"\" width=\"20\" height=\"28\" srcset=\"https:\/\/einschamanenweg.de\/wp-content\/uploads\/2025\/07\/Buch-Fluss-211x300.jpg 211w, https:\/\/einschamanenweg.de\/wp-content\/uploads\/2025\/07\/Buch-Fluss.jpg 250w\" sizes=\"auto, (max-width: 20px) 100vw, 20px\" \/><\/a>\u00a0 Einklang<\/em><\/p>\n<p>&nbsp;<\/p>\n<h2>Das Cover<\/h2>\n<h4 style=\"text-align: center;\">Die Erde und die Steine sehnten sich danach, sich mit der Luft zu vermischen, und Menschen und Tiere und B\u00e4ume verwandelten sich in Wasser, und Erde wurde Luft.<\/h4>\n<p style=\"text-align: center;\">Edvard Munch<\/p>\n<\/div>\n<\/div>\n<\/div>\n<p><img loading=\"lazy\" decoding=\"async\" class=\"alignnone wp-image-1567\" src=\"https:\/\/einschamanenweg.de\/wp-content\/uploads\/2025\/07\/Solen_av_Edvard_Munch-download-frei-300x174.jpg\" alt=\"\" width=\"1000\" height=\"580\" srcset=\"https:\/\/einschamanenweg.de\/wp-content\/uploads\/2025\/07\/Solen_av_Edvard_Munch-download-frei-300x174.jpg 300w, https:\/\/einschamanenweg.de\/wp-content\/uploads\/2025\/07\/Solen_av_Edvard_Munch-download-frei-1024x594.jpg 1024w, https:\/\/einschamanenweg.de\/wp-content\/uploads\/2025\/07\/Solen_av_Edvard_Munch-download-frei-768x445.jpg 768w, https:\/\/einschamanenweg.de\/wp-content\/uploads\/2025\/07\/Solen_av_Edvard_Munch-download-frei-1536x891.jpg 1536w, https:\/\/einschamanenweg.de\/wp-content\/uploads\/2025\/07\/Solen_av_Edvard_Munch-download-frei-2048x1187.jpg 2048w, https:\/\/einschamanenweg.de\/wp-content\/uploads\/2025\/07\/Solen_av_Edvard_Munch-download-frei-624x362.jpg 624w\" sizes=\"auto, (max-width: 1000px) 100vw, 1000px\" \/><\/p>\n<p><span class=\"HwtZe\" lang=\"de\"><span class=\"jCAhz ChMk0b\"><span class=\"ryNqvb\">\u201eSolen\u201c ist eines von mehreren Gem\u00e4lden Edvard Munchs, die an den W\u00e4nden des Zeremoniensaals der Universit\u00e4t Oslo zu sehen sind.<\/span><\/span> <span class=\"jCAhz ChMk0b\"><span class=\"ryNqvb\">Die Gem\u00e4lde entstanden zwischen 1909 und 1916.<\/span><\/span><\/span><\/p>\n<p>From Wikimedia Commons, the free media repository Fotograf: Tore S\u00e6tre<\/p>\n<p>&nbsp;<\/p>\n<p>&nbsp;<\/p>\n<p>&nbsp;<\/p>\n<p>&nbsp;<\/p>\n<p>&nbsp;<\/p>\n<div class=\"is-root-container is-desktop-preview is-layout-flow wp-block-post-content block-editor-block-list__layout\" data-is-drop-zone=\"true\">\n<div id=\"block-f41f6e34-b738-4a71-9d74-30c445f4430f\" class=\"block-editor-block-list__block wp-block wp-block-freeform\" tabindex=\"0\" role=\"document\" draggable=\"true\" aria-label=\"Block: Klassisch\" data-block=\"f41f6e34-b738-4a71-9d74-30c445f4430f\" data-type=\"core\/freeform\" data-title=\"Klassisch\">\n<div><\/div>\n<\/div>\n<\/div>\n","protected":false},"excerpt":{"rendered":"<p>Das Cover: Am Fluss im Schatten des gro\u00dfen Baumes \u00a0 Buch \u00a0 \u00a0 \u00a0 \u00a0 Gedanken\u00a0 \u00a0 \u00a0 Leseprobe\u00a0 \u00a0\u00a0 Bezug\u00a0 \u00a0 \u00a0 \u00a0 Kunst\u00a0 \u00a0 \u00a0 Einklang &nbsp; Das Cover Die Erde und die Steine sehnten sich danach, sich mit der Luft zu vermischen, und Menschen und Tiere und B\u00e4ume verwandelten sich in Wasser, [&hellip;]<\/p>\n","protected":false},"author":1,"featured_media":0,"parent":0,"menu_order":0,"comment_status":"closed","ping_status":"closed","template":"","meta":{"footnotes":""},"class_list":["post-1566","page","type-page","status-publish","hentry"],"_links":{"self":[{"href":"https:\/\/einschamanenweg.de\/index.php?rest_route=\/wp\/v2\/pages\/1566","targetHints":{"allow":["GET"]}}],"collection":[{"href":"https:\/\/einschamanenweg.de\/index.php?rest_route=\/wp\/v2\/pages"}],"about":[{"href":"https:\/\/einschamanenweg.de\/index.php?rest_route=\/wp\/v2\/types\/page"}],"author":[{"embeddable":true,"href":"https:\/\/einschamanenweg.de\/index.php?rest_route=\/wp\/v2\/users\/1"}],"replies":[{"embeddable":true,"href":"https:\/\/einschamanenweg.de\/index.php?rest_route=%2Fwp%2Fv2%2Fcomments&post=1566"}],"version-history":[{"count":9,"href":"https:\/\/einschamanenweg.de\/index.php?rest_route=\/wp\/v2\/pages\/1566\/revisions"}],"predecessor-version":[{"id":1616,"href":"https:\/\/einschamanenweg.de\/index.php?rest_route=\/wp\/v2\/pages\/1566\/revisions\/1616"}],"wp:attachment":[{"href":"https:\/\/einschamanenweg.de\/index.php?rest_route=%2Fwp%2Fv2%2Fmedia&parent=1566"}],"curies":[{"name":"wp","href":"https:\/\/api.w.org\/{rel}","templated":true}]}}