{"id":1525,"date":"2025-04-29T05:44:11","date_gmt":"2025-04-29T05:44:11","guid":{"rendered":"https:\/\/einschamanenweg.de\/?page_id=1525"},"modified":"2025-10-14T15:00:45","modified_gmt":"2025-10-14T15:00:45","slug":"neue-welten-der-homoeopathie","status":"publish","type":"page","link":"https:\/\/einschamanenweg.de\/?page_id=1525","title":{"rendered":"Neue Welten der Hom\u00f6opathie"},"content":{"rendered":"<h1><b>Forschung und Arzn<\/b><b>eimittelbilder<\/b><\/h1>\n<div class=\"clearFloating\"><img loading=\"lazy\" decoding=\"async\" class=\"alignleft  wp-image-1644\" src=\"https:\/\/einschamanenweg.de\/wp-content\/uploads\/2025\/10\/Neue-Welten-300x77.png\" alt=\"\" width=\"612\" height=\"157\" srcset=\"https:\/\/einschamanenweg.de\/wp-content\/uploads\/2025\/10\/Neue-Welten-300x77.png 300w, https:\/\/einschamanenweg.de\/wp-content\/uploads\/2025\/10\/Neue-Welten-768x198.png 768w, https:\/\/einschamanenweg.de\/wp-content\/uploads\/2025\/10\/Neue-Welten-624x161.png 624w, https:\/\/einschamanenweg.de\/wp-content\/uploads\/2025\/10\/Neue-Welten.png 921w\" sizes=\"auto, (max-width: 612px) 100vw, 612px\" \/><\/div>\n<p>Die Website <a href=\"https:\/\/www.neue-welten-der-homoeopathie.de\" target=\"_blank\" rel=\"noopener\"><strong>www.neue-welten-der-homoeopathie.de<\/strong><\/a> beinhaltet Arbeits- und Forschungsergebnisse von <b>J\u00fcrgen Becker<\/b> (\u2020) und <b>Michael Wolfgang Geisler<\/b>. Es wird ein \u00dcberblick zu den umfangreichen Erkenntnissen von J\u00fcrgen Becker zu hom\u00f6opathischen Arzneien gegeben. Ein weiterer Schwerpunkt liegt im Bereich der Arzneimittelherstellung\/-pr\u00fcfung und den aus diesem Vorgehen gewonnenen Arzneimittelbildern. Publikationen hierzu werden Interessierten kostenfrei zum Download zur Verf\u00fcgung gestellt.<\/p>\n<p>In der Hom\u00f6opathie hat sich eine Vielfalt unterschiedlicher Anwendungen, Erkenntnisse oder Schulen entwickelt. Darin zeigt sich auch, welche sch\u00f6pferische Kraft in der Hom\u00f6opathie liegt und welche Welten sie \u00f6ffnen kann. Ein Zugang zu einem tieferen Verst\u00e4ndnis der Lebenskr\u00e4fte, die hinter der Wirkung hom\u00f6opathischer Arzneien steht, wird hier vorgestellt.<\/p>\n","protected":false},"excerpt":{"rendered":"<p>Forschung und Arzneimittelbilder Die Website www.neue-welten-der-homoeopathie.de beinhaltet Arbeits- und Forschungsergebnisse von J\u00fcrgen Becker (\u2020) und Michael Wolfgang Geisler. Es wird ein \u00dcberblick zu den umfangreichen Erkenntnissen von J\u00fcrgen Becker zu hom\u00f6opathischen Arzneien gegeben. Ein weiterer Schwerpunkt liegt im Bereich der Arzneimittelherstellung\/-pr\u00fcfung und den aus diesem Vorgehen gewonnenen Arzneimittelbildern. Publikationen hierzu werden Interessierten kostenfrei zum Download [&hellip;]<\/p>\n","protected":false},"author":1,"featured_media":0,"parent":0,"menu_order":0,"comment_status":"closed","ping_status":"closed","template":"","meta":{"footnotes":""},"class_list":["post-1525","page","type-page","status-publish","hentry"],"_links":{"self":[{"href":"https:\/\/einschamanenweg.de\/index.php?rest_route=\/wp\/v2\/pages\/1525","targetHints":{"allow":["GET"]}}],"collection":[{"href":"https:\/\/einschamanenweg.de\/index.php?rest_route=\/wp\/v2\/pages"}],"about":[{"href":"https:\/\/einschamanenweg.de\/index.php?rest_route=\/wp\/v2\/types\/page"}],"author":[{"embeddable":true,"href":"https:\/\/einschamanenweg.de\/index.php?rest_route=\/wp\/v2\/users\/1"}],"replies":[{"embeddable":true,"href":"https:\/\/einschamanenweg.de\/index.php?rest_route=%2Fwp%2Fv2%2Fcomments&post=1525"}],"version-history":[{"count":2,"href":"https:\/\/einschamanenweg.de\/index.php?rest_route=\/wp\/v2\/pages\/1525\/revisions"}],"predecessor-version":[{"id":1645,"href":"https:\/\/einschamanenweg.de\/index.php?rest_route=\/wp\/v2\/pages\/1525\/revisions\/1645"}],"wp:attachment":[{"href":"https:\/\/einschamanenweg.de\/index.php?rest_route=%2Fwp%2Fv2%2Fmedia&parent=1525"}],"curies":[{"name":"wp","href":"https:\/\/api.w.org\/{rel}","templated":true}]}}