{"id":1502,"date":"2024-12-11T20:37:20","date_gmt":"2024-12-11T20:37:20","guid":{"rendered":"https:\/\/einschamanenweg.de\/?page_id=1502"},"modified":"2024-12-11T20:56:07","modified_gmt":"2024-12-11T20:56:07","slug":"leser","status":"publish","type":"page","link":"https:\/\/einschamanenweg.de\/?page_id=1502","title":{"rendered":"Leser"},"content":{"rendered":"<p><em>Leseprobe\u00a0 <a href=\"https:\/\/einschamanenweg.de\/?page_id=29\"><img loading=\"lazy\" decoding=\"async\" class=\"alignnone wp-image-7\" src=\"https:\/\/einschamanenweg.de\/wp-content\/uploads\/2016\/01\/Schamanenweg-196x300.jpg\" alt=\"\" width=\"15\" height=\"23\" \/><\/a> \u00a0\u00a0\u00a0\u00a0\u00a0\u00a0 Das Cover\u00a0 <a href=\"https:\/\/einschamanenweg.de\/?page_id=38\"><img loading=\"lazy\" decoding=\"async\" class=\"alignnone wp-image-7\" src=\"https:\/\/einschamanenweg.de\/wp-content\/uploads\/2016\/01\/Schamanenweg-196x300.jpg\" alt=\"\" width=\"15\" height=\"23\" \/><\/a>\u00a0 \u00a0\u00a0\u00a0\u00a0\u00a0 Gedanken\u00a0 <a href=\"https:\/\/einschamanenweg.de\/?page_id=32\"><img loading=\"lazy\" decoding=\"async\" class=\"alignnone wp-image-7\" src=\"https:\/\/einschamanenweg.de\/wp-content\/uploads\/2016\/01\/Schamanenweg-196x300.jpg\" alt=\"\" width=\"15\" height=\"23\" \/><\/a> \u00a0\u00a0\u00a0\u00a0\u00a0\u00a0 Bezug\u00a0 <a href=\"https:\/\/einschamanenweg.de\/?page_id=1196\"><img loading=\"lazy\" decoding=\"async\" class=\"alignnone wp-image-7\" src=\"https:\/\/einschamanenweg.de\/wp-content\/uploads\/2016\/01\/Schamanenweg-196x300.jpg\" alt=\"\" width=\"15\" height=\"23\" \/><\/a> \u00a0\u00a0\u00a0\u00a0\u00a0\u00a0 Buch\u00a0 <a href=\"https:\/\/einschamanenweg.de\/\"><img loading=\"lazy\" decoding=\"async\" class=\"alignnone wp-image-7\" src=\"https:\/\/einschamanenweg.de\/wp-content\/uploads\/2016\/01\/Schamanenweg-196x300.jpg\" alt=\"\" width=\"15\" height=\"23\" \/><\/a> \u00a0\u00a0\u00a0\u00a0 <\/em><img loading=\"lazy\" decoding=\"async\" class=\"aligncenter wp-image-24\" src=\"https:\/\/einschamanenweg.de\/wp-content\/uploads\/2016\/01\/Buch-klein-e1453736325437.gif\" alt=\"\" width=\"940\" height=\"168\" \/><\/p>\n<h2>Leserstimmen<\/h2>\n<p><em><img loading=\"lazy\" decoding=\"async\" class=\"alignleft size-medium wp-image-851\" src=\"https:\/\/einschamanenweg.de\/wp-content\/uploads\/2020\/07\/e-book-schamanenweg-196x300.jpg\" alt=\"\" width=\"196\" height=\"300\" \/><\/em><\/p>\n<p>Amazon Kunde<\/p>\n<p><strong><em>5,0 von 5 Sternen<\/em> Ein Goldst\u00fcck! <\/strong><\/p>\n<p><strong>Bewertet in Deutschland am 6. April 2016<\/strong><\/p>\n<p>Sehr empfehlenswert!<br \/>\nDieses Buch hat mich nachhaltig ber\u00fchrt und erweitert.<\/p>\n<p>Klare Sprache erm\u00f6glicht jedem Leser den Zugang; der enge Bezug zur Natur Jedem den Sinn in der Tiefe.<br \/>\nDurch die Einbettung dieser tieferen Entwicklungsimpulse in eine sehr lebensnahe Beziehungsgeschichte von Richard, liest sich das Buch leichtg\u00e4ngig, mit Freude und bewegend zugleich!<\/p>\n<p>Fazit- tolles Buch!<\/p>\n","protected":false},"excerpt":{"rendered":"<p>Leseprobe\u00a0 \u00a0\u00a0\u00a0\u00a0\u00a0\u00a0 Das Cover\u00a0 \u00a0 \u00a0\u00a0\u00a0\u00a0\u00a0 Gedanken\u00a0 \u00a0\u00a0\u00a0\u00a0\u00a0\u00a0 Bezug\u00a0 \u00a0\u00a0\u00a0\u00a0\u00a0\u00a0 Buch\u00a0 \u00a0\u00a0\u00a0\u00a0 Leserstimmen Amazon Kunde 5,0 von 5 Sternen Ein Goldst\u00fcck! Bewertet in Deutschland am 6. April 2016 Sehr empfehlenswert! Dieses Buch hat mich nachhaltig ber\u00fchrt und erweitert. Klare Sprache erm\u00f6glicht jedem Leser den Zugang; der enge Bezug zur Natur Jedem den Sinn in der [&hellip;]<\/p>\n","protected":false},"author":1,"featured_media":0,"parent":0,"menu_order":0,"comment_status":"closed","ping_status":"closed","template":"","meta":{"footnotes":""},"class_list":["post-1502","page","type-page","status-publish","hentry"],"_links":{"self":[{"href":"https:\/\/einschamanenweg.de\/index.php?rest_route=\/wp\/v2\/pages\/1502","targetHints":{"allow":["GET"]}}],"collection":[{"href":"https:\/\/einschamanenweg.de\/index.php?rest_route=\/wp\/v2\/pages"}],"about":[{"href":"https:\/\/einschamanenweg.de\/index.php?rest_route=\/wp\/v2\/types\/page"}],"author":[{"embeddable":true,"href":"https:\/\/einschamanenweg.de\/index.php?rest_route=\/wp\/v2\/users\/1"}],"replies":[{"embeddable":true,"href":"https:\/\/einschamanenweg.de\/index.php?rest_route=%2Fwp%2Fv2%2Fcomments&post=1502"}],"version-history":[{"count":4,"href":"https:\/\/einschamanenweg.de\/index.php?rest_route=\/wp\/v2\/pages\/1502\/revisions"}],"predecessor-version":[{"id":1519,"href":"https:\/\/einschamanenweg.de\/index.php?rest_route=\/wp\/v2\/pages\/1502\/revisions\/1519"}],"wp:attachment":[{"href":"https:\/\/einschamanenweg.de\/index.php?rest_route=%2Fwp%2Fv2%2Fmedia&parent=1502"}],"curies":[{"name":"wp","href":"https:\/\/api.w.org\/{rel}","templated":true}]}}