{"id":137,"date":"2016-02-18T08:14:01","date_gmt":"2016-02-18T08:14:01","guid":{"rendered":"http:\/\/einschamanenweg.de\/?page_id=137"},"modified":"2024-12-11T15:02:37","modified_gmt":"2024-12-11T15:02:37","slug":"rezensionen","status":"publish","type":"page","link":"https:\/\/einschamanenweg.de\/?page_id=137","title":{"rendered":"Rezensionen"},"content":{"rendered":"<p style=\"text-align: center;\">Wendezeit 1\/21<\/p>\n<p><img decoding=\"async\" class=\"aligncenter\" src=\"https:\/\/einschamanenweg.de\/wp-content\/uploads\/2021\/01\/grafik-1.png\" alt=\"Dieses Bild hat ein leeres Alt-Attribut. Der Dateiname ist grafik-1.png\" \/><\/p>\n<p><img loading=\"lazy\" decoding=\"async\" class=\"aligncenter wp-image-140 size-large\" src=\"https:\/\/einschamanenweg.de\/wp-content\/uploads\/2016\/02\/Rezension-17-2-16-e1609836725422-560x1024.jpg\" alt=\"Rezension-17-2-16\" width=\"560\" height=\"1024\" srcset=\"https:\/\/einschamanenweg.de\/wp-content\/uploads\/2016\/02\/Rezension-17-2-16-e1609836725422-560x1024.jpg 560w, https:\/\/einschamanenweg.de\/wp-content\/uploads\/2016\/02\/Rezension-17-2-16-e1609836725422-164x300.jpg 164w, https:\/\/einschamanenweg.de\/wp-content\/uploads\/2016\/02\/Rezension-17-2-16-e1609836725422-768x1404.jpg 768w, https:\/\/einschamanenweg.de\/wp-content\/uploads\/2016\/02\/Rezension-17-2-16-e1609836725422-624x1141.jpg 624w, https:\/\/einschamanenweg.de\/wp-content\/uploads\/2016\/02\/Rezension-17-2-16-e1609836725422-840x1536.jpg 840w, https:\/\/einschamanenweg.de\/wp-content\/uploads\/2016\/02\/Rezension-17-2-16-e1609836725422-1120x2048.jpg 1120w, https:\/\/einschamanenweg.de\/wp-content\/uploads\/2016\/02\/Rezension-17-2-16-e1609836725422.jpg 1280w\" sizes=\"auto, (max-width: 560px) 100vw, 560px\" \/><\/p>\n<p style=\"text-align: center;\">Dreisamt\u00e4ler<\/p>\n<\/p>\n<p><img loading=\"lazy\" decoding=\"async\" class=\"wp-image-991 size-full aligncenter\" src=\"https:\/\/einschamanenweg.de\/wp-content\/uploads\/2021\/01\/Kobinet.jpg\" alt=\"\" width=\"535\" height=\"616\" srcset=\"https:\/\/einschamanenweg.de\/wp-content\/uploads\/2021\/01\/Kobinet.jpg 535w, https:\/\/einschamanenweg.de\/wp-content\/uploads\/2021\/01\/Kobinet-261x300.jpg 261w\" sizes=\"auto, (max-width: 535px) 100vw, 535px\" \/><\/p>\n<p style=\"text-align: center;\"><a href=\"https:\/\/kobinet-nachrichten.org\/2021\/01\/10\/alexandra-die-geschichte-eines-ungewoehnlichen-lebens\/\">Kobinet 10-1-2021<\/a><\/p>\n\n\n<\/p>\n<div class=\"wp-block-image\">\n<figure class=\"aligncenter size-large\"><img loading=\"lazy\" decoding=\"async\" class=\"wp-image-957 aligncenter\" src=\"https:\/\/einschamanenweg.de\/wp-content\/uploads\/2020\/10\/grafik.png\" alt=\"\" width=\"471\" height=\"735\" srcset=\"https:\/\/einschamanenweg.de\/wp-content\/uploads\/2020\/10\/grafik.png 431w, https:\/\/einschamanenweg.de\/wp-content\/uploads\/2020\/10\/grafik-192x300.png 192w\" sizes=\"auto, (max-width: 471px) 100vw, 471px\" \/><\/figure>\n<\/div>\n<p style=\"text-align: center;\">\n\n\n<\/p>\n<p style=\"text-align: center;\">Kulturjoker<\/p>\n<p><img loading=\"lazy\" decoding=\"async\" class=\" wp-image-976 aligncenter\" src=\"https:\/\/einschamanenweg.de\/wp-content\/uploads\/2021\/01\/Kulturjoker-Alexandra-e1609835842450-249x300.jpg\" alt=\"\" width=\"441\" height=\"532\" srcset=\"https:\/\/einschamanenweg.de\/wp-content\/uploads\/2021\/01\/Kulturjoker-Alexandra-e1609835842450-249x300.jpg 249w, https:\/\/einschamanenweg.de\/wp-content\/uploads\/2021\/01\/Kulturjoker-Alexandra-e1609835842450.jpg 619w\" sizes=\"auto, (max-width: 441px) 100vw, 441px\" \/><\/p>\n<\/p>\n\n\n<p><\/p>\n\n\n<p><strong><em>So danke ich und m\u00f6chte euch noch fragen, Mutter Erde, gro\u00dfer Sch\u00f6pfer, Vater Himmel: \u00bbK\u00f6nnt ihr mir sagen, was ich noch zu lernen habe?\u00ab<\/em><\/strong><br \/><strong><em> \u00bbBegrenze dich nicht, mein Sohn\u00ab, spricht die Erde. \u00bbBegrenze dich nicht. Verstehe, dass ich auf dieser Erde die Grenzen setze.\u00ab<\/em><\/strong><br \/><strong><em> \u00bbSei, wer du bist. Du bist immer mein Sohn\u00ab, spricht der gro\u00dfe Sch\u00f6pfer. \u00bbDu bist immer mein Sohn und somit Teil von mir. Gehe nun weiter und lerne.Lerne dich zu erkennen.\u00ab<\/em><\/strong><br \/><strong><em> So gehe ich weiter, weiter, immer weiter.<\/em><\/strong><br \/><em>aus: &#8222;Die Reise dauert l\u00e4nger als sieben Tage&#8220;<\/em><\/p>\n\n\n<p><a href=\"https:\/\/einschamanenweg.de\/?page_id=1279\">Zur\u00fcck<\/a><\/p>\n","protected":false},"excerpt":{"rendered":"<p>Wendezeit 1\/21 Dreisamt\u00e4ler Kobinet 10-1-2021 Kulturjoker So danke ich und m\u00f6chte euch noch fragen, Mutter Erde, gro\u00dfer Sch\u00f6pfer, Vater Himmel: \u00bbK\u00f6nnt ihr mir sagen, was ich noch zu lernen habe?\u00ab \u00bbBegrenze dich nicht, mein Sohn\u00ab, spricht die Erde. \u00bbBegrenze dich nicht. Verstehe, dass ich auf dieser Erde die Grenzen setze.\u00ab \u00bbSei, wer du bist. Du [&hellip;]<\/p>\n","protected":false},"author":1,"featured_media":0,"parent":0,"menu_order":0,"comment_status":"closed","ping_status":"closed","template":"","meta":{"footnotes":""},"class_list":["post-137","page","type-page","status-publish","hentry"],"_links":{"self":[{"href":"https:\/\/einschamanenweg.de\/index.php?rest_route=\/wp\/v2\/pages\/137","targetHints":{"allow":["GET"]}}],"collection":[{"href":"https:\/\/einschamanenweg.de\/index.php?rest_route=\/wp\/v2\/pages"}],"about":[{"href":"https:\/\/einschamanenweg.de\/index.php?rest_route=\/wp\/v2\/types\/page"}],"author":[{"embeddable":true,"href":"https:\/\/einschamanenweg.de\/index.php?rest_route=\/wp\/v2\/users\/1"}],"replies":[{"embeddable":true,"href":"https:\/\/einschamanenweg.de\/index.php?rest_route=%2Fwp%2Fv2%2Fcomments&post=137"}],"version-history":[{"count":13,"href":"https:\/\/einschamanenweg.de\/index.php?rest_route=\/wp\/v2\/pages\/137\/revisions"}],"predecessor-version":[{"id":993,"href":"https:\/\/einschamanenweg.de\/index.php?rest_route=\/wp\/v2\/pages\/137\/revisions\/993"}],"wp:attachment":[{"href":"https:\/\/einschamanenweg.de\/index.php?rest_route=%2Fwp%2Fv2%2Fmedia&parent=137"}],"curies":[{"name":"wp","href":"https:\/\/api.w.org\/{rel}","templated":true}]}}