{"id":132,"date":"2016-02-04T17:01:14","date_gmt":"2016-02-04T17:01:14","guid":{"rendered":"http:\/\/einschamanenweg.de\/?page_id=132"},"modified":"2025-07-03T13:20:20","modified_gmt":"2025-07-03T13:20:20","slug":"lesungen","status":"publish","type":"page","link":"https:\/\/einschamanenweg.de\/?page_id=132","title":{"rendered":"Lesungen"},"content":{"rendered":"\n<figure class=\"wp-block-image size-large\"><img loading=\"lazy\" decoding=\"async\" width=\"724\" height=\"1024\" src=\"https:\/\/einschamanenweg.de\/wp-content\/uploads\/2025\/07\/Flyer-Lesung-19.07.2025-neu2-1-pdf-724x1024.jpg\" alt=\"\" class=\"wp-image-1538\"\/><\/figure>\n\n\n\n<figure class=\"wp-block-image size-large\"><img loading=\"lazy\" decoding=\"async\" width=\"1024\" height=\"1024\" src=\"https:\/\/einschamanenweg.de\/wp-content\/uploads\/2025\/04\/Punto-y-Raya-Lesung-11-5-25-Bad-Belzig-klein-1024x1024.jpg\" alt=\"\" class=\"wp-image-1530\" srcset=\"https:\/\/einschamanenweg.de\/wp-content\/uploads\/2025\/04\/Punto-y-Raya-Lesung-11-5-25-Bad-Belzig-klein-1024x1024.jpg 1024w, https:\/\/einschamanenweg.de\/wp-content\/uploads\/2025\/04\/Punto-y-Raya-Lesung-11-5-25-Bad-Belzig-klein-300x300.jpg 300w, https:\/\/einschamanenweg.de\/wp-content\/uploads\/2025\/04\/Punto-y-Raya-Lesung-11-5-25-Bad-Belzig-klein-150x150.jpg 150w, https:\/\/einschamanenweg.de\/wp-content\/uploads\/2025\/04\/Punto-y-Raya-Lesung-11-5-25-Bad-Belzig-klein-768x768.jpg 768w, https:\/\/einschamanenweg.de\/wp-content\/uploads\/2025\/04\/Punto-y-Raya-Lesung-11-5-25-Bad-Belzig-klein-1536x1536.jpg 1536w, https:\/\/einschamanenweg.de\/wp-content\/uploads\/2025\/04\/Punto-y-Raya-Lesung-11-5-25-Bad-Belzig-klein-624x624.jpg 624w, https:\/\/einschamanenweg.de\/wp-content\/uploads\/2025\/04\/Punto-y-Raya-Lesung-11-5-25-Bad-Belzig-klein.jpg 1772w\" sizes=\"auto, (max-width: 1024px) 100vw, 1024px\" \/><\/figure>\n\n\n\n<figure class=\"wp-block-image size-full\"><img loading=\"lazy\" decoding=\"async\" width=\"381\" height=\"547\" src=\"https:\/\/einschamanenweg.de\/wp-content\/uploads\/2025\/04\/Flyer-Lesung-Fichtenwalde.png\" alt=\"\" class=\"wp-image-1532\" srcset=\"https:\/\/einschamanenweg.de\/wp-content\/uploads\/2025\/04\/Flyer-Lesung-Fichtenwalde.png 381w, https:\/\/einschamanenweg.de\/wp-content\/uploads\/2025\/04\/Flyer-Lesung-Fichtenwalde-209x300.png 209w\" sizes=\"auto, (max-width: 381px) 100vw, 381px\" \/><\/figure>\n\n\n\n<p><strong>Lesung \u201eDie Welle des Olymp \u2013 die Liebe, die Freiheit und die G\u00f6tter\u201c<\/strong><br><strong>Michael W. Geisler<\/strong><br><strong>Sonntag, den 3.2.2019 Beginn 17 Uhr im Tipi St.Peter\/Wilmendobel<\/strong><\/p>\n\n\n\n<p>An diesem sch\u00f6nen Ort in winterlicher Landschaft am Feuer des Tipi soll eine ganz besondere Lesung stattfinden. Gerne k\u00f6nnt ihr schon ab 15 Uhr kommen, einen kleinen Spaziergang in der sch\u00f6nen Landschaft machen und\/oder bei den Vorbereitungen (Feuer, Essen) helfen.<br>Die Lesung beginnt mit einer kleinen <strong>\u201eMeditationsreise\u201c<\/strong> zum silbernen Mond und entf\u00fchrt dann in die Welt der <strong>Liebe, Freiheit und G\u00f6tter<\/strong>.<br>Danach besteht die Gelegenheit f\u00fcr Fragen und Austausch sowie einem gem\u00fctlichem Ausklang mit Tee, Stockbrot, evt. auch K\u00fcrbissuppe.<\/p>\n\n\n\n<figure class=\"wp-block-image is-resized\"><img loading=\"lazy\" decoding=\"async\" width=\"778\" height=\"869\" src=\"https:\/\/einschamanenweg.de\/wp-content\/uploads\/2019\/02\/Lesung-Badische-Zeitung-001.jpg\" alt=\"\" class=\"wp-image-532\" srcset=\"https:\/\/einschamanenweg.de\/wp-content\/uploads\/2019\/02\/Lesung-Badische-Zeitung-001.jpg 778w, https:\/\/einschamanenweg.de\/wp-content\/uploads\/2019\/02\/Lesung-Badische-Zeitung-001-269x300.jpg 269w, https:\/\/einschamanenweg.de\/wp-content\/uploads\/2019\/02\/Lesung-Badische-Zeitung-001-768x858.jpg 768w, https:\/\/einschamanenweg.de\/wp-content\/uploads\/2019\/02\/Lesung-Badische-Zeitung-001-624x697.jpg 624w\" sizes=\"auto, (max-width: 778px) 100vw, 778px\" \/><figcaption class=\"wp-element-caption\">Badische Zeitung 31.1.19<\/figcaption><\/figure>\n\n\n<h2>Lesung &#8222;Die Welle des Olymp&#8220;<\/h2>\n<p><em>Am 21. November 2018 an der Altenpflegeschule Friedenweiler<br \/><\/em><\/p>\n<p><img loading=\"lazy\" decoding=\"async\" class=\"alignnone size-medium wp-image-513\" src=\"https:\/\/einschamanenweg.de\/wp-content\/uploads\/2018\/11\/csm_Kirche_und_Pro_Seniore_3_b0739a69d4-300x225.jpg\" alt=\"\" width=\"300\" height=\"225\" srcset=\"https:\/\/einschamanenweg.de\/wp-content\/uploads\/2018\/11\/csm_Kirche_und_Pro_Seniore_3_b0739a69d4-300x225.jpg 300w, https:\/\/einschamanenweg.de\/wp-content\/uploads\/2018\/11\/csm_Kirche_und_Pro_Seniore_3_b0739a69d4.jpg 352w\" sizes=\"auto, (max-width: 300px) 100vw, 300px\" \/><\/p>\n<h2>Buchpr\u00e4sentation &#8222;Die Welle des Olymp&#8220;<\/h2>\n<p><em>Am 16. November 2018 stellt Michael W. Geisler seinen neuen Roman &#8222;Die Welle des Olymp&#8220; vor. <\/em><\/p>\n<p><img loading=\"lazy\" decoding=\"async\" class=\"size-medium wp-image-510 alignleft\" src=\"https:\/\/einschamanenweg.de\/wp-content\/uploads\/2018\/11\/Lesung1-16-11-18-169x300.jpg\" alt=\"\" width=\"169\" height=\"300\" srcset=\"https:\/\/einschamanenweg.de\/wp-content\/uploads\/2018\/11\/Lesung1-16-11-18-169x300.jpg 169w, https:\/\/einschamanenweg.de\/wp-content\/uploads\/2018\/11\/Lesung1-16-11-18-768x1365.jpg 768w, https:\/\/einschamanenweg.de\/wp-content\/uploads\/2018\/11\/Lesung1-16-11-18-576x1024.jpg 576w, https:\/\/einschamanenweg.de\/wp-content\/uploads\/2018\/11\/Lesung1-16-11-18-624x1109.jpg 624w\" sizes=\"auto, (max-width: 169px) 100vw, 169px\" \/> <img loading=\"lazy\" decoding=\"async\" class=\"size-medium wp-image-511 alignright\" src=\"https:\/\/einschamanenweg.de\/wp-content\/uploads\/2018\/11\/Lesung2-16-11-18-300x169.jpg\" alt=\"\" width=\"300\" height=\"169\" srcset=\"https:\/\/einschamanenweg.de\/wp-content\/uploads\/2018\/11\/Lesung2-16-11-18-300x169.jpg 300w, https:\/\/einschamanenweg.de\/wp-content\/uploads\/2018\/11\/Lesung2-16-11-18-768x432.jpg 768w, https:\/\/einschamanenweg.de\/wp-content\/uploads\/2018\/11\/Lesung2-16-11-18-1024x576.jpg 1024w, https:\/\/einschamanenweg.de\/wp-content\/uploads\/2018\/11\/Lesung2-16-11-18-624x351.jpg 624w\" sizes=\"auto, (max-width: 300px) 100vw, 300px\" \/><\/p>\n<p><em>Der Autor im Gespr\u00e4ch mit den Zuh\u00f6rerinnen und Zuh\u00f6rern<\/em><\/p>\n<h2>Lyrik Lesung am Welttag der Poesie am 21. April 2018 in den R\u00e4umen der Badischen Zeitung<\/h2>\n<h6><img loading=\"lazy\" decoding=\"async\" class=\"alignleft wp-image-224\" src=\"https:\/\/einschamanenweg.de\/wp-content\/uploads\/2018\/03\/Bild-Bz-Lyrik-300x171.jpg\" alt=\"\" width=\"400\" height=\"228\" srcset=\"https:\/\/einschamanenweg.de\/wp-content\/uploads\/2018\/03\/Bild-Bz-Lyrik-300x171.jpg 300w, https:\/\/einschamanenweg.de\/wp-content\/uploads\/2018\/03\/Bild-Bz-Lyrik-768x437.jpg 768w, https:\/\/einschamanenweg.de\/wp-content\/uploads\/2018\/03\/Bild-Bz-Lyrik-1024x583.jpg 1024w, https:\/\/einschamanenweg.de\/wp-content\/uploads\/2018\/03\/Bild-Bz-Lyrik-624x355.jpg 624w, https:\/\/einschamanenweg.de\/wp-content\/uploads\/2018\/03\/Bild-Bz-Lyrik.jpg 1265w\" sizes=\"auto, (max-width: 400px) 100vw, 400px\" \/><\/h6>\n<h6>Foto: Ingo Schneider<\/h6>\n<h1><em>Lyrik Abend am Welttag der Poesie<\/em><\/h1>\n<h5>mit Gedichten von Michael W. Geisler<\/h5>\n<p><img loading=\"lazy\" decoding=\"async\" class=\"alignnone size-medium wp-image-218\" src=\"https:\/\/einschamanenweg.de\/wp-content\/uploads\/2018\/03\/Poesie-bz-181x300.jpg\" alt=\"\" width=\"181\" height=\"300\" srcset=\"https:\/\/einschamanenweg.de\/wp-content\/uploads\/2018\/03\/Poesie-bz-181x300.jpg 181w, https:\/\/einschamanenweg.de\/wp-content\/uploads\/2018\/03\/Poesie-bz.jpg 410w\" sizes=\"auto, (max-width: 181px) 100vw, 181px\" \/><\/p>\n<h1><em><strong>Lesung im Tipi<\/strong><\/em><\/h1>\n<h1><em><strong><img loading=\"lazy\" decoding=\"async\" class=\"size-full wp-image-205 alignleft\" src=\"https:\/\/einschamanenweg.de\/wp-content\/uploads\/2016\/02\/tipi.jpg\" alt=\"\" width=\"225\" height=\"185\" \/><\/strong><\/em><\/h1>\n<h6 class=\"western\" align=\"left\"><em><span style=\"font-family: Tahoma,serif;\"><span style=\"font-size: medium;\">O<\/span><\/span><span style=\"font-family: Tahoma,serif;\"><span style=\"font-size: medium;\">rt <\/span><\/span><\/em><em><span style=\"font-family: Tahoma,serif;\"><span style=\"font-size: medium;\">des G<\/span><\/span><\/em><em><span style=\"font-family: Tahoma,serif;\"><span style=\"font-size: medium;\">eschehens ist das Tipi am Schafhof in St. Peter, Eichwaldstra\u00dfe 1 <\/span><\/span><\/em><\/h6>\n<p><span style=\"font-size: medium;\"><em><span style=\"font-family: Tahoma,serif;\">Eine genaue Wegbeschreibung gibt\u00b4s auf Anfrage.<\/span><\/em><\/span><\/p>\n<p><em><span style=\"font-family: Tahoma,serif;\"><span style=\"font-size: medium;\"> Am <\/span><\/span><span style=\"font-family: Tahoma,serif;\"><span style=\"font-size: medium;\">Freitag, den 20. Oktober<\/span><\/span><span style=\"font-family: Tahoma,serif;\"><span style=\"font-size: medium;\"> brennt das Feuer ab 20 Uhr. <\/span><\/span><\/em><\/p>\n<p><em><span style=\"font-family: Tahoma,serif;\"><span style=\"font-size: medium;\">Die Lesung geht etwa von <\/span><\/span><span style=\"font-family: Tahoma,serif;\"><span style=\"font-size: medium;\">20-21 Uhr<\/span><\/span><span style=\"font-family: Tahoma,serif;\"><span style=\"font-size: medium;\">. Danach gibt es Stockbrot<br \/>und Zeit, um gemeinsam ins Feuer zu schauen, sich auszutau<\/span><\/span><span style=\"font-family: Tahoma,serif;\"><span style=\"font-size: medium;\">schen\u2026<br \/><\/span><\/span><\/em><\/p>\n<p><span style=\"font-size: medium;\"><em><span style=\"font-family: Tahoma,serif;\">Der Eintritt ist auf Spendenbasis, der Richtwert liegt bei 12 \u20ac.<br \/><\/span><\/em><\/span><\/p>\n<p><span style=\"font-size: medium;\"><em><span style=\"font-family: Tahoma,serif;\">Anmeldung &#8211; die Pl\u00e4tze im Tipi sind begrenzt \u2013 bei Katja Brudermann<\/span><\/em><\/span><\/p>\n<h6>\u00a0__________________________________________________________________________________________________________________________________________<\/h6>\n<h6><strong><em>Lesung am Feuerberg<\/em> <\/strong><\/h6>\n<h6>6. September 2017 20:30 Bibliothek<\/h6>\n<h6><img loading=\"lazy\" decoding=\"async\" class=\"alignnone size-full wp-image-201\" src=\"https:\/\/einschamanenweg.de\/wp-content\/uploads\/2016\/02\/feuerberg-logo-455903.gif\" alt=\"\" width=\"199\" height=\"87\" \/><\/h6>\n<h6>9551 Bodensdorf\/Gerlitzen Alpe<\/h6>\n<h6>\u00a0<\/h6>\n<h6><em><strong>Lesung im Caf\u00e9 Tasso Berlin am 23. M\u00e4rz 2017<\/strong><\/em><\/h6>\n<h6><img loading=\"lazy\" decoding=\"async\" class=\"wp-image-196 alignleft\" src=\"https:\/\/einschamanenweg.de\/wp-content\/uploads\/2016\/02\/Lesung-Tasso-23-3-17-300x147.jpg\" alt=\"\" width=\"292\" height=\"143\" srcset=\"https:\/\/einschamanenweg.de\/wp-content\/uploads\/2016\/02\/Lesung-Tasso-23-3-17-300x147.jpg 300w, https:\/\/einschamanenweg.de\/wp-content\/uploads\/2016\/02\/Lesung-Tasso-23-3-17-768x377.jpg 768w, https:\/\/einschamanenweg.de\/wp-content\/uploads\/2016\/02\/Lesung-Tasso-23-3-17-624x307.jpg 624w, https:\/\/einschamanenweg.de\/wp-content\/uploads\/2016\/02\/Lesung-Tasso-23-3-17.jpg 975w\" sizes=\"auto, (max-width: 292px) 100vw, 292px\" \/><em>Caf\u00e9 Tasso &#8211; Das andere Antiquariat<\/em><br \/><em>Frankfurter Allee 11<br \/>10247 Berlin-Friedrichshain<\/em><\/h6>\n<h6>\u00a0<\/h6>\n<h6>\u00a0<\/h6>\n<h6><strong><em>Oktober 2016<\/em><\/strong><\/h6>\n<h6><img loading=\"lazy\" decoding=\"async\" class=\"size-medium wp-image-190 alignleft\" src=\"https:\/\/einschamanenweg.de\/wp-content\/uploads\/2016\/02\/adhara-300x133.png\" alt=\"adhara\" width=\"300\" height=\"133\" srcset=\"https:\/\/einschamanenweg.de\/wp-content\/uploads\/2016\/02\/adhara-300x133.png 300w, https:\/\/einschamanenweg.de\/wp-content\/uploads\/2016\/02\/adhara-768x340.png 768w, https:\/\/einschamanenweg.de\/wp-content\/uploads\/2016\/02\/adhara-624x276.png 624w, https:\/\/einschamanenweg.de\/wp-content\/uploads\/2016\/02\/adhara.png 800w\" sizes=\"auto, (max-width: 300px) 100vw, 300px\" \/><\/h6>\n<h6><strong><em>Autorenlesung Michael Wolfgang Geisler<br \/>Aus dem Roman &#8222;In anderer Zeit&#8220;<br \/>Donnerstag, den 13. Oktober 20116<br \/>Adhara B\u00fcchertempel<br \/>Proskauer Str. 13 10247 Berlin 19:30<br \/><\/em><em>Eintritt: 7,- \u20ac<\/em><\/strong><\/h6>\n<h6>\u00a0<\/h6>\n<h6><em><strong><img loading=\"lazy\" decoding=\"async\" class=\"size-medium wp-image-183 alignleft\" src=\"https:\/\/einschamanenweg.de\/wp-content\/uploads\/2016\/02\/Lesung-im-Kaminsaal-300x212.jpg\" alt=\"Lesung im Kaminsaal\" width=\"300\" height=\"212\" srcset=\"https:\/\/einschamanenweg.de\/wp-content\/uploads\/2016\/02\/Lesung-im-Kaminsaal-300x212.jpg 300w, https:\/\/einschamanenweg.de\/wp-content\/uploads\/2016\/02\/Lesung-im-Kaminsaal-768x543.jpg 768w, https:\/\/einschamanenweg.de\/wp-content\/uploads\/2016\/02\/Lesung-im-Kaminsaal-1024x723.jpg 1024w, https:\/\/einschamanenweg.de\/wp-content\/uploads\/2016\/02\/Lesung-im-Kaminsaal-624x441.jpg 624w, https:\/\/einschamanenweg.de\/wp-content\/uploads\/2016\/02\/Lesung-im-Kaminsaal.jpg 1274w\" sizes=\"auto, (max-width: 300px) 100vw, 300px\" \/><\/strong><\/em><\/h6>\n<h6><em><strong>Lesung im Kaminsaal des Literaturhauses Berlin Juni 2016<\/strong><\/em><\/h6>\n<h6><em><strong><img loading=\"lazy\" decoding=\"async\" class=\"size-medium wp-image-184 alignleft\" src=\"https:\/\/einschamanenweg.de\/wp-content\/uploads\/2016\/02\/Signieren-300x191.jpg\" alt=\"Signieren\" width=\"300\" height=\"191\" srcset=\"https:\/\/einschamanenweg.de\/wp-content\/uploads\/2016\/02\/Signieren-300x191.jpg 300w, https:\/\/einschamanenweg.de\/wp-content\/uploads\/2016\/02\/Signieren-768x489.jpg 768w, https:\/\/einschamanenweg.de\/wp-content\/uploads\/2016\/02\/Signieren-1024x652.jpg 1024w, https:\/\/einschamanenweg.de\/wp-content\/uploads\/2016\/02\/Signieren-624x397.jpg 624w, https:\/\/einschamanenweg.de\/wp-content\/uploads\/2016\/02\/Signieren.jpg 1402w\" sizes=\"auto, (max-width: 300px) 100vw, 300px\" \/><\/strong><\/em><\/h6>\n<h6><em>Signieren des Buches<\/em><\/h6>\n<h6><em><strong> <img loading=\"lazy\" decoding=\"async\" class=\"size-medium wp-image-1395 alignnone\" src=\"https:\/\/einschamanenweg.de\/wp-content\/uploads\/2024\/12\/Literaturhaus-Bild-300x227.jpg\" alt=\"\" width=\"300\" height=\"227\" srcset=\"https:\/\/einschamanenweg.de\/wp-content\/uploads\/2024\/12\/Literaturhaus-Bild-300x227.jpg 300w, https:\/\/einschamanenweg.de\/wp-content\/uploads\/2024\/12\/Literaturhaus-Bild.jpg 595w\" sizes=\"auto, (max-width: 300px) 100vw, 300px\" \/><\/strong><\/em><\/h6>\n<h6><em><strong>Juni 2016 Autorenlesung<\/strong><\/em><\/h6>\n<h6><img loading=\"lazy\" decoding=\"async\" class=\" wp-image-153 alignleft\" src=\"http:\/\/einschamanenweg.de\/wp-content\/uploads\/2016\/04\/LH-Berlin_Logo_color-300x74.jpg\" alt=\"LH-Berlin_Logo_color\" width=\"300\" height=\"74\" srcset=\"https:\/\/einschamanenweg.de\/wp-content\/uploads\/2016\/04\/LH-Berlin_Logo_color-300x74.jpg 300w, https:\/\/einschamanenweg.de\/wp-content\/uploads\/2016\/04\/LH-Berlin_Logo_color-768x190.jpg 768w, https:\/\/einschamanenweg.de\/wp-content\/uploads\/2016\/04\/LH-Berlin_Logo_color-1024x253.jpg 1024w, https:\/\/einschamanenweg.de\/wp-content\/uploads\/2016\/04\/LH-Berlin_Logo_color-624x154.jpg 624w\" sizes=\"auto, (max-width: 300px) 100vw, 300px\" \/><em><strong> Michael W. Geisler<br \/><\/strong><\/em><em><strong>&#8222;Die Reise dauert<\/strong><\/em><em><strong> l\u00e4nger als sieben Tage &#8211; Ein Schamanenweg&#8220;<br \/>Samstag 18. Juni 2016 19:00 &#8211; 21:00 <\/strong><br \/><\/em><br \/>________________________________________________________________________________________________________________________________________________________<\/h6>\n<h6><strong><em>Do. 16. Juni 2016 20 Uhr<\/em><\/strong><\/h6>\n<h6><em><strong>Caf\u00e9 Tass<img loading=\"lazy\" decoding=\"async\" class=\"size-full wp-image-175 alignleft\" src=\"https:\/\/einschamanenweg.de\/wp-content\/uploads\/2016\/05\/CafeTasso.png\" alt=\"CafeTasso\" width=\"156\" height=\"156\" srcset=\"https:\/\/einschamanenweg.de\/wp-content\/uploads\/2016\/05\/CafeTasso.png 156w, https:\/\/einschamanenweg.de\/wp-content\/uploads\/2016\/05\/CafeTasso-150x150.png 150w\" sizes=\"auto, (max-width: 156px) 100vw, 156px\" \/>o<\/strong><\/em><\/h6>\n<h6><em>Lesung und Musik<br \/>Michael W. Geisler mit musikalischer Begleitung durch Maren Bockskopf (Querf\u00f6te und Klavier)<\/em><\/h6>\n<h6><em>Eintritt frei<\/em><\/h6>\n<div id=\"text\">\n<div id=\"texti\">\n<p><em>Caf\u00e9 Tasso &#8211; Das andere Antiquariat<\/em><br \/><em>Frankfurter Allee 11<br \/>10247 Berlin-Friedrichshain<\/em><\/p>\n<\/div>\n<\/div>\n<h6>______________________________________________________________________________________________________________________________________________________<\/h6>\n<h6 style=\"text-align: justify;\"><em><strong>Februar 2016<\/strong><\/em><\/h6>\n<h6 style=\"text-align: justify;\"><em>Ganz herzlich lade ich Sie\/dich zur Vorstellung meines im Januar 2016 neu erschienenen zweiten Romans \u201eDie Reise dauert l\u00e4nger als sieben Tage\u201c ein. Ich m\u00f6chte von den Begegnungen mit einer Welt voller Lebendigkeit, mit Tieren und Pflanzen und den Menschen erz\u00e4hlen. Raum und Zeit sollen von Magie und alter Weisheit verzaubert werden.<\/em><\/h6>\n<h6 style=\"text-align: center;\"><em><strong>26. Februar 2016 18:00<\/strong><\/em><\/h6>\n<h6 style=\"text-align: center;\"><em><strong>Cambridge International <\/strong><\/em><br \/><em><strong> Business College Freiburg<\/strong><\/em><\/h6>\n<h6 style=\"text-align: center;\"><strong><em>Eingang Hermann-Herderstr. 4<\/em><br \/><em>rechte Geb\u00e4udeseite<\/em><br \/><\/strong><\/h6>\n<h6 style=\"text-align: center;\">________________________________________________________________________________________________________________________________________________________<\/h6>\n<h6 style=\"text-align: justify;\" align=\"LEFT\"><strong><em>V<span style=\"color: #000000;\"><span style=\"font-family: Tahoma,sans-serif;\"><span style=\"font-size: small;\">ergiss die Zukunft, denn f\u00fcr den Augenblick hat sie keine Bedeutung, sondern umgekehrt der Augenblick hat f\u00fcr die Zukunft Bedeutung. Sieh gelassen den Augenblick und versuche nicht, ihn zu bedr\u00e4ngen, ihn zu lenken oder zu bestimmen. Er ist endg\u00fcltig! Akzeptiere diese Endg\u00fcltigkeit. Es geht um dich.<br \/><\/span><\/span><\/span><\/em><\/strong><em>aus: Die Reise dauert l\u00e4nger als sieben Tage<\/em><\/h6>\n<p><a href=\"https:\/\/einschamanenweg.de\/?page_id=1279\">Zur\u00fcck<\/a><\/p>","protected":false},"excerpt":{"rendered":"<p>Lesung \u201eDie Welle des Olymp \u2013 die Liebe, die Freiheit und die G\u00f6tter\u201cMichael W. GeislerSonntag, den 3.2.2019 Beginn 17 Uhr im Tipi St.Peter\/Wilmendobel An diesem sch\u00f6nen Ort in winterlicher Landschaft am Feuer des Tipi soll eine ganz besondere Lesung stattfinden. Gerne k\u00f6nnt ihr schon ab 15 Uhr kommen, einen kleinen Spaziergang in der sch\u00f6nen Landschaft [&hellip;]<\/p>\n","protected":false},"author":1,"featured_media":0,"parent":0,"menu_order":0,"comment_status":"closed","ping_status":"closed","template":"","meta":{"footnotes":""},"class_list":["post-132","page","type-page","status-publish","hentry"],"_links":{"self":[{"href":"https:\/\/einschamanenweg.de\/index.php?rest_route=\/wp\/v2\/pages\/132","targetHints":{"allow":["GET"]}}],"collection":[{"href":"https:\/\/einschamanenweg.de\/index.php?rest_route=\/wp\/v2\/pages"}],"about":[{"href":"https:\/\/einschamanenweg.de\/index.php?rest_route=\/wp\/v2\/types\/page"}],"author":[{"embeddable":true,"href":"https:\/\/einschamanenweg.de\/index.php?rest_route=\/wp\/v2\/users\/1"}],"replies":[{"embeddable":true,"href":"https:\/\/einschamanenweg.de\/index.php?rest_route=%2Fwp%2Fv2%2Fcomments&post=132"}],"version-history":[{"count":53,"href":"https:\/\/einschamanenweg.de\/index.php?rest_route=\/wp\/v2\/pages\/132\/revisions"}],"predecessor-version":[{"id":1536,"href":"https:\/\/einschamanenweg.de\/index.php?rest_route=\/wp\/v2\/pages\/132\/revisions\/1536"}],"wp:attachment":[{"href":"https:\/\/einschamanenweg.de\/index.php?rest_route=%2Fwp%2Fv2%2Fmedia&parent=132"}],"curies":[{"name":"wp","href":"https:\/\/api.w.org\/{rel}","templated":true}]}}