{"id":1279,"date":"2024-11-27T07:36:21","date_gmt":"2024-11-27T07:36:21","guid":{"rendered":"https:\/\/einschamanenweg.de\/?page_id=1279"},"modified":"2024-11-27T09:51:53","modified_gmt":"2024-11-27T09:51:53","slug":"hintergruende","status":"publish","type":"page","link":"https:\/\/einschamanenweg.de\/?page_id=1279","title":{"rendered":"Hintergr\u00fcnde"},"content":{"rendered":"<p><em>\u00a0Autor\u00a0 <a href=\"https:\/\/einschamanenweg.de\/?page_id=41\"><img loading=\"lazy\" decoding=\"async\" class=\"alignnone wp-image-7\" src=\"https:\/\/einschamanenweg.de\/wp-content\/uploads\/2016\/01\/Schamanenweg-196x300.jpg\" alt=\"\" width=\"15\" height=\"23\" \/><\/a> \u00a0\u00a0\u00a0\u00a0\u00a0\u00a0 Vom Schreiben \u00a0 <a href=\"https:\/\/einschamanenweg.de\/?page_id=934\"><img loading=\"lazy\" decoding=\"async\" class=\"alignnone wp-image-7\" src=\"https:\/\/einschamanenweg.de\/wp-content\/uploads\/2016\/01\/Schamanenweg-196x300.jpg\" alt=\"\" width=\"15\" height=\"23\" \/><\/a>\u00a0 \u00a0\u00a0\u00a0\u00a0 \u00a0 Erinnerungen\u00a0 <a href=\"https:\/\/einschamanenweg.de\/?page_id=779\"><img loading=\"lazy\" decoding=\"async\" class=\"alignnone wp-image-7\" src=\"https:\/\/einschamanenweg.de\/wp-content\/uploads\/2016\/01\/Schamanenweg-196x300.jpg\" alt=\"\" width=\"15\" height=\"23\" \/><\/a> \u00a0\u00a0\u00a0\u00a0\u00a0\u00a0 Rezensionen\u00a0 <a href=\"https:\/\/einschamanenweg.de\/?page_id=137\"><img loading=\"lazy\" decoding=\"async\" class=\"alignnone wp-image-7\" src=\"https:\/\/einschamanenweg.de\/wp-content\/uploads\/2016\/01\/Schamanenweg-196x300.jpg\" alt=\"\" width=\"15\" height=\"23\" \/><\/a> \u00a0\u00a0\u00a0\u00a0\u00a0\u00a0\u00a0 Lesungen\u00a0 <a href=\"https:\/\/einschamanenweg.de\/?page_id=132\"><img loading=\"lazy\" decoding=\"async\" class=\"alignnone wp-image-7\" src=\"https:\/\/einschamanenweg.de\/wp-content\/uploads\/2016\/01\/Schamanenweg-196x300.jpg\" alt=\"\" width=\"15\" height=\"23\" \/><\/a> \u00a0\u00a0\u00a0\u00a0\u00a0 Ver\u00f6ffentlichungen <a href=\"https:\/\/einschamanenweg.de\/?page_id=44\"><img loading=\"lazy\" decoding=\"async\" class=\"alignnone wp-image-7\" src=\"https:\/\/einschamanenweg.de\/wp-content\/uploads\/2016\/01\/Schamanenweg-196x300.jpg\" alt=\"\" width=\"15\" height=\"23\" \/><\/a>\u00a0\u00a0\u00a0\u00a0\u00a0\u00a0\u00a0\u00a0 Presse\u00a0 <a href=\"https:\/\/einschamanenweg.de\/?page_id=125\"><img loading=\"lazy\" decoding=\"async\" class=\"alignnone wp-image-7\" src=\"https:\/\/einschamanenweg.de\/wp-content\/uploads\/2016\/01\/Schamanenweg-196x300.jpg\" alt=\"\" width=\"15\" height=\"23\" \/><\/a><br \/>\n<\/em><img loading=\"lazy\" decoding=\"async\" class=\"aligncenter wp-image-24\" src=\"https:\/\/einschamanenweg.de\/wp-content\/uploads\/2016\/01\/Buch-klein-e1453736325437.gif\" alt=\"\" width=\"940\" height=\"168\" \/><\/p>\n<h2 style=\"text-align: center;\">Der Autor<\/h2>\n<p style=\"text-align: center;\" align=\"JUSTIFY\"><em>Diese Romane zu schreiben, hat mir gro\u00dfe Freude gemacht. Das Leben zeigt sich uns in Vielfalt und mit Augenblicken von gro\u00dfer Bedeutung. Wir begegnen Menschen, Pflanzen, Tieren, die uns etwas zu sagen haben. Hierzu m\u00f6chte ich den B\u00e4ren sprechen lassen. <a href=\"https:\/\/einschamanenweg.de\/?page_id=41\">Weiterlesen<\/a><br \/>\n<\/em><\/p>\n<h2 align=\"JUSTIFY\"><\/h2>\n<h2 style=\"text-align: center;\" align=\"JUSTIFY\">Vom Schreiben<\/h2>\n<p style=\"text-align: center;\"><em><strong>Vom Schreiben, Denken, Glauben und Tr\u00e4umen in unserer Zeit<\/strong><\/em><\/p>\n<p style=\"text-align: center;\"><em>\u201eVermag das Buch meinen Blick auf die Welt dauerhaft zu ver\u00e4ndern? Nehme ich sie nach der Lekt\u00fcre anders wahr als vorher?\u201c <a href=\"https:\/\/einschamanenweg.de\/?page_id=934\">Weiterlesen<\/a><br \/>\n<\/em><\/p>\n<h2><\/h2>\n<h2 style=\"text-align: center;\">Erinnerungen<\/h2>\n<p style=\"text-align: center;\"><em>In den Romanen werden immer wieder kleine Lebensgeschichten aus fr\u00fcheren Zeiten, die an fremden Orten spielen, erz\u00e4hlt. Sie nehmen das auf, von dem im Roman gerade berichtet wird, und betrachten das Thema aus einem anderen Blickwinkel. <a href=\"https:\/\/einschamanenweg.de\/?page_id=779\">Weiterlesen<\/a><\/em><\/p>\n<h2><\/h2>\n<h2 style=\"text-align: center;\">Rezensionen<\/h2>\n<p style=\"text-align: center;\"><a href=\"https:\/\/einschamanenweg.de\/?page_id=137\"><img loading=\"lazy\" decoding=\"async\" class=\"wp-image-977\" src=\"https:\/\/einschamanenweg.de\/wp-content\/uploads\/2021\/01\/Wendezeit-21-1-Alexandra-300x268.jpg\" alt=\"\" width=\"175\" height=\"157\" srcset=\"https:\/\/einschamanenweg.de\/wp-content\/uploads\/2021\/01\/Wendezeit-21-1-Alexandra-300x268.jpg 300w, https:\/\/einschamanenweg.de\/wp-content\/uploads\/2021\/01\/Wendezeit-21-1-Alexandra-624x557.jpg 624w, https:\/\/einschamanenweg.de\/wp-content\/uploads\/2021\/01\/Wendezeit-21-1-Alexandra.jpg 678w\" sizes=\"auto, (max-width: 175px) 100vw, 175px\" \/><\/a><\/p>\n<h2><\/h2>\n<h2 style=\"text-align: center;\">Lesungen<\/h2>\n<p style=\"text-align: center;\"><a href=\"https:\/\/einschamanenweg.de\/?page_id=132\"><img loading=\"lazy\" decoding=\"async\" class=\"size-thumbnail wp-image-511\" src=\"https:\/\/einschamanenweg.de\/wp-content\/uploads\/2018\/11\/Lesung2-16-11-18-150x150.jpg\" alt=\"\" width=\"150\" height=\"150\" \/><\/a><\/p>\n<h2><\/h2>\n<h2 style=\"text-align: center;\">Ver\u00f6ffentlichungen<\/h2>\n<p style=\"text-align: center;\">Vom Autor sind erschienen &#8230;\u00a0 <a href=\"https:\/\/einschamanenweg.de\/?page_id=44\">weiterlesen<\/a><\/p>\n<h2><\/h2>\n<h2 style=\"text-align: center;\">Presse<\/h2>\n<p style=\"text-align: center;\"><a href=\"https:\/\/einschamanenweg.de\/?page_id=125\"><img loading=\"lazy\" decoding=\"async\" class=\"size-thumbnail wp-image-108\" src=\"https:\/\/einschamanenweg.de\/wp-content\/uploads\/2016\/01\/Werbeseitte_Schamanenweg-150x150.jpg\" alt=\"\" width=\"150\" height=\"150\" \/><\/a><\/p>\n<p style=\"text-align: center;\">\n","protected":false},"excerpt":{"rendered":"<p>\u00a0Autor\u00a0 \u00a0\u00a0\u00a0\u00a0\u00a0\u00a0 Vom Schreiben \u00a0 \u00a0 \u00a0\u00a0\u00a0\u00a0 \u00a0 Erinnerungen\u00a0 \u00a0\u00a0\u00a0\u00a0\u00a0\u00a0 Rezensionen\u00a0 \u00a0\u00a0\u00a0\u00a0\u00a0\u00a0\u00a0 Lesungen\u00a0 \u00a0\u00a0\u00a0\u00a0\u00a0 Ver\u00f6ffentlichungen \u00a0\u00a0\u00a0\u00a0\u00a0\u00a0\u00a0\u00a0 Presse\u00a0 Der Autor Diese Romane zu schreiben, hat mir gro\u00dfe Freude gemacht. Das Leben zeigt sich uns in Vielfalt und mit Augenblicken von gro\u00dfer Bedeutung. Wir begegnen Menschen, Pflanzen, Tieren, die uns etwas zu sagen haben. Hierzu m\u00f6chte ich [&hellip;]<\/p>\n","protected":false},"author":1,"featured_media":0,"parent":0,"menu_order":0,"comment_status":"closed","ping_status":"closed","template":"","meta":{"footnotes":""},"class_list":["post-1279","page","type-page","status-publish","hentry"],"_links":{"self":[{"href":"https:\/\/einschamanenweg.de\/index.php?rest_route=\/wp\/v2\/pages\/1279","targetHints":{"allow":["GET"]}}],"collection":[{"href":"https:\/\/einschamanenweg.de\/index.php?rest_route=\/wp\/v2\/pages"}],"about":[{"href":"https:\/\/einschamanenweg.de\/index.php?rest_route=\/wp\/v2\/types\/page"}],"author":[{"embeddable":true,"href":"https:\/\/einschamanenweg.de\/index.php?rest_route=\/wp\/v2\/users\/1"}],"replies":[{"embeddable":true,"href":"https:\/\/einschamanenweg.de\/index.php?rest_route=%2Fwp%2Fv2%2Fcomments&post=1279"}],"version-history":[{"count":12,"href":"https:\/\/einschamanenweg.de\/index.php?rest_route=\/wp\/v2\/pages\/1279\/revisions"}],"predecessor-version":[{"id":1296,"href":"https:\/\/einschamanenweg.de\/index.php?rest_route=\/wp\/v2\/pages\/1279\/revisions\/1296"}],"wp:attachment":[{"href":"https:\/\/einschamanenweg.de\/index.php?rest_route=%2Fwp%2Fv2%2Fmedia&parent=1279"}],"curies":[{"name":"wp","href":"https:\/\/api.w.org\/{rel}","templated":true}]}}