{"id":125,"date":"2016-02-04T16:36:02","date_gmt":"2016-02-04T16:36:02","guid":{"rendered":"http:\/\/einschamanenweg.de\/?page_id=125"},"modified":"2024-12-03T20:22:27","modified_gmt":"2024-12-03T20:22:27","slug":"presse","status":"publish","type":"page","link":"https:\/\/einschamanenweg.de\/?page_id=125","title":{"rendered":"Presse"},"content":{"rendered":"<h3 style=\"text-align: justify;\"><strong>Presseinformation zu den Romanen<br \/><\/strong><\/h3>\n<p><img loading=\"lazy\" decoding=\"async\" class=\"alignleft wp-image-108 size-large\" src=\"https:\/\/einschamanenweg.de\/wp-content\/uploads\/2016\/01\/Werbeseitte_Schamanenweg-722x1024.jpg\" alt=\"\" width=\"625\" height=\"886\" srcset=\"https:\/\/einschamanenweg.de\/wp-content\/uploads\/2016\/01\/Werbeseitte_Schamanenweg-722x1024.jpg 722w, https:\/\/einschamanenweg.de\/wp-content\/uploads\/2016\/01\/Werbeseitte_Schamanenweg-211x300.jpg 211w, https:\/\/einschamanenweg.de\/wp-content\/uploads\/2016\/01\/Werbeseitte_Schamanenweg-768x1090.jpg 768w, https:\/\/einschamanenweg.de\/wp-content\/uploads\/2016\/01\/Werbeseitte_Schamanenweg-624x885.jpg 624w, https:\/\/einschamanenweg.de\/wp-content\/uploads\/2016\/01\/Werbeseitte_Schamanenweg.jpg 1748w\" sizes=\"auto, (max-width: 625px) 100vw, 625px\" \/><\/p>\n<h4>\u00a0<\/h4>\n<h4>in anderer zeit\u00a0 <i><b>Pressemitteilung <\/b><\/i><a href=\"https:\/\/einschamanenweg.de\/wp-content\/uploads\/2024\/12\/PM_Geisler2.pdf\">PM_Geisler(2)<\/a><\/h4>\n<hr \/>\n<p><strong>Die Reise dauert l\u00e4nger als sieben Tage<\/strong>\u00a0 <a href=\"http:\/\/einschamanenweg.de\/wp-content\/uploads\/2016\/02\/Geisler_7Tage_pm.pdf\" rel=\"\">Geisler_7Tage_pm<\/a><\/p>\n<p style=\"text-align: justify;\"><strong><em>An der Schwelle zur lebendigen Welt<\/em><\/strong><br \/><em>Wo fr\u00fcher ein religi\u00f6ses Weltbild die Menschen trug und auch begrenzte, verbannt der Siegeszug des Zeitalters der Wissenschaft die Sinnsuche aus dem Alltag: Entwicklung und Innovation, ob in Medizin oder Ingenieurskunst, sch\u00fcren den Glauben, als Menschheit letztlich doch noch den Sieg \u00fcber Natur und Verg\u00e4nglichkeit davonzutragen. In diesem Spannungsfeld ist Michael Wolfgang Geislers neuer Roman &#8222;Die Reise dauert l\u00e4nger als sieben Tage&#8220; wie eine Seelenmedizin, die uns die alte Weisheit der Sch\u00f6pfung wieder in Erinnerung ruft und zeigt, wie wir sie in den Alltag der Moderne integrieren k\u00f6nnen. Richard hei\u00dft der Held in Geislers Roman. Ende 20 ist er, als er desillusioniert ein Theologiestudium abbricht. Die B\u00fcrde, seine gro\u00dfe Liebe zu Ana Maria nicht leben zu k\u00f6nnen, weil immer wieder Zweifel das Werden der Beziehung verhindern, teilt er mit vielen Menschen seiner Generation. Aber Geislers Roman weist \u00fcber das Thema Beziehungsf\u00e4higkeit hinaus: Die gro\u00dfe Frage der Anbindung an eine h\u00f6here Bestimmung klingt an, als Richard sich zu einer Reise entschlie\u00dft, die ihn nach Kirgistan in die Steppe, zu einem Schamanen f\u00fchrt. Die Erfahrungen, die ihn dort erwarten, sprengen in ihm auf sanfte Weise das alte Verst\u00e4ndnis der Wirklichkeit und bringen das Neue, das als Sehnsucht schon immer in ihm schlummerte, zum Vorschein. Mit einem Mal zeigt sich eine beseelte Natur. Feinf\u00fchlig zeichnet Geisler nach, in welchem Ma\u00dfe sich die Setzung unserer Realit\u00e4t ver\u00e4ndern kann, wenn wir uns mit ganzem Herzen auf den transformierenden Weg einer schamanischen Spiritualit\u00e4t einlassen.<\/em> <!--more--><\/p>\n<p style=\"text-align: justify;\"><em>\u201eDer moderne Mensch muss sich selbst den Himmel als Entsprechung zu seinem irdischen Dasein erschaffen. Die Welt ist leer in ihrem materialistischen Verst\u00e4ndnis. Leer an Sinn und Lebensaufgabe\u201c, beschreibt Geisler den Ausgangspunkt seines Romans. Das Werk stellt die Frage, wie wir in der heutigen Zeit, in der das Heilige aus dem Alltag der meisten Menschen verschwunden ist, \u00fcber eine Initiation zu der Erkenntnis finden k\u00f6nnen, dass wir das Heilige nicht im Au\u00dfen zu suchen brauchen, weil es sich in uns befindet.<br \/><\/em><\/p>\n<p style=\"text-align: justify;\"><em>Schamanen sind in indigenen Traditionen so etwas wie die Schwellenh\u00fcter zu dieser erweiterten Realit\u00e4t. An sie wendet man sich mit einem existentiellen Anliegen, sie werden mit der Aufgabe betraut, den Austausch zur Anderswelt ins Flie\u00dfen zu bringen. Diese Erfahrung macht auch der Protagonist in Geislers Roman, als ihn die Erfahrungen in Kirgistan an die Grenzen seines bisherigen Weltbildes und dar\u00fcber hinaus f\u00fchren. Richard h\u00e4lt sich in der Weite der Steppe auf, vertraut sich der F\u00fchrung eines Wolfes an, der ihn als Krafttier mit archetypischen Energien vertraut macht. Sieben Tage durchwandert er die Wildnis. Er begegnet Pflanzen und Tieren, die ihn lehren, mit ihnen zu sprechen. So erh\u00e4lt er Einblick in die Geheimnisse und Weisheit der Sch\u00f6pfung. Poetisch verdeutlicht der Roman, welche F\u00fclle das Dasein auf dieser Erde haben kann, wenn wir uns daf\u00fcr entscheiden, unsere Wahrnehmungsschwelle als ver\u00e4nderbar anzunehmen; wenn wir uns der Vorstellung \u00f6ffnen, dass es zwischen Himmel und Erde sehr viel mehr gibt als das, was uns die Sinne unmittelbar erschlie\u00dfen k\u00f6nnen.<br \/><\/em><\/p>\n<p style=\"text-align: justify;\"><em>Die Zeit in der Wildnis birgt auch Schmerz und Not. Einsam, ohne Nahrung und Orientierung f\u00fchrt der Weg Richard. Es gibt Augenblicke gro\u00dfer Verzweiflung. Er begegnet dem Tod, aber auch einer neuen Geburt. Die Tage beim gro\u00dfen Heiler und in der unber\u00fchrten Natur Kirgistans wandeln ihn. Zur\u00fcck in Berlin muss er sein Leben umgestalten. Neue Ziele haben sich er\u00f6ffnet. Die Begegnung mit Ana Maria steht fortan unter anderen Vorzeichen. So tr\u00e4gt der Roman die alte Weisheit des Schamanenwegs in die Moderne: Er l\u00e4dt den Leser ein, diesen Weg mitzugehen, das Erdendasein neu und anders zu betrachten.<\/em><\/p>\n<p style=\"text-align: justify;\"><em>\u201eDie Welt ist lebendig und voller Bedeutung. Dies f\u00fcr sich selbst zu entdecken, f\u00fchrt den modernen Menschen aus der Sinnkrise der durch die Kultur nicht beantworteten Fragen\u201c, ist Geisler \u00fcberzeugt. Sein Roman kann hierf\u00fcr eine transformierende Erfahrung sein.<\/em><\/p>\n<hr \/>\n<p><strong>Die Welle des Olymp\u00a0 <\/strong><a href=\"http:\/\/einschamanenweg.de\/wp-content\/uploads\/2018\/11\/Welle-des-Olymp-PM.pdf\">Welle des Olymp-PM<\/a><\/p>\n<p><em><strong>Die Welle des Olymp &#8211; die Liebe, die Freiheit und die G\u00f6tter<\/strong><\/em><\/p>\n<ul>\n<li><em><strong>ein machtvolles Pl\u00e4doyer, den fordernden Weg hin zur Liebe zu gehen<\/strong><\/em><\/li>\n<li><em><strong>ein fesselnder Roman, der das Mysterium Partnerschaft in den Mythen ergr\u00fcndet<\/strong><\/em><\/li>\n<\/ul>\n<p><em><strong>\u00a0<\/strong><strong>Trennendes in Liebe erl\u00f6sen<br \/><\/strong><\/em><em><strong>\u00a0<\/strong>Gl\u00fcck und die eigene Bestimmung zu finden \u2013 welche Herausforderung angesichts der heutzutage \u00fcberbordenden F\u00fclle denkbarer Lebensentw\u00fcrfe. Tief verbindende Partnerschaft wird ob dieses schillernden Angebots zu einem scheinbar unerreichbaren Sehnsuchtsort. Wie kann diese jenseits des t\u00e4glich verf\u00fchrenden Marktes der M\u00f6glichkeiten dennoch gelebt werden? Der neue Beziehungsroman &#8222;Die Welle des Olymp&#8220; von Michael W. Geisler l\u00e4sst diese derart lebensbestimmende Frage in den kunstreichen Mythen der Menschheit, der griechischen G\u00f6tterwelt, Widerhall finden. Ein Liebespaar \u2013 sie temperamentvoll, unruhig und voller Erwartung, er getragen von der Sehnsucht nach Harmonie und Verst\u00e4ndigung \u2013 begeben sich auf einen gemeinsamen Lebensweg. Beide sind sie auf der Suche nach Gl\u00fcck und Sinn. Sie wachsen an Ihren Gegens\u00e4tzen und der Herausforderung, das Trennende zu \u00fcberwinden. Mit viel Feingef\u00fchl zeichnet der Autor nach, wie die Wendungen des Lebens, die Ehe, die Geburt der Kinder, Untreue oder ein tragischer Todesfall ihre Zusammengeh\u00f6rigkeit vertiefen. Das irdische Geschehen spiegelt sich in der Weisheit der Sch\u00f6pfung. So gelingt es dem Buch, auf sanfte und poetische Weise das Geheimnis einer erf\u00fcllenden Beziehung zu ergr\u00fcnden. \u201eDie G\u00f6tterwelt steht f\u00fcr die tiefen Beweggr\u00fcnde menschlichen Handelns. In der Mythologie zeigen sich dem Leser mit gro\u00dfer Klarheit und Kraft die eigenen, grundlegenden Motive seines Tuns\u201c, vermittelt uns der Autor. Sein Roman r\u00fcckt die Wurzeln des Menschseins in das Blickfeld \u2013 schenkt uns Mut und Kraft, das eigene Schicksal in die Hand zu nehmen und seiner Entfaltung entgegenzustreben.<\/em><\/p>\n<hr \/>\n\n\n<p><strong>Alexandra &#8211; die Geschichte eines ungew\u00f6hnlichen Lebens &nbsp; <\/strong><a href=\"https:\/\/einschamanenweg.de\/wp-content\/uploads\/2020\/09\/Alexandra-PM.pdf\">Alexandra-PM<\/a><\/p>\n\n\n\n<ul class=\"wp-block-list\">\n<li><strong><em>ein machtvolles Pl\u00e4doyer f\u00fcr den Wert und die Bedeutung jedes Menschen<\/em><\/strong><\/li>\n\n\n\n<li><strong><em>ein fesselnder Roman, der voller Feingef\u00fchl und Klarheit auf ein ungew\u00f6hnliches Leben blickt<\/em><\/strong><\/li>\n<\/ul>\n\n\n\n<p><em><strong><strong>Eine Begegnung voller Liebe und Verst\u00e4ndnis<\/strong><\/strong><\/em><\/p>\n\n\n\n<p><em>Dieser Roman erz\u00e4hlt poetisch und mit gro\u00dfem Feingef\u00fchl vom Leben Alexandras \u2013 vom Leid, dem Schmerz, der Hoffnung und ganz besonders von der Liebe. Er fordert uns auf zu erkennen, warum wir Menschen dieser Erde sind. Was Alexandra erf\u00e4hrt, ber\u00fchrt unser Herz. Und deshalb hat sie uns so viel zu sagen. Durch ihr Leben verbindet sie den Sternenhimmel mit der Erde und verweist auf die Einzigartigkeit des Menschseins. Sie schenkt uns Mut, Vertrauen und einen Grund f\u00fcr unser Sein.<\/em><\/p>\n\n\n\n<p><em>Michael Wolfgang Geisler beschreibt mit gro\u00dfem Einf\u00fchlungsverm\u00f6gen, zur\u00fcckhaltend und zugleich unmittelbar, was Alexandras Leben als ein schwerstbehinderter Mensch bedeutet und wie es einen tiefen Sinn ber\u00fchrt.<\/em><\/p>\n\n\n\n<p><em>Voller Freude erwarten Eltern und Schwester die Geburt Alexandras. Sie wissen um den Platz des Kindes in der Familie. Ruhige Gewissheit und eine tiefe Weisheit strahlt das M\u00e4dchen aus, nachdem es das Licht dieser Welt erblickt hat. Schaut man Alexandra in die Augen, dann l\u00e4sst sich in ihnen ein ungew\u00f6hnliches Schicksal erahnen.<\/em><\/p>\n\n\n\n<p><em>Es tritt ein, an was sich das Kind als seine Bestimmung gebunden hat. Alexandra erleidet einen Unfall, wird wiederbelebt und in ein k\u00fcnstliches Koma versetzt. Danach hat sich ihre Wirklichkeit vollst\u00e4ndig gewandelt. Alexandra erwacht als ein anderer Mensch. Sie hat die Kontrolle \u00fcber ihren K\u00f6rper verloren. In absoluter Abh\u00e4ngigkeit von den Mitmenschen muss sie fortan ihr irdisches Leben f\u00fchren.<\/em><\/p>\n\n\n\n<p><em>Es sind bittere, schwere Zeiten. Doch Alexandra will leben. Von nun an ist ihre Existenz davon bestimmt, dieses aufs \u00c4u\u00dferste fordernde Dasein zu bew\u00e4ltigen. In dieser Lebenssituation entfaltet sie eine ungeheure Kraft und in ihrem verwundeten Leib spiegelt sich die Empfindsamkeit einer gro\u00dfen Seele. Sie m\u00f6chte ihre Aufgabe auf Erden erf\u00fcllen!<\/em><\/p>\n\n\n\n<p><strong>Kostenlose Rezensionsexemplare<\/strong> f\u00fcr Blogger, Journalisten oder Rezensenten bitte direkt beim Verlag unter <a rel=\"noreferrer noopener\" href=\"mailto:presse@trediton.de\" target=\"_blank\">presse@trediton.de<\/a> anfordern. Buchbestellung bei <strong>tredition.de<\/strong> oder im Buchhandel.<\/p>\n\n\n\n<p><strong><em>In den Jahren unseres Zusammenlebens habe ich beobachtet, dass solche Momente der \u00dcbereinstimmung, wohin unsere Gedanken und Gef\u00fchle gehen, immer h\u00e4ufiger geworden sind. Manchmal kam mir das so vor, als teilten wir einen gemeinsamen Geist, den wir mit der Zeit gebildet hatten.<\/em><\/strong><\/p>\n\n\n\n<p>&nbsp;<em>(Zitat aus &#8222;in anderer zeit&#8220;)<\/em><\/p>\n\n\n\n<p><a href=\"https:\/\/einschamanenweg.de\/?page_id=1279\">Zur\u00fcck<\/a><\/p>\n\n\n\n<p><\/p>\n","protected":false},"excerpt":{"rendered":"<p>Presseinformation zu den Romanen \u00a0 in anderer zeit\u00a0 Pressemitteilung PM_Geisler(2) Die Reise dauert l\u00e4nger als sieben Tage\u00a0 Geisler_7Tage_pm An der Schwelle zur lebendigen WeltWo fr\u00fcher ein religi\u00f6ses Weltbild die Menschen trug und auch begrenzte, verbannt der Siegeszug des Zeitalters der Wissenschaft die Sinnsuche aus dem Alltag: Entwicklung und Innovation, ob in Medizin oder Ingenieurskunst, sch\u00fcren [&hellip;]<\/p>\n","protected":false},"author":1,"featured_media":0,"parent":0,"menu_order":0,"comment_status":"closed","ping_status":"closed","template":"","meta":{"footnotes":""},"class_list":["post-125","page","type-page","status-publish","hentry"],"_links":{"self":[{"href":"https:\/\/einschamanenweg.de\/index.php?rest_route=\/wp\/v2\/pages\/125","targetHints":{"allow":["GET"]}}],"collection":[{"href":"https:\/\/einschamanenweg.de\/index.php?rest_route=\/wp\/v2\/pages"}],"about":[{"href":"https:\/\/einschamanenweg.de\/index.php?rest_route=\/wp\/v2\/types\/page"}],"author":[{"embeddable":true,"href":"https:\/\/einschamanenweg.de\/index.php?rest_route=\/wp\/v2\/users\/1"}],"replies":[{"embeddable":true,"href":"https:\/\/einschamanenweg.de\/index.php?rest_route=%2Fwp%2Fv2%2Fcomments&post=125"}],"version-history":[{"count":16,"href":"https:\/\/einschamanenweg.de\/index.php?rest_route=\/wp\/v2\/pages\/125\/revisions"}],"predecessor-version":[{"id":1472,"href":"https:\/\/einschamanenweg.de\/index.php?rest_route=\/wp\/v2\/pages\/125\/revisions\/1472"}],"wp:attachment":[{"href":"https:\/\/einschamanenweg.de\/index.php?rest_route=%2Fwp%2Fv2%2Fmedia&parent=125"}],"curies":[{"name":"wp","href":"https:\/\/api.w.org\/{rel}","templated":true}]}}