{"id":1098,"date":"2021-10-30T07:35:37","date_gmt":"2021-10-30T07:35:37","guid":{"rendered":"https:\/\/einschamanenweg.de\/?page_id=1098"},"modified":"2025-08-24T15:20:57","modified_gmt":"2025-08-24T15:20:57","slug":"gedanken-tonios-glueck","status":"publish","type":"page","link":"https:\/\/einschamanenweg.de\/?page_id=1098","title":{"rendered":"Gedanken Tonios Gl\u00fcck"},"content":{"rendered":"<p><em><a href=\"https:\/\/einschamanenweg.de\/?page_id=1043\" data-type=\"page\" data-id=\"1043\"><img loading=\"lazy\" decoding=\"async\" src=\"https:\/\/einschamanenweg.de\/wp-content\/uploads\/2021\/09\/Tonio-ebook-202x300.jpg\" alt=\"\" width=\"30\" height=\"45\" \/><\/a> <a href=\"https:\/\/einschamanenweg.de\/?page_id=1043\">Tonios Gl\u00fcck<\/a> \u00a0\u00a0 \u00a0 \u00a0 <a href=\"https:\/\/einschamanenweg.de\/?page_id=1086\"><img loading=\"lazy\" decoding=\"async\" src=\"https:\/\/einschamanenweg.de\/wp-content\/uploads\/2021\/09\/Tonio-ebook-202x300.jpg\" alt=\"\" width=\"30\" height=\"45\" \/><\/a> <a href=\"https:\/\/einschamanenweg.de\/?page_id=1156\">Die Zukunft <\/a>\u00a0\u00a0\u00a0\u00a0 \u00a0 \u00a0 <a href=\"https:\/\/einschamanenweg.de\/?page_id=1086\"><img loading=\"lazy\" decoding=\"async\" src=\"https:\/\/einschamanenweg.de\/wp-content\/uploads\/2021\/09\/Tonio-ebook-202x300.jpg\" alt=\"\" width=\"30\" height=\"45\" \/><\/a><\/em> <em data-rich-text-format-boundary=\"true\"><a href=\"https:\/\/einschamanenweg.de\/?page_id=1086\">Leseprobe<\/a> \u00a0 \u00a0 <a href=\"https:\/\/einschamanenweg.de\/?page_id=1086\"><img loading=\"lazy\" decoding=\"async\" src=\"https:\/\/einschamanenweg.de\/wp-content\/uploads\/2021\/09\/Tonio-ebook-202x300.jpg\" alt=\"\" width=\"30\" height=\"45\" \/><\/a> <a href=\"https:\/\/einschamanenweg.de\/?page_id=1622\">KI Wissen<\/a>\u00a0 \u00a0 \u00a0\u00a0<a href=\"https:\/\/einschamanenweg.de\/?page_id=1265\"><img loading=\"lazy\" decoding=\"async\" src=\"https:\/\/einschamanenweg.de\/wp-content\/uploads\/2021\/09\/Tonio-ebook-202x300.jpg\" alt=\"\" width=\"30\" height=\"45\" \/><\/a><a href=\"https:\/\/einschamanenweg.de\/?page_id=1265\">Bezug<\/a><br \/>\n<\/em><\/p>\n<p><a href=\"https:\/\/einschamanenweg.de\/?page_id=1043\"><img decoding=\"async\" src=\"https:\/\/einschamanenweg.de\/wp-content\/uploads\/2021\/09\/Mond-Internet-Auswahl.jpg\" alt=\"Dieses Bild hat ein leeres Alt-Attribut. Der Dateiname ist Mond-Internet-Auswahl.jpg\" \/><\/a><\/p>\n<figure id=\"block-0d718e18-9084-47e6-b46b-5cb97824311d\" class=\"block-editor-block-list__block wp-block wp-block-image\" tabindex=\"0\" role=\"group\" aria-label=\"Block: Bild\" data-block=\"0d718e18-9084-47e6-b46b-5cb97824311d\" data-type=\"core\/image\" data-title=\"Bild\">\n<div class=\"components-drop-zone\" data-is-drop-zone=\"true\"><\/div>\n<\/figure>\n<p id=\"block-6ef92838-1800-449c-a2d9-13a61095ed5d\" class=\"block-editor-rich-text__editable block-editor-block-list__block wp-block wp-block-paragraph rich-text\" tabindex=\"0\" role=\"group\" contenteditable=\"true\" aria-multiline=\"true\" aria-label=\"Absatz-Block\" data-block=\"6ef92838-1800-449c-a2d9-13a61095ed5d\" data-type=\"core\/paragraph\" data-title=\"Absatz\" data-empty=\"false\"><em><strong>Gedanken &#8211; Dieses Buch streift in einem gro\u00dfen Bogen Sch\u00f6pfung und Bestimmung des Menschen<br \/>\n<\/strong><\/em><\/p>\n<p><img loading=\"lazy\" decoding=\"async\" class=\"alignright wp-image-1101\" src=\"https:\/\/einschamanenweg.de\/wp-content\/uploads\/2021\/10\/20211014_114408-300x225.jpg\" alt=\"\" width=\"320\" height=\"240\" srcset=\"https:\/\/einschamanenweg.de\/wp-content\/uploads\/2021\/10\/20211014_114408-300x225.jpg 300w, https:\/\/einschamanenweg.de\/wp-content\/uploads\/2021\/10\/20211014_114408-1024x768.jpg 1024w, https:\/\/einschamanenweg.de\/wp-content\/uploads\/2021\/10\/20211014_114408-768x576.jpg 768w, https:\/\/einschamanenweg.de\/wp-content\/uploads\/2021\/10\/20211014_114408-1536x1152.jpg 1536w, https:\/\/einschamanenweg.de\/wp-content\/uploads\/2021\/10\/20211014_114408-2048x1536.jpg 2048w, https:\/\/einschamanenweg.de\/wp-content\/uploads\/2021\/10\/20211014_114408-624x468.jpg 624w\" sizes=\"auto, (max-width: 320px) 100vw, 320px\" \/><\/p>\n<p><em><strong>Der See<br \/>\nRuhig liegt der See zwischen Wald und Wiesengrund,<\/strong><\/em><br \/>\n<strong><em>Sinnbild f\u00fcr die Seele und ihr stilles Weilen.<br \/>\nSachte kr\u00e4uselt nun der Wind das Wasser zu des Morgens Stund,<br \/>\nl\u00e4sst kleine Wellen tanzen ohne alles Eilen.<\/em><\/strong><\/p>\n<p><strong><em>Wie der Geist den Mensch bewegt, <\/em><\/strong><br \/>\n<strong><em>dass sich sein Denken lebhaft regt,<\/em><\/strong><br \/>\n<strong><em>als ob das Wasser nach Aufruhr riefe<\/em><\/strong><br \/>\n<strong><em>und doch ruht der See in seiner Tiefe.<\/em><\/strong><\/p>\n<p><em>Der Mensch bestimmt \u00fcber den Weltengang und wei\u00df doch nicht, wohin er sich selbst f\u00fchrt. Was sind seine Ziele? Wohin geht sein Streben?<\/em><\/p>\n<p><em>Die Novelle spielt in einer Zukunft, von der ungewiss bleibt, wann sie stattfindet. Die Menschen haben vollkommen unterschiedliche Gesellschaften gegr\u00fcndet, die kaum miteinander in Kontakt stehen. Tonio, ein anerkannter Wissenschaftler, lebt in einer von Technik und Maschinen gestalteten Wirklichkeit. Die Bewohner vertrauen ihr Dasein der F\u00fcrsorge von Robotern an und gleichen ihren technischen Helfern auf vielf\u00e4ltige Weise.<\/em><\/p>\n<p><em>Doch Tonio gelingt es, jenseits dieser technisch perfekten Welt eine Realit\u00e4t zu entdecken, die ihn dem Zweifel, der Ungewissheit und zugleich einem Reichtum inneren Erlebens aussetzt. Daran entwickelt er sich und entw\u00e4chst einer Zivilisation, in der es keine Not und kein Leid zu geben scheint.<\/em><\/p>\n<p><em>Er emigriert in eine andere Kultur, deren Lebenswirklichkeit kaum verschiedener von der seiner Herkunft sein k\u00f6nnte. Denn hier steht nicht die Technik, sondern der Mensch im Mittelpunkt. Das Wissen um die eigene Bestimmung und den Sinn des Daseins sind die Grundlage f\u00fcr diese Gemeinschaft. Was Tonio die Kraft schenkt, diesen fordernden Weg zu gehen, ist die Liebe zu einer Forscherin, die vor ihm den Schritt in eine andere Kultur gewagt hat.<\/em><\/p>\n<p><em><img loading=\"lazy\" decoding=\"async\" class=\"alignleft wp-image-1102\" src=\"https:\/\/einschamanenweg.de\/wp-content\/uploads\/2021\/10\/20210910_112516-scaled-e1635579137380-300x109.jpg\" alt=\"\" width=\"360\" height=\"131\" srcset=\"https:\/\/einschamanenweg.de\/wp-content\/uploads\/2021\/10\/20210910_112516-scaled-e1635579137380-300x109.jpg 300w, https:\/\/einschamanenweg.de\/wp-content\/uploads\/2021\/10\/20210910_112516-scaled-e1635579137380-1024x372.jpg 1024w, https:\/\/einschamanenweg.de\/wp-content\/uploads\/2021\/10\/20210910_112516-scaled-e1635579137380-768x279.jpg 768w, https:\/\/einschamanenweg.de\/wp-content\/uploads\/2021\/10\/20210910_112516-scaled-e1635579137380-1536x558.jpg 1536w, https:\/\/einschamanenweg.de\/wp-content\/uploads\/2021\/10\/20210910_112516-scaled-e1635579137380-624x227.jpg 624w, https:\/\/einschamanenweg.de\/wp-content\/uploads\/2021\/10\/20210910_112516-scaled-e1635579137380.jpg 1920w\" sizes=\"auto, (max-width: 360px) 100vw, 360px\" \/><strong>Als er weitere f\u00fcnf Minuten gewandert ist, wird eine Lichtung sichtbar. Eine Herde Tiere grast am Rande eines kleinen Sees. Nat\u00fcrlich wei\u00df Tonio nicht, um was f\u00fcr Lebewesen es sich handelt und er ist sich unsicher, wie er sich verhalten soll. Zun\u00e4chst bleibt er versteckt hinter einem Baum stehen und betrachtet die m\u00e4chtigen Wesen. Sie besitzen dunkelbraunes Fell, gewaltige K\u00f6rper mit massigen K\u00f6pfen. Instinktiv h\u00e4lt er Abstand.<br \/>\n<\/strong><\/em><em><strong>Diese Lebewesen scheinen ihm, als seien sie der Erde entwachsen \u2013 wie umgefallene Baumst\u00e4mme, die gelernt haben, sich zu bewegen. Er wundert sich, dass sie in der Lage sind, auf ihren vier Beinen zu stehen.<\/strong><br \/>\nAus: Tonios Gl\u00fcck<br \/>\n<\/em><\/p>\n","protected":false},"excerpt":{"rendered":"<p>Tonios Gl\u00fcck \u00a0\u00a0 \u00a0 \u00a0 Die Zukunft \u00a0\u00a0\u00a0\u00a0 \u00a0 \u00a0 Leseprobe \u00a0 \u00a0 KI Wissen\u00a0 \u00a0 \u00a0\u00a0Bezug Gedanken &#8211; Dieses Buch streift in einem gro\u00dfen Bogen Sch\u00f6pfung und Bestimmung des Menschen Der See Ruhig liegt der See zwischen Wald und Wiesengrund, Sinnbild f\u00fcr die Seele und ihr stilles Weilen. Sachte kr\u00e4uselt nun der Wind das [&hellip;]<\/p>\n","protected":false},"author":1,"featured_media":0,"parent":0,"menu_order":0,"comment_status":"closed","ping_status":"closed","template":"","meta":{"footnotes":""},"class_list":["post-1098","page","type-page","status-publish","hentry"],"_links":{"self":[{"href":"https:\/\/einschamanenweg.de\/index.php?rest_route=\/wp\/v2\/pages\/1098","targetHints":{"allow":["GET"]}}],"collection":[{"href":"https:\/\/einschamanenweg.de\/index.php?rest_route=\/wp\/v2\/pages"}],"about":[{"href":"https:\/\/einschamanenweg.de\/index.php?rest_route=\/wp\/v2\/types\/page"}],"author":[{"embeddable":true,"href":"https:\/\/einschamanenweg.de\/index.php?rest_route=\/wp\/v2\/users\/1"}],"replies":[{"embeddable":true,"href":"https:\/\/einschamanenweg.de\/index.php?rest_route=%2Fwp%2Fv2%2Fcomments&post=1098"}],"version-history":[{"count":17,"href":"https:\/\/einschamanenweg.de\/index.php?rest_route=\/wp\/v2\/pages\/1098\/revisions"}],"predecessor-version":[{"id":1632,"href":"https:\/\/einschamanenweg.de\/index.php?rest_route=\/wp\/v2\/pages\/1098\/revisions\/1632"}],"wp:attachment":[{"href":"https:\/\/einschamanenweg.de\/index.php?rest_route=%2Fwp%2Fv2%2Fmedia&parent=1098"}],"curies":[{"name":"wp","href":"https:\/\/api.w.org\/{rel}","templated":true}]}}