{"id":1086,"date":"2021-10-30T06:42:51","date_gmt":"2021-10-30T06:42:51","guid":{"rendered":"https:\/\/einschamanenweg.de\/?page_id=1086"},"modified":"2025-08-24T15:22:10","modified_gmt":"2025-08-24T15:22:10","slug":"leseprobe-tonios-glueck","status":"publish","type":"page","link":"https:\/\/einschamanenweg.de\/?page_id=1086","title":{"rendered":"Leseprobe Tonios Gl\u00fcck"},"content":{"rendered":"<p><em><a href=\"https:\/\/einschamanenweg.de\/?page_id=1043\" data-type=\"page\" data-id=\"1043\"><img loading=\"lazy\" decoding=\"async\" src=\"https:\/\/einschamanenweg.de\/wp-content\/uploads\/2021\/09\/Tonio-ebook-202x300.jpg\" alt=\"\" width=\"30\" height=\"45\" \/><\/a> <a href=\"https:\/\/einschamanenweg.de\/?page_id=1156\">Die Zukunft<\/a> \u00a0 \u00a0 \u00a0 \u00a0<a href=\"https:\/\/einschamanenweg.de\/?page_id=1086\"><img loading=\"lazy\" decoding=\"async\" src=\"https:\/\/einschamanenweg.de\/wp-content\/uploads\/2021\/09\/Tonio-ebook-202x300.jpg\" alt=\"\" width=\"30\" height=\"45\" \/><\/a> <a href=\"https:\/\/einschamanenweg.de\/?page_id=1098\">Gedanken<\/a> \u00a0 \u00a0 \u00a0 \u00a0<a href=\"https:\/\/einschamanenweg.de\/?page_id=1265\"><img loading=\"lazy\" decoding=\"async\" src=\"https:\/\/einschamanenweg.de\/wp-content\/uploads\/2021\/09\/Tonio-ebook-202x300.jpg\" alt=\"\" width=\"30\" height=\"45\" \/> Bezug<\/a>\u00a0 \u00a0 \u00a0 \u00a0<a href=\"https:\/\/einschamanenweg.de\/?page_id=1086\"><img loading=\"lazy\" decoding=\"async\" src=\"https:\/\/einschamanenweg.de\/wp-content\/uploads\/2021\/09\/Tonio-ebook-202x300.jpg\" alt=\"\" width=\"30\" height=\"45\" \/><\/a> <a href=\"https:\/\/einschamanenweg.de\/?page_id=1622\">KI Wissen<\/a>\u00a0 \u00a0\u00a0<a href=\"https:\/\/einschamanenweg.de\/?page_id=1086\"><img loading=\"lazy\" decoding=\"async\" src=\"https:\/\/einschamanenweg.de\/wp-content\/uploads\/2021\/09\/Tonio-ebook-202x300.jpg\" alt=\"\" width=\"30\" height=\"45\" \/><\/a><\/em> <em data-rich-text-format-boundary=\"true\"><a href=\"https:\/\/einschamanenweg.de\/?page_id=1043\">Tonios Gl\u00fcck<\/a><\/em><\/p>\n\n\n<figure class=\"wp-block-image\"><img loading=\"lazy\" decoding=\"async\" width=\"2298\" height=\"456\" src=\"https:\/\/einschamanenweg.de\/wp-content\/uploads\/2021\/09\/Mond-Internet-Auswahl.jpg\" alt=\"\" class=\"wp-image-1046\" srcset=\"https:\/\/einschamanenweg.de\/wp-content\/uploads\/2021\/09\/Mond-Internet-Auswahl.jpg 2298w, https:\/\/einschamanenweg.de\/wp-content\/uploads\/2021\/09\/Mond-Internet-Auswahl-300x60.jpg 300w, https:\/\/einschamanenweg.de\/wp-content\/uploads\/2021\/09\/Mond-Internet-Auswahl-1024x203.jpg 1024w, https:\/\/einschamanenweg.de\/wp-content\/uploads\/2021\/09\/Mond-Internet-Auswahl-768x152.jpg 768w, https:\/\/einschamanenweg.de\/wp-content\/uploads\/2021\/09\/Mond-Internet-Auswahl-1536x305.jpg 1536w, https:\/\/einschamanenweg.de\/wp-content\/uploads\/2021\/09\/Mond-Internet-Auswahl-2048x406.jpg 2048w, https:\/\/einschamanenweg.de\/wp-content\/uploads\/2021\/09\/Mond-Internet-Auswahl-624x124.jpg 624w\" sizes=\"auto, (max-width: 2298px) 100vw, 2298px\" \/><\/figure>\n\n\n\n<p><em><strong>Die Rede an den Monitor<\/strong><\/em><\/p>\n\n\n\n<p><em>Tonio nimmt das Ger\u00e4t in die Hand und tr\u00e4gt es einige Schritte in die Richtung, in der sich die Silhouetten der silbernen Geb\u00e4ude in der Ferne erahnen lassen. Dann legt er es auf den Boden und spricht laut: \u00bbMonitor, ich lasse dich an diesem Ort. Du sollst hier darauf verweisen, dass es einem Bewohner m\u00f6glich ist, seine vertraute Heimat zu verlassen. Ich ben\u00f6tige dich nicht mehr<\/em>,<em> und du kannst mir nicht l\u00e4nger helfen!\u00ab<\/em><\/p>\n\n\n\n<p>&nbsp;&nbsp;&nbsp;&nbsp;&nbsp; <em>Tonio steht fest auf der Erde und atmet einige Male kr\u00e4ftig ein und aus.<\/em><\/p>\n\n\n\n<p>&nbsp;&nbsp;&nbsp;&nbsp;&nbsp;<em> \u00bbIn der Zivilisation versorgen Maschinen den Menschen. Sie geben ihm alles \u2013 auch die Gedanken und Gef\u00fchle \u2013 f\u00fcr sein Wohlergehen. Doch jetzt suche ich meine eigene Bestimmung. Auf diesem Weg befinde ich mich.\u00ab<\/em><\/p>\n\n\n\n<p>&nbsp;&nbsp;&nbsp;&nbsp;&nbsp; <em>Aus dem intensiven inneren Erleben Tonios formen sich die S\u00e4tze. Es ist ihm, als werde er eins mit der Umgebung, w\u00e4hrend sich Worte in ihm bilden und das Licht der Welt erblicken. Was ihn umgibt, ist nicht leblose Materie, sondern Natur, zu der er geh\u00f6rt, die er erkunden wird, die ihm einen Lebenssinn verraten kann. Er holt Luft, um zu sprechen.<\/em><\/p>\n\n\n\n<p>&nbsp;&nbsp;&nbsp;&nbsp;<em>&nbsp; \u00bbIch wusste nichts von meinem Schmerz, Monitor, und auch du kannst ihn niemals verstehen. Ich war dir \u00e4hnlich, mein vertrauter Automat. Wir waren Br\u00fcder. Ich wollte wie du sein. Doch dann, meine geduldige Maschine, ist anderes in mir erwacht. In dir kann dies nicht geschehen. Du besitzt keinen Willen. Aber ich m\u00f6chte meiner Bestimmung folgen! Du besitzt solch eine Bestimmung nicht. Du bist ein Ding, ein Ger\u00e4t. Du wirst f\u00fcr lange Zeit hier auf dem Boden liegen, ohne Bed\u00fcrfnisse, Wollen, Zweifel, Leid, Freude oder Verlangen zu sp\u00fcren. Ich bin anders als du. Und doch, deine Dienste waren wertvoll, auch wenn du sie mir ohne jede Absicht gegeben hast.\u00ab<\/em><\/p>\n\n\n\n<p>&nbsp;&nbsp;&nbsp;&nbsp;&nbsp; <em>Nach diesen Worten f\u00fchlt sich Tonio erleichtert. Voller Achtung schaut er hinab zur braunen Erde, auf die er den kleinen Monitor gelegt hat. Einsamkeit erfasst sein Herz. Ist dies Mitleid mit dem Roboter, den er nun f\u00fcr immer hier zur\u00fccklassen wird? Doch die Welt der Maschinen kennt keine Gef\u00fchle. Auch er wusste nichts von ihnen, als er Teil der Realit\u00e4t seiner technischen Helfer war. Trotzdem, in ihm dr\u00e4ngt es, diesem Automaten, der hier stellvertretend f\u00fcr alle Roboter auf dem Boden liegt, einen ehrw\u00fcrdigen Abschied zu bereiten. Er findet Worte, die bisher unentdeckt in ihm verborgen lagen.<\/em><\/p>\n\n\n\n<p>&nbsp;&nbsp;&nbsp;&nbsp;&nbsp; <em>\u00bbWeil ich ein Mensch bin, strebe ich danach zu werden. Das tust du nicht und begreifst du nicht. Zwischen uns bestehen un\u00fcberbr\u00fcckbare Grenzen. Du wirst nie erleben zu sein. Du wirst nie verstehen oder einen Sinn erkennen!\u00ab<\/em><\/p>\n\n\n\n<p>&nbsp;&nbsp;&nbsp;&nbsp;&nbsp; <em>Tonio h\u00e4lt inne. Weitere Worte formen sich.<\/em><\/p>\n\n\n\n<p>&nbsp;&nbsp;&nbsp;&nbsp;&nbsp; <em>\u00bbDeshalb verlasse ich deine Wirklichkeit! Diese Grenze, an der du nun wachst, an der du die Richtung zu einer anderen Kultur zeigst, ich habe sie \u00fcberschritten. Und du, mein treuer Monitor, du wirst als Symbol daf\u00fcr an der Trennungslinie bleiben, dass die Maschine den Menschen diene. Ich wei\u00df, du fragst nicht, wozu. Du erf\u00fcllst, was dir vorgegeben wird.\u00ab<\/em><\/p>\n\n\n\n<p>&nbsp;&nbsp;&nbsp;<em>&nbsp;&nbsp; Lange ruht Tonios Blick auf diesem kleinen Automaten, der weiterhin zur Kultur \u03b1T weist.<\/em><\/p>\n\n\n\n<p>&nbsp;&nbsp;&nbsp;&nbsp;<em>&nbsp; \u00bbMonitor, du geh\u00f6rst zur Zivilisation, auch wenn du mir den Weg zeigst, sie zu verlassen. Ich lasse dich hier zur\u00fcck an dieser Stelle, an der ich mich der Natur zuwende. Weiter will ich dich nicht tragen, und l\u00e4nger kannst du mir nicht di<\/em>e<em>nen<\/em>.\u00ab<\/p>\n\n\n\n<p>&nbsp;&nbsp;&nbsp;&nbsp;&nbsp; <em>Ersch\u00f6pft sinkt Tonio auf die Knie und verneigt sich in alle vier Himmelsrichtungen. Lange verharrt er in dieser Position, und die Zeiger der Uhr aus seinem Traum werden ihm gegenw\u00e4rtig. Sie messen den Wandel, denkt er voller Freude. Nur weil ich mich ver\u00e4ndere, existiert f\u00fcr mich die Zeit.<\/em><\/p>\n\n\n<p><img loading=\"lazy\" decoding=\"async\" class=\"wp-image-1112 size-large aligncenter\" src=\"https:\/\/einschamanenweg.de\/wp-content\/uploads\/2021\/10\/20211020_215022-scaled-e1635580151876-1024x258.jpg\" alt=\"\" width=\"625\" height=\"157\" srcset=\"https:\/\/einschamanenweg.de\/wp-content\/uploads\/2021\/10\/20211020_215022-scaled-e1635580151876-1024x258.jpg 1024w, https:\/\/einschamanenweg.de\/wp-content\/uploads\/2021\/10\/20211020_215022-scaled-e1635580151876-300x76.jpg 300w, https:\/\/einschamanenweg.de\/wp-content\/uploads\/2021\/10\/20211020_215022-scaled-e1635580151876-768x194.jpg 768w, https:\/\/einschamanenweg.de\/wp-content\/uploads\/2021\/10\/20211020_215022-scaled-e1635580151876-1536x388.jpg 1536w, https:\/\/einschamanenweg.de\/wp-content\/uploads\/2021\/10\/20211020_215022-scaled-e1635580151876-2048x517.jpg 2048w, https:\/\/einschamanenweg.de\/wp-content\/uploads\/2021\/10\/20211020_215022-scaled-e1635580151876-624x157.jpg 624w\" sizes=\"auto, (max-width: 625px) 100vw, 625px\" \/><\/p>\n\n\n<p><\/p>\n\n\n<p style=\"text-align: center;\">Kap. 1 Tonios Gl\u00fcck Download<\/p>\n<p style=\"text-align: center;\"><a href=\"https:\/\/einschamanenweg.de\/wp-content\/uploads\/2021\/10\/Tonios-Glueck-Leseprobe.pdf\">Tonios Glueck Leseprobe<\/a><\/p>\n<\/p>\n<p><em><strong>Vertrauen<img loading=\"lazy\" decoding=\"async\" class=\"alignleft wp-image-1124 size-large\" src=\"https:\/\/einschamanenweg.de\/wp-content\/uploads\/2021\/11\/20211014_112709-scaled-e1635752775718-1021x1024.jpg\" alt=\"\" width=\"625\" height=\"627\" srcset=\"https:\/\/einschamanenweg.de\/wp-content\/uploads\/2021\/11\/20211014_112709-scaled-e1635752775718-1021x1024.jpg 1021w, https:\/\/einschamanenweg.de\/wp-content\/uploads\/2021\/11\/20211014_112709-scaled-e1635752775718-300x300.jpg 300w, https:\/\/einschamanenweg.de\/wp-content\/uploads\/2021\/11\/20211014_112709-scaled-e1635752775718-150x150.jpg 150w, https:\/\/einschamanenweg.de\/wp-content\/uploads\/2021\/11\/20211014_112709-scaled-e1635752775718-768x770.jpg 768w, https:\/\/einschamanenweg.de\/wp-content\/uploads\/2021\/11\/20211014_112709-scaled-e1635752775718-1532x1536.jpg 1532w, https:\/\/einschamanenweg.de\/wp-content\/uploads\/2021\/11\/20211014_112709-scaled-e1635752775718-624x626.jpg 624w, https:\/\/einschamanenweg.de\/wp-content\/uploads\/2021\/11\/20211014_112709-scaled-e1635752775718.jpg 1914w\" sizes=\"auto, (max-width: 625px) 100vw, 625px\" \/><\/strong><\/em><\/p>\n<p><em>Vertraue, Mensch, was ist gegeben<br \/><\/em><em>und wer du bist in dieser Welt.<br \/><\/em><em>Vertraue dir und deinem Leben,<br \/><\/em><em>das dich auf dieser Erde h\u00e4lt.<\/em><\/p>\n<p><em>So vieles gilt es zu entdecken,<br \/><\/em><em>den eigenen Ausdruck zu erwecken,<br \/><\/em><em>damit Bewusstsein dich erf\u00fclle,<br \/><\/em><em>dem Lichte weicht die dunkle H\u00fclle.<\/em><\/p>\n<p><em>Noch liegt versteckt und unbekannt,<br \/><\/em><em>von keinem Namen wird benannt,<br \/><\/em><em>wohin du strebst und wer du bist,<br \/><\/em><em>was du zum Heil schmerzlich vermisst.<\/em><\/p>\n<p><em>Das Licht soll fallen auf dein Leben,<br \/><\/em><em>zur Erkenntnis dich erheben.<br \/><\/em><em>Erfahrung schenkt, was du vollbracht,<br \/><\/em><em>der Sch\u00f6pfung Wille stete Macht<br \/><\/em><em>f\u00fchrt dich voran zu Schmerz und Gl\u00fcck<br \/><\/em><em>und wissend zu der Quell zur\u00fcck.<\/em><\/p>\n<p><em>Ich bin, so hei\u00dft das Ziel des Ganzen!<br \/><\/em><em>Die Kr\u00e4fte dich gar wild umtanzen.<br \/><\/em><em>Lass sie dich f\u00fchren und gestalten,<br \/><\/em><em>wenn fruchtbar sie auf Erden walten.<\/em><\/p>","protected":false},"excerpt":{"rendered":"<p>Die Zukunft \u00a0 \u00a0 \u00a0 \u00a0 Gedanken \u00a0 \u00a0 \u00a0 \u00a0 Bezug\u00a0 \u00a0 \u00a0 \u00a0 KI Wissen\u00a0 \u00a0\u00a0 Tonios Gl\u00fcck Die Rede an den Monitor Tonio nimmt das Ger\u00e4t in die Hand und tr\u00e4gt es einige Schritte in die Richtung, in der sich die Silhouetten der silbernen Geb\u00e4ude in der Ferne erahnen lassen. Dann legt [&hellip;]<\/p>\n","protected":false},"author":1,"featured_media":0,"parent":0,"menu_order":0,"comment_status":"closed","ping_status":"closed","template":"","meta":{"footnotes":""},"class_list":["post-1086","page","type-page","status-publish","hentry"],"_links":{"self":[{"href":"https:\/\/einschamanenweg.de\/index.php?rest_route=\/wp\/v2\/pages\/1086","targetHints":{"allow":["GET"]}}],"collection":[{"href":"https:\/\/einschamanenweg.de\/index.php?rest_route=\/wp\/v2\/pages"}],"about":[{"href":"https:\/\/einschamanenweg.de\/index.php?rest_route=\/wp\/v2\/types\/page"}],"author":[{"embeddable":true,"href":"https:\/\/einschamanenweg.de\/index.php?rest_route=\/wp\/v2\/users\/1"}],"replies":[{"embeddable":true,"href":"https:\/\/einschamanenweg.de\/index.php?rest_route=%2Fwp%2Fv2%2Fcomments&post=1086"}],"version-history":[{"count":15,"href":"https:\/\/einschamanenweg.de\/index.php?rest_route=\/wp\/v2\/pages\/1086\/revisions"}],"predecessor-version":[{"id":1633,"href":"https:\/\/einschamanenweg.de\/index.php?rest_route=\/wp\/v2\/pages\/1086\/revisions\/1633"}],"wp:attachment":[{"href":"https:\/\/einschamanenweg.de\/index.php?rest_route=%2Fwp%2Fv2%2Fmedia&parent=1086"}],"curies":[{"name":"wp","href":"https:\/\/api.w.org\/{rel}","templated":true}]}}