{"id":1043,"date":"2021-09-23T17:16:02","date_gmt":"2021-09-23T17:16:02","guid":{"rendered":"https:\/\/einschamanenweg.de\/?page_id=1043"},"modified":"2025-08-24T15:23:42","modified_gmt":"2025-08-24T15:23:42","slug":"das-buch-tonios-glueck","status":"publish","type":"page","link":"https:\/\/einschamanenweg.de\/?page_id=1043","title":{"rendered":"Tonios Gl\u00fcck"},"content":{"rendered":"<p><em>\u00a0<a href=\"https:\/\/einschamanenweg.de\/?page_id=1098\"><img loading=\"lazy\" decoding=\"async\" class=\"wp-image-1047 alignnone\" src=\"https:\/\/einschamanenweg.de\/wp-content\/uploads\/2021\/09\/Tonio-ebook-202x300.jpg\" alt=\"\" width=\"30\" height=\"45\" srcset=\"https:\/\/einschamanenweg.de\/wp-content\/uploads\/2021\/09\/Tonio-ebook-202x300.jpg 202w, https:\/\/einschamanenweg.de\/wp-content\/uploads\/2021\/09\/Tonio-ebook.jpg 500w\" sizes=\"auto, (max-width: 30px) 100vw, 30px\" \/><\/a> <a href=\"https:\/\/einschamanenweg.de\/?page_id=1098\">Gedanken<\/a> \u00a0\u00a0 \u00a0 \u00a0 <a href=\"https:\/\/einschamanenweg.de\/?page_id=1086\"><img loading=\"lazy\" decoding=\"async\" class=\"wp-image-1047 alignnone\" src=\"https:\/\/einschamanenweg.de\/wp-content\/uploads\/2021\/09\/Tonio-ebook-202x300.jpg\" alt=\"\" width=\"30\" height=\"45\" srcset=\"https:\/\/einschamanenweg.de\/wp-content\/uploads\/2021\/09\/Tonio-ebook-202x300.jpg 202w, https:\/\/einschamanenweg.de\/wp-content\/uploads\/2021\/09\/Tonio-ebook.jpg 500w\" sizes=\"auto, (max-width: 30px) 100vw, 30px\" \/><\/a> <a href=\"https:\/\/einschamanenweg.de\/?page_id=1156\">Die Zukunft<\/a>\u00a0 \u00a0\u00a0 \u00a0 \u00a0<a href=\"https:\/\/einschamanenweg.de\/?page_id=1086\"><img loading=\"lazy\" decoding=\"async\" class=\"wp-image-1047 alignnone\" src=\"https:\/\/einschamanenweg.de\/wp-content\/uploads\/2021\/09\/Tonio-ebook-202x300.jpg\" alt=\"\" width=\"30\" height=\"45\" srcset=\"https:\/\/einschamanenweg.de\/wp-content\/uploads\/2021\/09\/Tonio-ebook-202x300.jpg 202w, https:\/\/einschamanenweg.de\/wp-content\/uploads\/2021\/09\/Tonio-ebook.jpg 500w\" sizes=\"auto, (max-width: 30px) 100vw, 30px\" \/><\/a>\u00a0 <a href=\"https:\/\/einschamanenweg.de\/?page_id=1086\">Leseprobe<\/a>\u00a0 \u00a0 <a href=\"https:\/\/einschamanenweg.de\/?page_id=1086\"><img loading=\"lazy\" decoding=\"async\" src=\"https:\/\/einschamanenweg.de\/wp-content\/uploads\/2021\/09\/Tonio-ebook-202x300.jpg\" alt=\"\" width=\"30\" height=\"45\" \/><\/a> <a href=\"https:\/\/einschamanenweg.de\/?page_id=1622\">KI Wissen<\/a> \u00a0 <a href=\"https:\/\/einschamanenweg.de\/?page_id=1265\"><img loading=\"lazy\" decoding=\"async\" src=\"https:\/\/einschamanenweg.de\/wp-content\/uploads\/2021\/09\/Tonio-ebook-202x300.jpg\" alt=\"\" width=\"30\" height=\"45\" \/> Bezug<\/a><\/em><\/p>\n<p><img loading=\"lazy\" decoding=\"async\" class=\"wp-image-1046 size-full\" src=\"https:\/\/einschamanenweg.de\/wp-content\/uploads\/2021\/09\/Mond-Internet-Auswahl.jpg\" alt=\"\" width=\"2298\" height=\"456\" srcset=\"https:\/\/einschamanenweg.de\/wp-content\/uploads\/2021\/09\/Mond-Internet-Auswahl.jpg 2298w, https:\/\/einschamanenweg.de\/wp-content\/uploads\/2021\/09\/Mond-Internet-Auswahl-300x60.jpg 300w, https:\/\/einschamanenweg.de\/wp-content\/uploads\/2021\/09\/Mond-Internet-Auswahl-1024x203.jpg 1024w, https:\/\/einschamanenweg.de\/wp-content\/uploads\/2021\/09\/Mond-Internet-Auswahl-768x152.jpg 768w, https:\/\/einschamanenweg.de\/wp-content\/uploads\/2021\/09\/Mond-Internet-Auswahl-1536x305.jpg 1536w, https:\/\/einschamanenweg.de\/wp-content\/uploads\/2021\/09\/Mond-Internet-Auswahl-2048x406.jpg 2048w, https:\/\/einschamanenweg.de\/wp-content\/uploads\/2021\/09\/Mond-Internet-Auswahl-624x124.jpg 624w\" sizes=\"auto, (max-width: 2298px) 100vw, 2298px\" \/><\/p>\n<p><img loading=\"lazy\" decoding=\"async\" class=\"alignleft size-medium wp-image-1047\" src=\"https:\/\/einschamanenweg.de\/wp-content\/uploads\/2021\/09\/Tonio-ebook-202x300.jpg\" alt=\"\" width=\"202\" height=\"300\" srcset=\"https:\/\/einschamanenweg.de\/wp-content\/uploads\/2021\/09\/Tonio-ebook-202x300.jpg 202w, https:\/\/einschamanenweg.de\/wp-content\/uploads\/2021\/09\/Tonio-ebook.jpg 500w\" sizes=\"auto, (max-width: 202px) 100vw, 202px\" \/><\/p>\n<p><em><strong>\u00bbEs wird einmal sein, was in heutigen Tagen noch unter dem Schleier der Unkenntnis \u00fcber das Kommende verborgen liegt: Dann existiert eine Zivilisation, in der das Gl\u00fcck und die Freiheit jedes Menschen verwirklicht sind.\u00ab Mit diesen Worten beginnt die Novelle. Sie erz\u00e4hlt von der Zukunft und dem Streben der Bewohner dieser Erde, dass ihre W\u00fcnsche wahr werden.<\/strong><\/em><\/p>\n<p><em>Wissenschaft und Technik, die Beherrschung physikalischer, chemischer und biologischer Prozesse haben die Voraussetzungen f\u00fcr ein Leben ohne Sorgen und N\u00f6te geschaffen. Roboter, ausgestattet mit k\u00fcnstlicher Intelligenz, erf\u00fcllen alle Bed\u00fcrfnisse der Menschen. Sie optimieren die Gehirnstr\u00f6me, sodass keine unerw\u00fcnschten oder unangenehmen Gef\u00fchle oder Gedanken ins Bewusstsein kommen k\u00f6nnen.<\/em><\/p>\n<p><em>Wie im Paradies zeigt sich das Dasein. Doch gleichfalls gilt, was f\u00fcr das Paradies galt: Solch eine Existenz beraubt den Menschen der M\u00f6glichkeit zum wahrhaftigen Erkennen. Die Erdenbewohner haben sich den Robotern angeglichen, die weder Verlangen noch Ziele besitzen und niemals die Welt verstehen k\u00f6nnen. Der Sinn des Daseins liegt allein darin, dass alles bleiben soll, wie es ist.<\/em><\/p>\n<p><em>Doch der Mensch ist erschaffen, um zu erleben und zu wachsen. Und so gen\u00fcgt Tonio, dem Protagonisten der Novelle, nicht, was ihm die Zivilisation zu bieten vermag. Dies zu sp\u00fcren verwundert ihn, l\u00e4sst ihn zweifeln und f\u00fchrt ihn schlie\u00dflich zur Suche nach einer anderen Lebensform. Er steht vor der Entscheidung, sich der Technik anzuvertrauen oder die Herausforderung zur eigenen Entwicklung anzunehmen.<\/em><\/p>\n<p><em>In der Zivilisation existiert keine Herrschaft. So ist es ein innerer Kampf gegen die g\u00fcltigen \u00dcberzeugungen, den Tonio, ein in der Zivilisation anerkannter Wissenschaftler, ausfechten muss. Er entwickelt sich, weil er es wagt, Erfahrungen jenseits aller Gewissheiten und des scheinbar Unver\u00e4nderlichen zu machen. Hierdurch erschafft er sich selbst als neuen Menschen.<\/em><\/p>\n<p><em>In jener Zeit existieren vollkommen verschiedenartige Gemeinschaften nebeneinander, und Tonio nimmt Kontakt zu einer anderen Kultur auf. Er beschlie\u00dft, umzusiedeln, und damit beginnt f\u00fcr ihn ein weiteres Abenteuer. Denn zwischen der Zivilisation und jener anderen Kultur besteht kaum Austausch. So ist er ganz auf sich allein gestellt, als er in die ihm unbekannte Welt aufbricht.<\/em><\/p>\n<p><em>Doch er wei\u00df von Channah, einer Forscherin, die diesen Schritt vor ihm unternommen hat. Mit ihr steht er in Verbindung und f\u00fcr sie empfindet er eine tiefe Zuneigung. Allerdings bis er ihr begegnen kann, muss er gro\u00dfe Herausforderungen meistern. Denn der Weg hin zu ihr f\u00fchrt ihn durch die Wildnis der Natur. Eine Wirklichkeit, mit der er, der der Realit\u00e4t der Maschinen entstammt, nun zum ersten Mal konfrontiert wird. Er muss lernen, unter vollkommen unbekannten Bedingungen zu \u00fcberleben.<\/em><\/p>\n<p><em>Man mag es F\u00fcgung, Gl\u00fcck oder Schicksal nennen: Tonio erreicht die ihm unbekannte Kultur. Zuneigung und F\u00fcrsorge werden ihm dort entgegengebracht. Doch zugleich erlebt er die neue Welt als ihm vollst\u00e4ndig fremd. Allein mit Channah verbindet ihn ein grundlegendes Verst\u00e4ndnis, welches sich zu einer tiefen Liebe entwickelt. Tonio muss vieles lernen, so wie ein kleines Kind, das in eine ihm fremde Welt geboren wird. Denn er entstammt einer von fast perfekten Maschinen gestalteten Wirklichkeit und muss sich nun in einer Gemeinschaft zurechtfinden, in der die Entwicklung des Menschen im Mittelpunkt steht.<\/em><\/p>\n","protected":false},"excerpt":{"rendered":"<p>\u00a0 Gedanken \u00a0\u00a0 \u00a0 \u00a0 Die Zukunft\u00a0 \u00a0\u00a0 \u00a0 \u00a0\u00a0 Leseprobe\u00a0 \u00a0 KI Wissen \u00a0 Bezug \u00bbEs wird einmal sein, was in heutigen Tagen noch unter dem Schleier der Unkenntnis \u00fcber das Kommende verborgen liegt: Dann existiert eine Zivilisation, in der das Gl\u00fcck und die Freiheit jedes Menschen verwirklicht sind.\u00ab Mit diesen Worten beginnt die [&hellip;]<\/p>\n","protected":false},"author":1,"featured_media":0,"parent":0,"menu_order":0,"comment_status":"closed","ping_status":"closed","template":"","meta":{"footnotes":""},"class_list":["post-1043","page","type-page","status-publish","hentry"],"_links":{"self":[{"href":"https:\/\/einschamanenweg.de\/index.php?rest_route=\/wp\/v2\/pages\/1043","targetHints":{"allow":["GET"]}}],"collection":[{"href":"https:\/\/einschamanenweg.de\/index.php?rest_route=\/wp\/v2\/pages"}],"about":[{"href":"https:\/\/einschamanenweg.de\/index.php?rest_route=\/wp\/v2\/types\/page"}],"author":[{"embeddable":true,"href":"https:\/\/einschamanenweg.de\/index.php?rest_route=\/wp\/v2\/users\/1"}],"replies":[{"embeddable":true,"href":"https:\/\/einschamanenweg.de\/index.php?rest_route=%2Fwp%2Fv2%2Fcomments&post=1043"}],"version-history":[{"count":20,"href":"https:\/\/einschamanenweg.de\/index.php?rest_route=\/wp\/v2\/pages\/1043\/revisions"}],"predecessor-version":[{"id":1634,"href":"https:\/\/einschamanenweg.de\/index.php?rest_route=\/wp\/v2\/pages\/1043\/revisions\/1634"}],"wp:attachment":[{"href":"https:\/\/einschamanenweg.de\/index.php?rest_route=%2Fwp%2Fv2%2Fmedia&parent=1043"}],"curies":[{"name":"wp","href":"https:\/\/api.w.org\/{rel}","templated":true}]}}